{"id":1027,"date":"2020-08-19T15:24:31","date_gmt":"2020-08-19T15:24:31","guid":{"rendered":"http:\/\/gerlachschule-aachen.de\/?page_id=1027"},"modified":"2026-03-23T09:25:33","modified_gmt":"2026-03-23T09:25:33","slug":"kontakte","status":"publish","type":"page","link":"https:\/\/gerlachschule-aachen.de\/index.php\/kontakte\/","title":{"rendered":"Kontakte"},"content":{"rendered":"\n<p>So k\u00f6nnen Sie uns erreichen: <\/p>\n\n\n\n<p class=\"has-text-align-center has-background has-medium-font-size\" style=\"background-color:#d9e9f3\"><strong>Schulleiterin : Susanne Hammer<\/strong><\/p>\n\n\n\n<figure class=\"wp-block-image size-full is-resized\"><img loading=\"lazy\" decoding=\"async\" width=\"768\" height=\"1024\" src=\"https:\/\/gerlachschule-aachen.de\/wp-content\/uploads\/2021\/10\/SH.jpeg\" alt=\"\" class=\"wp-image-1530\" style=\"width:333px;height:auto\" srcset=\"https:\/\/gerlachschule-aachen.de\/wp-content\/uploads\/2021\/10\/SH.jpeg 768w, https:\/\/gerlachschule-aachen.de\/wp-content\/uploads\/2021\/10\/SH-225x300.jpeg 225w\" sizes=\"auto, (max-width: 767px) 89vw, (max-width: 1000px) 54vw, (max-width: 1071px) 543px, 580px\" \/><figcaption class=\"wp-element-caption\"><kbd><sup>Frau Hammer<\/sup><\/kbd><\/figcaption><\/figure>\n\n\n\n<div class=\"wp-block-file\"><a id=\"wp-block-file--media-20b602ea-008d-43f7-b429-59877cc62c25\" href=\"https:\/\/gerlachschule-aachen.de\/wp-content\/uploads\/2025\/10\/image-3.png\">image<\/a><a href=\"https:\/\/gerlachschule-aachen.de\/wp-content\/uploads\/2025\/10\/image-3.png\" class=\"wp-block-file__button wp-element-button\" download aria-describedby=\"wp-block-file--media-20b602ea-008d-43f7-b429-59877cc62c25\">Herunterladen<\/a><\/div>\n\n\n\n<p class=\"has-text-align-center has-pale-pink-background-color has-background has-medium-font-size\"><strong>Konrektorin: Eva H\u00fclsken<\/strong><\/p>\n\n\n\n<figure class=\"wp-block-gallery has-nested-images columns-default is-cropped wp-block-gallery-1 is-layout-flex wp-block-gallery-is-layout-flex\">\n<figure class=\"wp-block-image size-large\"><img loading=\"lazy\" decoding=\"async\" width=\"1024\" height=\"1016\" data-id=\"4062\" src=\"https:\/\/gerlachschule-aachen.de\/wp-content\/uploads\/2024\/10\/Portrait-Eva-1024x1016.jpg\" alt=\"\" class=\"wp-image-4062\" srcset=\"https:\/\/gerlachschule-aachen.de\/wp-content\/uploads\/2024\/10\/Portrait-Eva-1024x1016.jpg 1024w, https:\/\/gerlachschule-aachen.de\/wp-content\/uploads\/2024\/10\/Portrait-Eva-300x298.jpg 300w, https:\/\/gerlachschule-aachen.de\/wp-content\/uploads\/2024\/10\/Portrait-Eva-150x150.jpg 150w, https:\/\/gerlachschule-aachen.de\/wp-content\/uploads\/2024\/10\/Portrait-Eva-768x762.jpg 768w, https:\/\/gerlachschule-aachen.de\/wp-content\/uploads\/2024\/10\/Portrait-Eva-1536x1523.jpg 1536w, https:\/\/gerlachschule-aachen.de\/wp-content\/uploads\/2024\/10\/Portrait-Eva-2048x2031.jpg 2048w, https:\/\/gerlachschule-aachen.de\/wp-content\/uploads\/2024\/10\/Portrait-Eva-100x100.jpg 100w\" sizes=\"auto, (max-width: 767px) 89vw, (max-width: 1000px) 54vw, (max-width: 1071px) 543px, 580px\" \/><\/figure>\n<\/figure>\n\n\n\n<p class=\"has-text-align-center has-medium-font-size\"><strong>Kinderinterview mit Frau H\u00fclsken <\/strong><\/p>\n\n\n\n<div data-wp-interactive=\"core\/file\" class=\"wp-block-file\"><object data-wp-bind--hidden=\"!state.hasPdfPreview\" hidden class=\"wp-block-file__embed\" data=\"https:\/\/gerlachschule-aachen.de\/wp-content\/uploads\/2025\/01\/Interview-Frau-Huelsken.word_.docx.pdf\" type=\"application\/pdf\" style=\"width:100%;height:600px\" aria-label=\"Einbettung von Interview Frau H\u00fclsken.word.docx.\"><\/object><a id=\"wp-block-file--media-f0289923-01bc-42f6-b260-be175497f2a2\" href=\"https:\/\/gerlachschule-aachen.de\/wp-content\/uploads\/2025\/01\/Interview-Frau-Huelsken.word_.docx.pdf\">Interview Frau H\u00fclsken.word.docx<\/a><a href=\"https:\/\/gerlachschule-aachen.de\/wp-content\/uploads\/2025\/01\/Interview-Frau-Huelsken.word_.docx.pdf\" class=\"wp-block-file__button wp-element-button\" download aria-describedby=\"wp-block-file--media-f0289923-01bc-42f6-b260-be175497f2a2\">Herunterladen<\/a><\/div>\n\n\n\n<p class=\"has-text-align-center has-light-green-cyan-background-color has-background has-medium-font-size\"><strong>Sekret\u00e4rin : Annett Janzen<\/strong><\/p>\n\n\n\n<p>Tel.: <a href=\"tel:024149329\">0241-49329<\/a><\/p>\n\n\n\n<p>E-Mail: info@gerlachschule-aachen.de<\/p>\n\n\n\n<p class=\"has-text-align-center has-vivid-purple-background-color has-background has-medium-font-size\"><strong>Schulsozialarbeiterin: Claudia Spangenberg<\/strong><\/p>\n\n\n\n<p>nach Terminvereinbarung Mo &#8211; Do 8.00 &#8211; 13.00 Uhr<\/p>\n\n\n\n<p>Tel.: 0241 &#8211; 5100 1557<\/p>\n\n\n\n<p>E-mail: claudia.spangenberg@mail.aachen.de<\/p>\n\n\n\n<p class=\"has-text-align-center has-pale-cyan-blue-background-color has-background has-medium-font-size\"><strong>sozialp\u00e4dagogische Fachkraft<\/strong> <strong>f\u00fcr die Schuleingangsphase: Sophie Heinrichs<\/strong><\/p>\n\n\n\n<p>nach Terminvereinbarung<\/p>\n\n\n\n<p>E-mail: heinrichs@gerlachschule-aachen.de<\/p>\n\n\n\n<p class=\"has-text-align-center has-luminous-vivid-amber-background-color has-background has-medium-font-size\"><strong>OGS : Lina Franzen<\/strong><\/p>\n\n\n\n<p class=\"has-white-background-color has-background\"><strong>\u00b7<\/strong> \u00c4nderungen der Geh- oder Abholzeiten sowie Entschuldigungen m\u00fcssen Sie uns bitte bis 11:00 Uhr per Email mitteilen.<\/p>\n\n\n\n<p><strong>\u00b7<\/strong> <strong>Bitte entschuldigen Sie Ihr Kind bei Krankheit oder fr\u00fcherer Abholung aus der Schule etc. immer auch in der OGS<\/strong>.<\/p>\n\n\n\n<p><strong>\u00b7 <\/strong>Denken Sie bitte daran, uns bei allen Meldungen immer <strong>Vor- und<\/strong> <strong>Nachname<\/strong> sowie die <strong>Klasse<\/strong> des Kindes zu nennen.<\/p>\n\n\n\n<p>Email <a href=\"mailto:ogs-gerlachschule@web.de\"><strong>ogs@gerlachschule-aachen.de<\/strong><\/a><br>Telefon&nbsp;<a href=\"tel:02414016845\"><strong>0241 4016845<\/strong><\/a><br><br><br>Sprechzeiten im B\u00fcro k\u00f6nnen wir nur nach Vereinbarung anbieten.<\/p>\n\n\n\n<p><\/p>\n\n\n\n<p class=\"has-text-align-center has-black-color has-vivid-cyan-blue-background-color has-text-color has-background has-medium-font-size\"><strong>Hausmeister <\/strong><\/p>\n\n\n\n<p>Vertretungshausmeister<\/p>\n\n\n\n<p>Telefon: 0151 &#8211; 57142075<\/p>\n","protected":false},"excerpt":{"rendered":"<p>So k\u00f6nnen Sie uns erreichen: Schulleiterin : Susanne Hammer Konrektorin: Eva H\u00fclsken Kinderinterview mit Frau H\u00fclsken Sekret\u00e4rin : Annett Janzen Tel.: 0241-49329 E-Mail: info@gerlachschule-aachen.de Schulsozialarbeiterin: Claudia Spangenberg nach Terminvereinbarung Mo &#8211; Do 8.00 &#8211; 13.00 Uhr Tel.: 0241 &#8211; 5100 1557 E-mail: claudia.spangenberg@mail.aachen.de sozialp\u00e4dagogische Fachkraft f\u00fcr die Schuleingangsphase: Sophie Heinrichs nach Terminvereinbarung E-mail: heinrichs@gerlachschule-aachen.de OGS &hellip; <\/p>\n<p class=\"link-more\"><a href=\"https:\/\/gerlachschule-aachen.de\/index.php\/kontakte\/\" class=\"more-link\"><span class=\"screen-reader-text\">\u201eKontakte\u201c <\/span>weiterlesen<\/a><\/p>\n","protected":false},"author":2,"featured_media":0,"parent":0,"menu_order":0,"comment_status":"closed","ping_status":"closed","template":"","meta":{"footnotes":""},"class_list":["post-1027","page","type-page","status-publish","hentry"],"_links":{"self":[{"href":"https:\/\/gerlachschule-aachen.de\/index.php\/wp-json\/wp\/v2\/pages\/1027","targetHints":{"allow":["GET"]}}],"collection":[{"href":"https:\/\/gerlachschule-aachen.de\/index.php\/wp-json\/wp\/v2\/pages"}],"about":[{"href":"https:\/\/gerlachschule-aachen.de\/index.php\/wp-json\/wp\/v2\/types\/page"}],"author":[{"embeddable":true,"href":"https:\/\/gerlachschule-aachen.de\/index.php\/wp-json\/wp\/v2\/users\/2"}],"replies":[{"embeddable":true,"href":"https:\/\/gerlachschule-aachen.de\/index.php\/wp-json\/wp\/v2\/comments?post=1027"}],"version-history":[{"count":53,"href":"https:\/\/gerlachschule-aachen.de\/index.php\/wp-json\/wp\/v2\/pages\/1027\/revisions"}],"predecessor-version":[{"id":5541,"href":"https:\/\/gerlachschule-aachen.de\/index.php\/wp-json\/wp\/v2\/pages\/1027\/revisions\/5541"}],"wp:attachment":[{"href":"https:\/\/gerlachschule-aachen.de\/index.php\/wp-json\/wp\/v2\/media?parent=1027"}],"curies":[{"name":"wp","href":"https:\/\/api.w.org\/{rel}","templated":true}]}}