{"id":105,"date":"2019-10-21T15:19:03","date_gmt":"2019-10-21T15:19:03","guid":{"rendered":"http:\/\/dev.gerlachschule-aachen.de\/?page_id=105"},"modified":"2026-03-13T10:19:25","modified_gmt":"2026-03-13T10:19:25","slug":"schulsozialarbeit","status":"publish","type":"page","link":"https:\/\/gerlachschule-aachen.de\/index.php\/schulsozialarbeit\/","title":{"rendered":"Schulsozialarbeit"},"content":{"rendered":"\n<p class=\"has-text-align-center has-pale-cyan-blue-background-color has-background has-medium-font-size\"><strong>Aktuelles<\/strong><\/p>\n\n\n\n<figure class=\"wp-block-image size-large\"><img loading=\"lazy\" decoding=\"async\" width=\"675\" height=\"1024\" src=\"https:\/\/gerlachschule-aachen.de\/wp-content\/uploads\/2026\/01\/image-675x1024.png\" alt=\"\" class=\"wp-image-5422\" srcset=\"https:\/\/gerlachschule-aachen.de\/wp-content\/uploads\/2026\/01\/image-675x1024.png 675w, https:\/\/gerlachschule-aachen.de\/wp-content\/uploads\/2026\/01\/image-198x300.png 198w, https:\/\/gerlachschule-aachen.de\/wp-content\/uploads\/2026\/01\/image.png 734w\" sizes=\"auto, (max-width: 675px) 100vw, 675px\" \/><\/figure>\n\n\n\n<figure class=\"wp-block-image size-full\"><img loading=\"lazy\" decoding=\"async\" width=\"698\" height=\"667\" src=\"https:\/\/gerlachschule-aachen.de\/wp-content\/uploads\/2025\/08\/image-5.png\" alt=\"\" class=\"wp-image-5092\" srcset=\"https:\/\/gerlachschule-aachen.de\/wp-content\/uploads\/2025\/08\/image-5.png 698w, https:\/\/gerlachschule-aachen.de\/wp-content\/uploads\/2025\/08\/image-5-300x287.png 300w\" sizes=\"auto, (max-width: 698px) 100vw, 698px\" \/><\/figure>\n\n\n\n<figure class=\"wp-block-image size-full\"><img loading=\"lazy\" decoding=\"async\" width=\"711\" height=\"573\" src=\"https:\/\/gerlachschule-aachen.de\/wp-content\/uploads\/2025\/08\/image-8.png\" alt=\"\" class=\"wp-image-5099\" srcset=\"https:\/\/gerlachschule-aachen.de\/wp-content\/uploads\/2025\/08\/image-8.png 711w, https:\/\/gerlachschule-aachen.de\/wp-content\/uploads\/2025\/08\/image-8-300x242.png 300w\" sizes=\"auto, (max-width: 711px) 100vw, 711px\" \/><\/figure>\n\n\n\n<p class=\"has-text-align-center has-pale-cyan-blue-background-color has-background has-medium-font-size\"><strong>wichtige Telefonnummern<\/strong> <strong>+ Ferienspiele<\/strong><\/p>\n\n\n\n<figure class=\"wp-block-image size-large is-resized\"><img loading=\"lazy\" decoding=\"async\" width=\"635\" height=\"1024\" src=\"https:\/\/gerlachschule-aachen.de\/wp-content\/uploads\/2025\/05\/image-6-635x1024.png\" alt=\"\" class=\"wp-image-4839\" style=\"aspect-ratio:0.6201225062873189;width:628px;height:auto\" srcset=\"https:\/\/gerlachschule-aachen.de\/wp-content\/uploads\/2025\/05\/image-6-635x1024.png 635w, https:\/\/gerlachschule-aachen.de\/wp-content\/uploads\/2025\/05\/image-6-186x300.png 186w, https:\/\/gerlachschule-aachen.de\/wp-content\/uploads\/2025\/05\/image-6.png 729w\" sizes=\"auto, (max-width: 635px) 100vw, 635px\" \/><\/figure>\n\n\n\n<figure class=\"wp-block-image size-full\"><img loading=\"lazy\" decoding=\"async\" width=\"748\" height=\"410\" src=\"https:\/\/gerlachschule-aachen.de\/wp-content\/uploads\/2026\/03\/image-2.png\" alt=\"\" class=\"wp-image-5517\" srcset=\"https:\/\/gerlachschule-aachen.de\/wp-content\/uploads\/2026\/03\/image-2.png 748w, https:\/\/gerlachschule-aachen.de\/wp-content\/uploads\/2026\/03\/image-2-300x164.png 300w\" sizes=\"auto, (max-width: 706px) 89vw, (max-width: 767px) 82vw, 740px\" \/><\/figure>\n\n\n\n<p class=\"has-text-align-center has-vivid-red-background-color has-background has-medium-font-size\"><strong>Unser Sch\u00fclerparlament<\/strong><\/p>\n\n\n\n<p><strong>Wenn Kinder B\u00fcrgermeister oder B\u00fcrgermeisterin von Aachen w\u00e4ren, dann &#8230; <\/strong><\/p>\n\n\n\n<figure class=\"wp-block-embed is-type-video is-provider-youtube wp-block-embed-youtube wp-embed-aspect-16-9 wp-has-aspect-ratio\"><div class=\"wp-block-embed__wrapper\">\n<iframe loading=\"lazy\" title=\"Beitrag Kinderparlament Gerlachschule\" width=\"525\" height=\"295\" src=\"https:\/\/www.youtube.com\/embed\/FoToK0wUpSI?feature=oembed\" frameborder=\"0\" allow=\"accelerometer; autoplay; clipboard-write; encrypted-media; gyroscope; picture-in-picture; web-share\" referrerpolicy=\"strict-origin-when-cross-origin\" allowfullscreen><\/iframe>\n<\/div><\/figure>\n\n\n\n<p>&#8230; w\u00fcrden sie sinnvolle Ideen f\u00fcr alle Aachener Kinder umsetzen! <\/p>\n","protected":false},"excerpt":{"rendered":"<p>Aktuelles wichtige Telefonnummern + Ferienspiele Unser Sch\u00fclerparlament Wenn Kinder B\u00fcrgermeister oder B\u00fcrgermeisterin von Aachen w\u00e4ren, dann &#8230; &#8230; w\u00fcrden sie sinnvolle Ideen f\u00fcr alle Aachener Kinder umsetzen!<\/p>\n","protected":false},"author":1,"featured_media":0,"parent":0,"menu_order":0,"comment_status":"closed","ping_status":"closed","template":"","meta":{"footnotes":""},"class_list":["post-105","page","type-page","status-publish","hentry"],"_links":{"self":[{"href":"https:\/\/gerlachschule-aachen.de\/index.php\/wp-json\/wp\/v2\/pages\/105","targetHints":{"allow":["GET"]}}],"collection":[{"href":"https:\/\/gerlachschule-aachen.de\/index.php\/wp-json\/wp\/v2\/pages"}],"about":[{"href":"https:\/\/gerlachschule-aachen.de\/index.php\/wp-json\/wp\/v2\/types\/page"}],"author":[{"embeddable":true,"href":"https:\/\/gerlachschule-aachen.de\/index.php\/wp-json\/wp\/v2\/users\/1"}],"replies":[{"embeddable":true,"href":"https:\/\/gerlachschule-aachen.de\/index.php\/wp-json\/wp\/v2\/comments?post=105"}],"version-history":[{"count":45,"href":"https:\/\/gerlachschule-aachen.de\/index.php\/wp-json\/wp\/v2\/pages\/105\/revisions"}],"predecessor-version":[{"id":5518,"href":"https:\/\/gerlachschule-aachen.de\/index.php\/wp-json\/wp\/v2\/pages\/105\/revisions\/5518"}],"wp:attachment":[{"href":"https:\/\/gerlachschule-aachen.de\/index.php\/wp-json\/wp\/v2\/media?parent=105"}],"curies":[{"name":"wp","href":"https:\/\/api.w.org\/{rel}","templated":true}]}}