{"id":107,"date":"2019-10-21T15:48:51","date_gmt":"2019-10-21T15:48:51","guid":{"rendered":"http:\/\/dev.gerlachschule-aachen.de\/?page_id=107"},"modified":"2020-04-28T06:22:09","modified_gmt":"2020-04-28T06:22:09","slug":"unser-schulgebaeude","status":"publish","type":"page","link":"https:\/\/gerlachschule-aachen.de\/index.php\/unser-schulgebaeude\/","title":{"rendered":"Besondere R\u00e4ume"},"content":{"rendered":"\n<p>In unserer Schule haben wir viel Platz zum Leben und Lernen. Neben den hellen und freundlichen Klassenzimmern stehen den Sch\u00fclerinnen und Sch\u00fclern verschiedene R\u00e4ume zur Verf\u00fcgung:<\/p>\n\n\n\n<p><strong>Kunstraum<\/strong><br>Hier haben wir viel Platz zum Malen,  Basteln oder T\u00f6pfern. Wir haben sogar einen eigenen Brennofen. <br>Die Einr\u00e4der f\u00fcr die bewegte Pause werden hier auch abgestellt.<\/p>\n\n\n\n<div class=\"wp-block-group\"><div class=\"wp-block-group__inner-container is-layout-flow wp-block-group-is-layout-flow\">\n<figure class=\"wp-block-image size-large is-resized\"><img loading=\"lazy\" decoding=\"async\" src=\"http:\/\/dev.gerlachschule-aachen.de\/wp-content\/uploads\/2019\/10\/Einr\u00e4der-1024x768.jpg\" alt=\"\" class=\"wp-image-172\" width=\"247\" height=\"184\" srcset=\"https:\/\/gerlachschule-aachen.de\/wp-content\/uploads\/2019\/10\/Einr\u00e4der-1024x768.jpg 1024w, https:\/\/gerlachschule-aachen.de\/wp-content\/uploads\/2019\/10\/Einr\u00e4der-300x225.jpg 300w, https:\/\/gerlachschule-aachen.de\/wp-content\/uploads\/2019\/10\/Einr\u00e4der-768x576.jpg 768w\" sizes=\"auto, (max-width: 247px) 100vw, 247px\" \/><\/figure>\n<\/div><\/div>\n\n\n\n<p><strong>Musik- und F\u00f6rderraum <\/strong>                                                                                                                                 Trommeln, Glockenspiele und Rhythmusinstrumente \u2026                                                                          So macht der Musikunterricht Spa\u00df!                                                                                                                                                                              Seit Ende 2019 ist hier auch unser B<em>\u00fccherpavillon<\/em> untergebracht. Dies ist eine von engagierten Eltern betriebene B\u00fccherausleihe, die immer freitags morgens ge\u00f6ffnet ist.<\/p>\n\n\n\n<div class=\"wp-block-group\"><div class=\"wp-block-group__inner-container is-layout-flow wp-block-group-is-layout-flow\">\n<div class=\"wp-block-group\"><div class=\"wp-block-group__inner-container is-layout-flow wp-block-group-is-layout-flow\">\n<figure class=\"wp-block-gallery columns-2 is-cropped wp-block-gallery-1 is-layout-flex wp-block-gallery-is-layout-flex\"><ul class=\"blocks-gallery-grid\"><li class=\"blocks-gallery-item\"><figure><img loading=\"lazy\" decoding=\"async\" width=\"1024\" height=\"768\" src=\"http:\/\/dev.gerlachschule-aachen.de\/wp-content\/uploads\/2019\/12\/20191204_105949-1024x768.jpg\" alt=\"\" data-id=\"532\" data-full-url=\"http:\/\/dev.gerlachschule-aachen.de\/wp-content\/uploads\/2019\/12\/20191204_105949-scaled.jpg\" data-link=\"http:\/\/dev.gerlachschule-aachen.de\/20191204_105949\/\" class=\"wp-image-532\" srcset=\"https:\/\/gerlachschule-aachen.de\/wp-content\/uploads\/2019\/12\/20191204_105949-1024x768.jpg 1024w, https:\/\/gerlachschule-aachen.de\/wp-content\/uploads\/2019\/12\/20191204_105949-300x225.jpg 300w, https:\/\/gerlachschule-aachen.de\/wp-content\/uploads\/2019\/12\/20191204_105949-768x576.jpg 768w, https:\/\/gerlachschule-aachen.de\/wp-content\/uploads\/2019\/12\/20191204_105949-1536x1152.jpg 1536w, https:\/\/gerlachschule-aachen.de\/wp-content\/uploads\/2019\/12\/20191204_105949-2048x1536.jpg 2048w\" sizes=\"auto, (max-width: 767px) 89vw, (max-width: 1000px) 54vw, (max-width: 1071px) 543px, 580px\" \/><\/figure><\/li><li class=\"blocks-gallery-item\"><figure><img loading=\"lazy\" decoding=\"async\" width=\"1024\" height=\"768\" src=\"http:\/\/dev.gerlachschule-aachen.de\/wp-content\/uploads\/2019\/12\/20191204_110011-1024x768.jpg\" alt=\"\" data-id=\"534\" data-full-url=\"http:\/\/dev.gerlachschule-aachen.de\/wp-content\/uploads\/2019\/12\/20191204_110011-scaled.jpg\" data-link=\"http:\/\/dev.gerlachschule-aachen.de\/20191204_110011\/\" class=\"wp-image-534\" srcset=\"https:\/\/gerlachschule-aachen.de\/wp-content\/uploads\/2019\/12\/20191204_110011-1024x768.jpg 1024w, https:\/\/gerlachschule-aachen.de\/wp-content\/uploads\/2019\/12\/20191204_110011-300x225.jpg 300w, https:\/\/gerlachschule-aachen.de\/wp-content\/uploads\/2019\/12\/20191204_110011-768x576.jpg 768w, https:\/\/gerlachschule-aachen.de\/wp-content\/uploads\/2019\/12\/20191204_110011-1536x1152.jpg 1536w, https:\/\/gerlachschule-aachen.de\/wp-content\/uploads\/2019\/12\/20191204_110011-2048x1536.jpg 2048w\" sizes=\"auto, (max-width: 767px) 89vw, (max-width: 1000px) 54vw, (max-width: 1071px) 543px, 580px\" \/><\/figure><\/li><\/ul><\/figure>\n<\/div><\/div>\n<\/div><\/div>\n\n\n\n<p class=\"has-text-align-left\"><strong>Medienraum<\/strong>                                                                                                                                                                       Die Computer stehen den Kindern im Medienraum zur Verf\u00fcgung. Immer zwei Kinder k\u00f6nnen an einem PC arbeiten. Au\u00dferdem kann man den Raum wunderbar verdunkeln. So sehen alle Kinder auf der gro\u00dfen Projektionsfl\u00e4che gleich gut die gezeigten Filme oder Bluerays.   <\/p>\n\n\n\n<p><strong>Schulk\u00fcche<\/strong>                                                                                                                                                                                              Seit Beginn dieses Schuljahres haben wir eine neue K\u00fcche. Hier trifft sich die Apfel-Nuss &amp; Co-AG. Auch die Klassen k\u00f6nnen hier leckere K\u00f6stlichkeiten backen und kochen. Die Schulk\u00fcche befindet sich im Pavillon auf dem oberen Schulhof.<\/p>\n\n\n\n<div class=\"wp-block-group\"><div class=\"wp-block-group__inner-container is-layout-flow wp-block-group-is-layout-flow\">\n<figure class=\"wp-block-gallery columns-2 is-cropped wp-block-gallery-2 is-layout-flex wp-block-gallery-is-layout-flex\"><ul class=\"blocks-gallery-grid\"><li class=\"blocks-gallery-item\"><figure><img loading=\"lazy\" decoding=\"async\" width=\"1024\" height=\"768\" src=\"http:\/\/dev.gerlachschule-aachen.de\/wp-content\/uploads\/2019\/12\/20191204_105626-1024x768.jpg\" alt=\"\" data-id=\"526\" data-full-url=\"http:\/\/dev.gerlachschule-aachen.de\/wp-content\/uploads\/2019\/12\/20191204_105626-scaled.jpg\" data-link=\"http:\/\/dev.gerlachschule-aachen.de\/20191204_105626\/\" class=\"wp-image-526\" srcset=\"https:\/\/gerlachschule-aachen.de\/wp-content\/uploads\/2019\/12\/20191204_105626-1024x768.jpg 1024w, https:\/\/gerlachschule-aachen.de\/wp-content\/uploads\/2019\/12\/20191204_105626-300x225.jpg 300w, https:\/\/gerlachschule-aachen.de\/wp-content\/uploads\/2019\/12\/20191204_105626-768x576.jpg 768w, https:\/\/gerlachschule-aachen.de\/wp-content\/uploads\/2019\/12\/20191204_105626-1536x1152.jpg 1536w, https:\/\/gerlachschule-aachen.de\/wp-content\/uploads\/2019\/12\/20191204_105626-2048x1536.jpg 2048w\" sizes=\"auto, (max-width: 767px) 89vw, (max-width: 1000px) 54vw, (max-width: 1071px) 543px, 580px\" \/><\/figure><\/li><li class=\"blocks-gallery-item\"><figure><img loading=\"lazy\" decoding=\"async\" width=\"1024\" height=\"768\" src=\"http:\/\/dev.gerlachschule-aachen.de\/wp-content\/uploads\/2019\/12\/20191204_105608-1024x768.jpg\" alt=\"\" data-id=\"525\" data-full-url=\"http:\/\/dev.gerlachschule-aachen.de\/wp-content\/uploads\/2019\/12\/20191204_105608-scaled.jpg\" data-link=\"http:\/\/dev.gerlachschule-aachen.de\/20191204_105608\/\" class=\"wp-image-525\" srcset=\"https:\/\/gerlachschule-aachen.de\/wp-content\/uploads\/2019\/12\/20191204_105608-1024x768.jpg 1024w, https:\/\/gerlachschule-aachen.de\/wp-content\/uploads\/2019\/12\/20191204_105608-300x225.jpg 300w, https:\/\/gerlachschule-aachen.de\/wp-content\/uploads\/2019\/12\/20191204_105608-768x576.jpg 768w, https:\/\/gerlachschule-aachen.de\/wp-content\/uploads\/2019\/12\/20191204_105608-1536x1152.jpg 1536w, https:\/\/gerlachschule-aachen.de\/wp-content\/uploads\/2019\/12\/20191204_105608-2048x1536.jpg 2048w\" sizes=\"auto, (max-width: 767px) 89vw, (max-width: 1000px) 54vw, (max-width: 1071px) 543px, 580px\" \/><\/figure><\/li><\/ul><\/figure>\n<\/div><\/div>\n\n\n\n<p><strong>OGS-R\u00e4ume<\/strong><br>Wir freuen uns sehr, dass unsere OGS \u00fcber vier eigene Gruppenr\u00e4ume verf\u00fcgt. So gehen die Kinder nur zu den Lernzeiten nachmittags in ihre Klassenr\u00e4ume zur\u00fcck.<\/p>\n\n\n\n<figure class=\"wp-block-gallery columns-3 is-cropped wp-block-gallery-3 is-layout-flex wp-block-gallery-is-layout-flex\"><ul class=\"blocks-gallery-grid\"><li class=\"blocks-gallery-item\"><figure><img loading=\"lazy\" decoding=\"async\" width=\"768\" height=\"1024\" src=\"https:\/\/gerlachschule-aachen.de\/wp-content\/uploads\/2019\/12\/20191204_104944-768x1024.jpg\" alt=\"\" data-id=\"517\" data-full-url=\"https:\/\/gerlachschule-aachen.de\/wp-content\/uploads\/2019\/12\/20191204_104944-scaled.jpg\" data-link=\"https:\/\/gerlachschule-aachen.de\/20191204_104944\/\" class=\"wp-image-517\" srcset=\"https:\/\/gerlachschule-aachen.de\/wp-content\/uploads\/2019\/12\/20191204_104944-768x1024.jpg 768w, https:\/\/gerlachschule-aachen.de\/wp-content\/uploads\/2019\/12\/20191204_104944-225x300.jpg 225w, https:\/\/gerlachschule-aachen.de\/wp-content\/uploads\/2019\/12\/20191204_104944-1152x1536.jpg 1152w, https:\/\/gerlachschule-aachen.de\/wp-content\/uploads\/2019\/12\/20191204_104944-1536x2048.jpg 1536w, https:\/\/gerlachschule-aachen.de\/wp-content\/uploads\/2019\/12\/20191204_104944-scaled.jpg 1920w\" sizes=\"auto, (max-width: 767px) 89vw, (max-width: 1000px) 54vw, (max-width: 1071px) 543px, 580px\" \/><figcaption class=\"blocks-gallery-item__caption\">Lesesofa<\/figcaption><\/figure><\/li><li class=\"blocks-gallery-item\"><figure><img loading=\"lazy\" decoding=\"async\" width=\"1024\" height=\"768\" src=\"https:\/\/gerlachschule-aachen.de\/wp-content\/uploads\/2019\/12\/20191204_104931-1024x768.jpg\" alt=\"\" data-id=\"516\" data-full-url=\"https:\/\/gerlachschule-aachen.de\/wp-content\/uploads\/2019\/12\/20191204_104931-scaled.jpg\" data-link=\"https:\/\/gerlachschule-aachen.de\/20191204_104931\/\" class=\"wp-image-516\" srcset=\"https:\/\/gerlachschule-aachen.de\/wp-content\/uploads\/2019\/12\/20191204_104931-1024x768.jpg 1024w, https:\/\/gerlachschule-aachen.de\/wp-content\/uploads\/2019\/12\/20191204_104931-300x225.jpg 300w, https:\/\/gerlachschule-aachen.de\/wp-content\/uploads\/2019\/12\/20191204_104931-768x576.jpg 768w, https:\/\/gerlachschule-aachen.de\/wp-content\/uploads\/2019\/12\/20191204_104931-1536x1152.jpg 1536w, https:\/\/gerlachschule-aachen.de\/wp-content\/uploads\/2019\/12\/20191204_104931-2048x1536.jpg 2048w\" sizes=\"auto, (max-width: 767px) 89vw, (max-width: 1000px) 54vw, (max-width: 1071px) 543px, 580px\" \/><figcaption class=\"blocks-gallery-item__caption\">Spieleregal<\/figcaption><\/figure><\/li><li class=\"blocks-gallery-item\"><figure><img loading=\"lazy\" decoding=\"async\" width=\"1024\" height=\"768\" src=\"https:\/\/gerlachschule-aachen.de\/wp-content\/uploads\/2019\/12\/20191204_104844-1024x768.jpg\" alt=\"\" data-id=\"514\" data-full-url=\"https:\/\/gerlachschule-aachen.de\/wp-content\/uploads\/2019\/12\/20191204_104844-scaled.jpg\" data-link=\"https:\/\/gerlachschule-aachen.de\/20191204_104844\/\" class=\"wp-image-514\" srcset=\"https:\/\/gerlachschule-aachen.de\/wp-content\/uploads\/2019\/12\/20191204_104844-1024x768.jpg 1024w, https:\/\/gerlachschule-aachen.de\/wp-content\/uploads\/2019\/12\/20191204_104844-300x225.jpg 300w, https:\/\/gerlachschule-aachen.de\/wp-content\/uploads\/2019\/12\/20191204_104844-768x576.jpg 768w, https:\/\/gerlachschule-aachen.de\/wp-content\/uploads\/2019\/12\/20191204_104844-1536x1152.jpg 1536w, https:\/\/gerlachschule-aachen.de\/wp-content\/uploads\/2019\/12\/20191204_104844-2048x1536.jpg 2048w\" sizes=\"auto, (max-width: 767px) 89vw, (max-width: 1000px) 54vw, (max-width: 1071px) 543px, 580px\" \/><figcaption class=\"blocks-gallery-item__caption\">K\u00fcchenecke<\/figcaption><\/figure><\/li><li class=\"blocks-gallery-item\"><figure><img loading=\"lazy\" decoding=\"async\" width=\"768\" height=\"1024\" src=\"https:\/\/gerlachschule-aachen.de\/wp-content\/uploads\/2019\/12\/20191204_104804-768x1024.jpg\" alt=\"\" data-id=\"512\" data-full-url=\"https:\/\/gerlachschule-aachen.de\/wp-content\/uploads\/2019\/12\/20191204_104804-scaled.jpg\" data-link=\"https:\/\/gerlachschule-aachen.de\/20191204_104804\/\" class=\"wp-image-512\" srcset=\"https:\/\/gerlachschule-aachen.de\/wp-content\/uploads\/2019\/12\/20191204_104804-768x1024.jpg 768w, https:\/\/gerlachschule-aachen.de\/wp-content\/uploads\/2019\/12\/20191204_104804-225x300.jpg 225w, https:\/\/gerlachschule-aachen.de\/wp-content\/uploads\/2019\/12\/20191204_104804-1152x1536.jpg 1152w, https:\/\/gerlachschule-aachen.de\/wp-content\/uploads\/2019\/12\/20191204_104804-1536x2048.jpg 1536w, https:\/\/gerlachschule-aachen.de\/wp-content\/uploads\/2019\/12\/20191204_104804-scaled.jpg 1920w\" sizes=\"auto, (max-width: 767px) 89vw, (max-width: 1000px) 54vw, (max-width: 1071px) 543px, 580px\" \/><figcaption class=\"blocks-gallery-item__caption\">Spielburg<\/figcaption><\/figure><\/li><li class=\"blocks-gallery-item\"><figure><img loading=\"lazy\" decoding=\"async\" width=\"768\" height=\"1024\" src=\"https:\/\/gerlachschule-aachen.de\/wp-content\/uploads\/2019\/12\/20191204_104751-768x1024.jpg\" alt=\"\" data-id=\"511\" data-full-url=\"https:\/\/gerlachschule-aachen.de\/wp-content\/uploads\/2019\/12\/20191204_104751-scaled.jpg\" data-link=\"https:\/\/gerlachschule-aachen.de\/20191204_104751\/\" class=\"wp-image-511\" srcset=\"https:\/\/gerlachschule-aachen.de\/wp-content\/uploads\/2019\/12\/20191204_104751-768x1024.jpg 768w, https:\/\/gerlachschule-aachen.de\/wp-content\/uploads\/2019\/12\/20191204_104751-225x300.jpg 225w, https:\/\/gerlachschule-aachen.de\/wp-content\/uploads\/2019\/12\/20191204_104751-1152x1536.jpg 1152w, https:\/\/gerlachschule-aachen.de\/wp-content\/uploads\/2019\/12\/20191204_104751-1536x2048.jpg 1536w, https:\/\/gerlachschule-aachen.de\/wp-content\/uploads\/2019\/12\/20191204_104751-scaled.jpg 1920w\" sizes=\"auto, (max-width: 767px) 89vw, (max-width: 1000px) 54vw, (max-width: 1071px) 543px, 580px\" \/><figcaption class=\"blocks-gallery-item__caption\">Spielecke<\/figcaption><\/figure><\/li><li class=\"blocks-gallery-item\"><figure><img loading=\"lazy\" decoding=\"async\" width=\"1024\" height=\"768\" src=\"https:\/\/gerlachschule-aachen.de\/wp-content\/uploads\/2019\/12\/20191204_104741-1024x768.jpg\" alt=\"\" data-id=\"510\" data-full-url=\"https:\/\/gerlachschule-aachen.de\/wp-content\/uploads\/2019\/12\/20191204_104741-scaled.jpg\" data-link=\"https:\/\/gerlachschule-aachen.de\/20191204_104741\/\" class=\"wp-image-510\" srcset=\"https:\/\/gerlachschule-aachen.de\/wp-content\/uploads\/2019\/12\/20191204_104741-1024x768.jpg 1024w, https:\/\/gerlachschule-aachen.de\/wp-content\/uploads\/2019\/12\/20191204_104741-300x225.jpg 300w, https:\/\/gerlachschule-aachen.de\/wp-content\/uploads\/2019\/12\/20191204_104741-768x576.jpg 768w, https:\/\/gerlachschule-aachen.de\/wp-content\/uploads\/2019\/12\/20191204_104741-1536x1152.jpg 1536w, https:\/\/gerlachschule-aachen.de\/wp-content\/uploads\/2019\/12\/20191204_104741-2048x1536.jpg 2048w\" sizes=\"auto, (max-width: 767px) 89vw, (max-width: 1000px) 54vw, (max-width: 1071px) 543px, 580px\" \/><figcaption class=\"blocks-gallery-item__caption\">Bastelecke<\/figcaption><\/figure><\/li><\/ul><\/figure>\n","protected":false},"excerpt":{"rendered":"<p>In unserer Schule haben wir viel Platz zum Leben und Lernen. Neben den hellen und freundlichen Klassenzimmern stehen den Sch\u00fclerinnen und Sch\u00fclern verschiedene R\u00e4ume zur Verf\u00fcgung: KunstraumHier haben wir viel Platz zum Malen, Basteln oder T\u00f6pfern. Wir haben sogar einen eigenen Brennofen. Die Einr\u00e4der f\u00fcr die bewegte Pause werden hier auch abgestellt. Musik- und F\u00f6rderraum &hellip; <\/p>\n<p class=\"link-more\"><a href=\"https:\/\/gerlachschule-aachen.de\/index.php\/unser-schulgebaeude\/\" class=\"more-link\"><span class=\"screen-reader-text\">\u201eBesondere R\u00e4ume\u201c <\/span>weiterlesen<\/a><\/p>\n","protected":false},"author":1,"featured_media":0,"parent":0,"menu_order":0,"comment_status":"closed","ping_status":"closed","template":"","meta":{"footnotes":""},"class_list":["post-107","page","type-page","status-publish","hentry"],"_links":{"self":[{"href":"https:\/\/gerlachschule-aachen.de\/index.php\/wp-json\/wp\/v2\/pages\/107","targetHints":{"allow":["GET"]}}],"collection":[{"href":"https:\/\/gerlachschule-aachen.de\/index.php\/wp-json\/wp\/v2\/pages"}],"about":[{"href":"https:\/\/gerlachschule-aachen.de\/index.php\/wp-json\/wp\/v2\/types\/page"}],"author":[{"embeddable":true,"href":"https:\/\/gerlachschule-aachen.de\/index.php\/wp-json\/wp\/v2\/users\/1"}],"replies":[{"embeddable":true,"href":"https:\/\/gerlachschule-aachen.de\/index.php\/wp-json\/wp\/v2\/comments?post=107"}],"version-history":[{"count":14,"href":"https:\/\/gerlachschule-aachen.de\/index.php\/wp-json\/wp\/v2\/pages\/107\/revisions"}],"predecessor-version":[{"id":851,"href":"https:\/\/gerlachschule-aachen.de\/index.php\/wp-json\/wp\/v2\/pages\/107\/revisions\/851"}],"wp:attachment":[{"href":"https:\/\/gerlachschule-aachen.de\/index.php\/wp-json\/wp\/v2\/media?parent=107"}],"curies":[{"name":"wp","href":"https:\/\/api.w.org\/{rel}","templated":true}]}}