{"id":132,"date":"2019-10-23T12:35:54","date_gmt":"2019-10-23T12:35:54","guid":{"rendered":"http:\/\/dev.gerlachschule-aachen.de\/?page_id=132"},"modified":"2025-09-09T10:25:52","modified_gmt":"2025-09-09T10:25:52","slug":"klasse-3b","status":"publish","type":"page","link":"https:\/\/gerlachschule-aachen.de\/index.php\/klasse-3b\/","title":{"rendered":"Klasse 3b"},"content":{"rendered":"\n<figure class=\"wp-block-image size-large\"><img loading=\"lazy\" decoding=\"async\" width=\"768\" height=\"1024\" src=\"https:\/\/gerlachschule-aachen.de\/wp-content\/uploads\/2024\/08\/IMG_4490-768x1024.jpg\" alt=\"\" class=\"wp-image-3928\" srcset=\"https:\/\/gerlachschule-aachen.de\/wp-content\/uploads\/2024\/08\/IMG_4490-768x1024.jpg 768w, https:\/\/gerlachschule-aachen.de\/wp-content\/uploads\/2024\/08\/IMG_4490-225x300.jpg 225w, https:\/\/gerlachschule-aachen.de\/wp-content\/uploads\/2024\/08\/IMG_4490-1152x1536.jpg 1152w, https:\/\/gerlachschule-aachen.de\/wp-content\/uploads\/2024\/08\/IMG_4490-1536x2048.jpg 1536w, https:\/\/gerlachschule-aachen.de\/wp-content\/uploads\/2024\/08\/IMG_4490-scaled.jpg 1920w\" sizes=\"auto, (max-width: 767px) 89vw, (max-width: 1000px) 54vw, (max-width: 1071px) 543px, 580px\" \/><\/figure>\n\n\n\n<p>Wir Kinder der Klasse 3b freuen uns sehr, nun endlich Paten f\u00fcr Kinder aus der Klasse 1b zu sein.<\/p>\n\n\n\n<p>In unserer Klasse sind wir 23 Kinder, 14 M\u00e4dchen und 9 Jungen. Unsere Lehrerin hei\u00dft Fr. Schmitz. Unsere Klassentiere Fuchsi und Tinto lieben wir sehr. Sie helfen uns beim Lernen und spielen mit uns. Ein M\u00e4dchen aus unserer Klasse hat in den Ferien sogar neue Anziehsachen f\u00fcr Fuchsi gen\u00e4ht. Oft d\u00fcrfen wir Fuchsi und Tinto mit nach Hause nehmen.<\/p>\n\n\n\n<p>In diesem Schuljahr lernen wir Englisch. Besonders gerne haben wir Kunstunterricht. Am Ende des letzten Schuljahres hat jeder von uns seinen Namen mit Buchstaben des K\u00fcnstlers Otmar Alt geschrieben. Au\u00dferdem lieben wir es im Kunstunterricht zu zeichnen. Wir freuen uns auf unsere Ausfl\u00fcge zum Tanzstudio in W\u00fcrselen und zum Grenzlandtheater. Au\u00dferdem k\u00f6nnen wir jetzt alle Noten auf der Fl\u00f6te spielen und lernen nun auch endlich schwierigere Lieder. Wir sind sehr neugierig und freuen uns immer etwas Neues zu lernen. Es ist toll, zu merken wie wir jede Woche etwas Neues k\u00f6nnen.<\/p>\n\n\n\n<p><\/p>\n","protected":false},"excerpt":{"rendered":"<p>Wir Kinder der Klasse 3b freuen uns sehr, nun endlich Paten f\u00fcr Kinder aus der Klasse 1b zu sein. In unserer Klasse sind wir 23 Kinder, 14 M\u00e4dchen und 9 Jungen. Unsere Lehrerin hei\u00dft Fr. Schmitz. Unsere Klassentiere Fuchsi und Tinto lieben wir sehr. Sie helfen uns beim Lernen und spielen mit uns. Ein M\u00e4dchen &hellip; <\/p>\n<p class=\"link-more\"><a href=\"https:\/\/gerlachschule-aachen.de\/index.php\/klasse-3b\/\" class=\"more-link\"><span class=\"screen-reader-text\">\u201eKlasse 3b\u201c <\/span>weiterlesen<\/a><\/p>\n","protected":false},"author":1,"featured_media":0,"parent":0,"menu_order":0,"comment_status":"closed","ping_status":"closed","template":"","meta":{"footnotes":""},"class_list":["post-132","page","type-page","status-publish","hentry"],"_links":{"self":[{"href":"https:\/\/gerlachschule-aachen.de\/index.php\/wp-json\/wp\/v2\/pages\/132","targetHints":{"allow":["GET"]}}],"collection":[{"href":"https:\/\/gerlachschule-aachen.de\/index.php\/wp-json\/wp\/v2\/pages"}],"about":[{"href":"https:\/\/gerlachschule-aachen.de\/index.php\/wp-json\/wp\/v2\/types\/page"}],"author":[{"embeddable":true,"href":"https:\/\/gerlachschule-aachen.de\/index.php\/wp-json\/wp\/v2\/users\/1"}],"replies":[{"embeddable":true,"href":"https:\/\/gerlachschule-aachen.de\/index.php\/wp-json\/wp\/v2\/comments?post=132"}],"version-history":[{"count":17,"href":"https:\/\/gerlachschule-aachen.de\/index.php\/wp-json\/wp\/v2\/pages\/132\/revisions"}],"predecessor-version":[{"id":5193,"href":"https:\/\/gerlachschule-aachen.de\/index.php\/wp-json\/wp\/v2\/pages\/132\/revisions\/5193"}],"wp:attachment":[{"href":"https:\/\/gerlachschule-aachen.de\/index.php\/wp-json\/wp\/v2\/media?parent=132"}],"curies":[{"name":"wp","href":"https:\/\/api.w.org\/{rel}","templated":true}]}}