{"id":144,"date":"2019-10-23T12:45:09","date_gmt":"2019-10-23T12:45:09","guid":{"rendered":"http:\/\/dev.gerlachschule-aachen.de\/?page_id=144"},"modified":"2019-11-28T08:30:26","modified_gmt":"2019-11-28T08:30:26","slug":"unsere-eltern","status":"publish","type":"page","link":"https:\/\/gerlachschule-aachen.de\/index.php\/unsere-eltern\/","title":{"rendered":"Unsere Eltern"},"content":{"rendered":"\n<p>Viele Eltern unterst\u00fctzen uns tatkr\u00e4ftig im Schulalltag.  Informationen wie Sie helfen k\u00f6nnen, finden sie unter <a href=\"http:\/\/dev.gerlachschule-aachen.de\/index.php\/mitwirkung\/\">Mitwirkung<\/a>. <br>Ebenso wird hier unser <a href=\"http:\/\/dev.gerlachschule-aachen.de\/index.php\/foerderverein\/\">F\u00f6rderverein<\/a> vorgestellt, ohne den wir uns viele Materialien und Aktionen nicht leisten k\u00f6nnten. <br>Auch die <a href=\"http:\/\/dev.gerlachschule-aachen.de\/index.php\/schulpflegschaft\/\">Schulpflegschaft<\/a> spielt f\u00fcr unsere Schule eine wichtige Rolle. Hier werden wichtige Themen besprochen und gemeinsam Entscheidungen getroffen.<\/p>\n\n\n\n<p><\/p>\n","protected":false},"excerpt":{"rendered":"<p>Viele Eltern unterst\u00fctzen uns tatkr\u00e4ftig im Schulalltag. Informationen wie Sie helfen k\u00f6nnen, finden sie unter Mitwirkung. Ebenso wird hier unser F\u00f6rderverein vorgestellt, ohne den wir uns viele Materialien und Aktionen nicht leisten k\u00f6nnten. Auch die Schulpflegschaft spielt f\u00fcr unsere Schule eine wichtige Rolle. Hier werden wichtige Themen besprochen und gemeinsam Entscheidungen getroffen.<\/p>\n","protected":false},"author":2,"featured_media":0,"parent":0,"menu_order":0,"comment_status":"closed","ping_status":"closed","template":"","meta":{"footnotes":""},"class_list":["post-144","page","type-page","status-publish","hentry"],"_links":{"self":[{"href":"https:\/\/gerlachschule-aachen.de\/index.php\/wp-json\/wp\/v2\/pages\/144","targetHints":{"allow":["GET"]}}],"collection":[{"href":"https:\/\/gerlachschule-aachen.de\/index.php\/wp-json\/wp\/v2\/pages"}],"about":[{"href":"https:\/\/gerlachschule-aachen.de\/index.php\/wp-json\/wp\/v2\/types\/page"}],"author":[{"embeddable":true,"href":"https:\/\/gerlachschule-aachen.de\/index.php\/wp-json\/wp\/v2\/users\/2"}],"replies":[{"embeddable":true,"href":"https:\/\/gerlachschule-aachen.de\/index.php\/wp-json\/wp\/v2\/comments?post=144"}],"version-history":[{"count":3,"href":"https:\/\/gerlachschule-aachen.de\/index.php\/wp-json\/wp\/v2\/pages\/144\/revisions"}],"predecessor-version":[{"id":384,"href":"https:\/\/gerlachschule-aachen.de\/index.php\/wp-json\/wp\/v2\/pages\/144\/revisions\/384"}],"wp:attachment":[{"href":"https:\/\/gerlachschule-aachen.de\/index.php\/wp-json\/wp\/v2\/media?parent=144"}],"curies":[{"name":"wp","href":"https:\/\/api.w.org\/{rel}","templated":true}]}}