{"id":1611,"date":"2021-11-16T11:04:53","date_gmt":"2021-11-16T11:04:53","guid":{"rendered":"https:\/\/gerlachschule-aachen.de\/?page_id=1611"},"modified":"2025-11-06T11:08:01","modified_gmt":"2025-11-06T11:08:01","slug":"kursangebot","status":"publish","type":"page","link":"https:\/\/gerlachschule-aachen.de\/index.php\/kursangebot\/","title":{"rendered":"Kursangebot"},"content":{"rendered":"\n<p>Die neuen Kurse starten bald!<\/p>\n\n\n\n<p><\/p>\n\n\n\n<p class=\"has-light-green-cyan-background-color has-background\"><em>Die Kursbeschreibungen werden noch erg\u00e4nzt. Sollten Sie Fragen zu den konkreten Inhalten haben d\u00fcrfen Sie oder Ihre Kinder die OGS-Kr\u00e4fte, die den Kurs durchf\u00fchren (oder die OGS-Leitung) nat\u00fcrlich gerne ansprechen.<\/em><\/p>\n\n\n\n<figure class=\"wp-block-image size-large\"><img loading=\"lazy\" decoding=\"async\" width=\"582\" height=\"1024\" src=\"https:\/\/gerlachschule-aachen.de\/wp-content\/uploads\/2025\/11\/1000123475-582x1024.png\" alt=\"\" class=\"wp-image-5304\" srcset=\"https:\/\/gerlachschule-aachen.de\/wp-content\/uploads\/2025\/11\/1000123475-582x1024.png 582w, https:\/\/gerlachschule-aachen.de\/wp-content\/uploads\/2025\/11\/1000123475-171x300.png 171w, https:\/\/gerlachschule-aachen.de\/wp-content\/uploads\/2025\/11\/1000123475.png 642w\" sizes=\"auto, (max-width: 582px) 100vw, 582px\" \/><\/figure>\n","protected":false},"excerpt":{"rendered":"<p>Die neuen Kurse starten bald! Die Kursbeschreibungen werden noch erg\u00e4nzt. Sollten Sie Fragen zu den konkreten Inhalten haben d\u00fcrfen Sie oder Ihre Kinder die OGS-Kr\u00e4fte, die den Kurs durchf\u00fchren (oder die OGS-Leitung) nat\u00fcrlich gerne ansprechen.<\/p>\n","protected":false},"author":3,"featured_media":0,"parent":0,"menu_order":0,"comment_status":"closed","ping_status":"closed","template":"","meta":{"footnotes":""},"class_list":["post-1611","page","type-page","status-publish","hentry"],"_links":{"self":[{"href":"https:\/\/gerlachschule-aachen.de\/index.php\/wp-json\/wp\/v2\/pages\/1611","targetHints":{"allow":["GET"]}}],"collection":[{"href":"https:\/\/gerlachschule-aachen.de\/index.php\/wp-json\/wp\/v2\/pages"}],"about":[{"href":"https:\/\/gerlachschule-aachen.de\/index.php\/wp-json\/wp\/v2\/types\/page"}],"author":[{"embeddable":true,"href":"https:\/\/gerlachschule-aachen.de\/index.php\/wp-json\/wp\/v2\/users\/3"}],"replies":[{"embeddable":true,"href":"https:\/\/gerlachschule-aachen.de\/index.php\/wp-json\/wp\/v2\/comments?post=1611"}],"version-history":[{"count":41,"href":"https:\/\/gerlachschule-aachen.de\/index.php\/wp-json\/wp\/v2\/pages\/1611\/revisions"}],"predecessor-version":[{"id":5305,"href":"https:\/\/gerlachschule-aachen.de\/index.php\/wp-json\/wp\/v2\/pages\/1611\/revisions\/5305"}],"wp:attachment":[{"href":"https:\/\/gerlachschule-aachen.de\/index.php\/wp-json\/wp\/v2\/media?parent=1611"}],"curies":[{"name":"wp","href":"https:\/\/api.w.org\/{rel}","templated":true}]}}