{"id":1616,"date":"2021-11-18T07:23:11","date_gmt":"2021-11-18T07:23:11","guid":{"rendered":"https:\/\/gerlachschule-aachen.de\/?page_id=1616"},"modified":"2025-10-10T06:52:15","modified_gmt":"2025-10-10T06:52:15","slug":"step-projekt","status":"publish","type":"page","link":"https:\/\/gerlachschule-aachen.de\/index.php\/step-projekt\/","title":{"rendered":"Projekte und Aktionen"},"content":{"rendered":"\n<p class=\"has-text-align-center has-vivid-cyan-blue-background-color has-background has-medium-font-size\"><strong>Mentor die Leselernhelfer<\/strong><\/p>\n\n\n\n<p>Seit 2023 unterst\u00fctzen die Lesementoren w\u00f6chentlich einige Kinder unserer Schule im Leselernprozess. Sie schenken einigen Kindern unserer Schule ihre Zeit und begeistern sie mit liebevoll ausgew\u00e4hlter Kinderbuchliteratur.  <a href=\"https:\/\/mentor-aachen.de\/\" data-type=\"link\" data-id=\"https:\/\/mentor-aachen.de\/\">https:\/\/mentor-aachen.de\/<\/a><\/p>\n\n\n\n<p>  <\/p>\n\n\n\n<p class=\"has-text-align-center has-vivid-red-background-color has-background has-medium-font-size\"><strong>Fu\u00dfball<\/strong><\/p>\n\n\n\n<figure class=\"wp-block-gallery has-nested-images columns-default is-cropped wp-block-gallery-1 is-layout-flex wp-block-gallery-is-layout-flex\">\n<figure class=\"wp-block-image size-large\"><img loading=\"lazy\" decoding=\"async\" width=\"473\" height=\"1024\" data-id=\"5196\" src=\"https:\/\/gerlachschule-aachen.de\/wp-content\/uploads\/2025\/09\/threema-20250909-113805650_jpg-473x1024.jpeg\" alt=\"\" class=\"wp-image-5196\" srcset=\"https:\/\/gerlachschule-aachen.de\/wp-content\/uploads\/2025\/09\/threema-20250909-113805650_jpg-473x1024.jpeg 473w, https:\/\/gerlachschule-aachen.de\/wp-content\/uploads\/2025\/09\/threema-20250909-113805650_jpg-139x300.jpeg 139w, https:\/\/gerlachschule-aachen.de\/wp-content\/uploads\/2025\/09\/threema-20250909-113805650_jpg-709x1536.jpeg 709w, https:\/\/gerlachschule-aachen.de\/wp-content\/uploads\/2025\/09\/threema-20250909-113805650_jpg.jpeg 739w\" sizes=\"auto, (max-width: 473px) 100vw, 473px\" \/><\/figure>\n\n\n\n<figure class=\"wp-block-image size-large\"><img loading=\"lazy\" decoding=\"async\" width=\"1024\" height=\"473\" data-id=\"5197\" src=\"https:\/\/gerlachschule-aachen.de\/wp-content\/uploads\/2025\/09\/threema-20250909-113805881_jpg-1024x473.jpeg\" alt=\"\" class=\"wp-image-5197\" srcset=\"https:\/\/gerlachschule-aachen.de\/wp-content\/uploads\/2025\/09\/threema-20250909-113805881_jpg-1024x473.jpeg 1024w, https:\/\/gerlachschule-aachen.de\/wp-content\/uploads\/2025\/09\/threema-20250909-113805881_jpg-300x139.jpeg 300w, https:\/\/gerlachschule-aachen.de\/wp-content\/uploads\/2025\/09\/threema-20250909-113805881_jpg-768x355.jpeg 768w, https:\/\/gerlachschule-aachen.de\/wp-content\/uploads\/2025\/09\/threema-20250909-113805881_jpg-1536x709.jpeg 1536w, https:\/\/gerlachschule-aachen.de\/wp-content\/uploads\/2025\/09\/threema-20250909-113805881_jpg.jpeg 1600w\" sizes=\"auto, (max-width: 767px) 89vw, (max-width: 1000px) 54vw, (max-width: 1071px) 543px, 580px\" \/><\/figure>\n\n\n\n<figure class=\"wp-block-image size-large\"><img loading=\"lazy\" decoding=\"async\" width=\"1024\" height=\"473\" data-id=\"5198\" src=\"https:\/\/gerlachschule-aachen.de\/wp-content\/uploads\/2025\/09\/threema-20250909-113806096_jpg-1024x473.jpeg\" alt=\"\" class=\"wp-image-5198\" srcset=\"https:\/\/gerlachschule-aachen.de\/wp-content\/uploads\/2025\/09\/threema-20250909-113806096_jpg-1024x473.jpeg 1024w, https:\/\/gerlachschule-aachen.de\/wp-content\/uploads\/2025\/09\/threema-20250909-113806096_jpg-300x139.jpeg 300w, https:\/\/gerlachschule-aachen.de\/wp-content\/uploads\/2025\/09\/threema-20250909-113806096_jpg-768x355.jpeg 768w, https:\/\/gerlachschule-aachen.de\/wp-content\/uploads\/2025\/09\/threema-20250909-113806096_jpg-1536x709.jpeg 1536w, https:\/\/gerlachschule-aachen.de\/wp-content\/uploads\/2025\/09\/threema-20250909-113806096_jpg.jpeg 1600w\" sizes=\"auto, (max-width: 767px) 89vw, (max-width: 1000px) 54vw, (max-width: 1071px) 543px, 580px\" \/><\/figure>\n\n\n\n<figure class=\"wp-block-image size-large\"><img loading=\"lazy\" decoding=\"async\" width=\"1024\" height=\"768\" data-id=\"5199\" src=\"https:\/\/gerlachschule-aachen.de\/wp-content\/uploads\/2025\/09\/threema-20250909-113806277_jpg-1024x768.jpeg\" alt=\"\" class=\"wp-image-5199\" srcset=\"https:\/\/gerlachschule-aachen.de\/wp-content\/uploads\/2025\/09\/threema-20250909-113806277_jpg-1024x768.jpeg 1024w, https:\/\/gerlachschule-aachen.de\/wp-content\/uploads\/2025\/09\/threema-20250909-113806277_jpg-300x225.jpeg 300w, https:\/\/gerlachschule-aachen.de\/wp-content\/uploads\/2025\/09\/threema-20250909-113806277_jpg-768x576.jpeg 768w, https:\/\/gerlachschule-aachen.de\/wp-content\/uploads\/2025\/09\/threema-20250909-113806277_jpg-1536x1152.jpeg 1536w, https:\/\/gerlachschule-aachen.de\/wp-content\/uploads\/2025\/09\/threema-20250909-113806277_jpg.jpeg 1600w\" sizes=\"auto, (max-width: 767px) 89vw, (max-width: 1000px) 54vw, (max-width: 1071px) 543px, 580px\" \/><\/figure>\n\n\n\n<figure class=\"wp-block-image size-large\"><img loading=\"lazy\" decoding=\"async\" width=\"1024\" height=\"768\" data-id=\"5200\" src=\"https:\/\/gerlachschule-aachen.de\/wp-content\/uploads\/2025\/09\/threema-20250909-113806416_jpg-1024x768.jpeg\" alt=\"\" class=\"wp-image-5200\" srcset=\"https:\/\/gerlachschule-aachen.de\/wp-content\/uploads\/2025\/09\/threema-20250909-113806416_jpg-1024x768.jpeg 1024w, https:\/\/gerlachschule-aachen.de\/wp-content\/uploads\/2025\/09\/threema-20250909-113806416_jpg-300x225.jpeg 300w, https:\/\/gerlachschule-aachen.de\/wp-content\/uploads\/2025\/09\/threema-20250909-113806416_jpg-768x576.jpeg 768w, https:\/\/gerlachschule-aachen.de\/wp-content\/uploads\/2025\/09\/threema-20250909-113806416_jpg-1536x1152.jpeg 1536w, https:\/\/gerlachschule-aachen.de\/wp-content\/uploads\/2025\/09\/threema-20250909-113806416_jpg.jpeg 1600w\" sizes=\"auto, (max-width: 767px) 89vw, (max-width: 1000px) 54vw, (max-width: 1071px) 543px, 580px\" \/><\/figure>\n\n\n\n<figure class=\"wp-block-image size-large\"><img loading=\"lazy\" decoding=\"async\" width=\"1024\" height=\"768\" data-id=\"5201\" src=\"https:\/\/gerlachschule-aachen.de\/wp-content\/uploads\/2025\/09\/threema-20250909-113806610_jpg-1024x768.jpeg\" alt=\"\" class=\"wp-image-5201\" srcset=\"https:\/\/gerlachschule-aachen.de\/wp-content\/uploads\/2025\/09\/threema-20250909-113806610_jpg-1024x768.jpeg 1024w, https:\/\/gerlachschule-aachen.de\/wp-content\/uploads\/2025\/09\/threema-20250909-113806610_jpg-300x225.jpeg 300w, https:\/\/gerlachschule-aachen.de\/wp-content\/uploads\/2025\/09\/threema-20250909-113806610_jpg-768x576.jpeg 768w, https:\/\/gerlachschule-aachen.de\/wp-content\/uploads\/2025\/09\/threema-20250909-113806610_jpg-1536x1152.jpeg 1536w, https:\/\/gerlachschule-aachen.de\/wp-content\/uploads\/2025\/09\/threema-20250909-113806610_jpg.jpeg 1600w\" sizes=\"auto, (max-width: 767px) 89vw, (max-width: 1000px) 54vw, (max-width: 1071px) 543px, 580px\" \/><\/figure>\n\n\n\n<figure class=\"wp-block-image size-large\"><img loading=\"lazy\" decoding=\"async\" width=\"1024\" height=\"598\" data-id=\"5202\" src=\"https:\/\/gerlachschule-aachen.de\/wp-content\/uploads\/2025\/09\/threema-20250909-113806950_jpg-1024x598.jpeg\" alt=\"\" class=\"wp-image-5202\" srcset=\"https:\/\/gerlachschule-aachen.de\/wp-content\/uploads\/2025\/09\/threema-20250909-113806950_jpg-1024x598.jpeg 1024w, https:\/\/gerlachschule-aachen.de\/wp-content\/uploads\/2025\/09\/threema-20250909-113806950_jpg-300x175.jpeg 300w, https:\/\/gerlachschule-aachen.de\/wp-content\/uploads\/2025\/09\/threema-20250909-113806950_jpg-768x449.jpeg 768w, https:\/\/gerlachschule-aachen.de\/wp-content\/uploads\/2025\/09\/threema-20250909-113806950_jpg-1536x898.jpeg 1536w, https:\/\/gerlachschule-aachen.de\/wp-content\/uploads\/2025\/09\/threema-20250909-113806950_jpg.jpeg 1600w\" sizes=\"auto, (max-width: 767px) 89vw, (max-width: 1000px) 54vw, (max-width: 1071px) 543px, 580px\" \/><\/figure>\n<\/figure>\n\n\n\n<p class=\"has-text-align-center has-pale-cyan-blue-background-color has-background has-medium-font-size\"><strong>Lubo aus dem All<\/strong><\/p>\n\n\n\n<p>Lubo kommt jedes Jahr aus dem All zu unseren Kindern aus der 2. Klasse und besucht diese zweimal pro Woche. Lubo erlebt bei seinem Besuch mit den Kindern ganz spannende und tolle Abenteuer.&nbsp;<\/p>\n\n\n\n<p>\u201eLubo aus dem All\u201c stellt ein Programm zur F\u00f6rderung sozial-emotionaler Kompetenzen in der Schuleingangsphase dar. Hierbei lernen die Kinder den Umgang miteinander, das Kennenlernen und bewusste Wahrnehmen von Gef\u00fchlen und vor allem dem Umgang mit diesen.<br><\/p>\n\n\n<div class=\"wp-block-image\">\n<figure class=\"aligncenter size-full is-resized\"><img loading=\"lazy\" decoding=\"async\" width=\"198\" height=\"264\" src=\"https:\/\/gerlachschule-aachen.de\/wp-content\/uploads\/2024\/09\/grafik-2.png\" alt=\"\" class=\"wp-image-4003\" style=\"width:312px;height:auto\"\/><\/figure>\n<\/div>\n\n\n<p><br><\/p>\n\n\n\n<p class=\"has-text-align-center has-black-color has-vivid-cyan-blue-background-color has-text-color has-background has-medium-font-size\"><strong>IT 4 Kids<\/strong><\/p>\n\n\n\n<figure class=\"wp-block-image size-full\"><img loading=\"lazy\" decoding=\"async\" width=\"434\" height=\"116\" src=\"https:\/\/gerlachschule-aachen.de\/wp-content\/uploads\/2022\/12\/IT-4-Kids.png\" alt=\"\" class=\"wp-image-2646\" srcset=\"https:\/\/gerlachschule-aachen.de\/wp-content\/uploads\/2022\/12\/IT-4-Kids.png 434w, https:\/\/gerlachschule-aachen.de\/wp-content\/uploads\/2022\/12\/IT-4-Kids-300x80.png 300w\" sizes=\"auto, (max-width: 434px) 100vw, 434px\" \/><\/figure>\n\n\n\n<p class=\"has-black-color has-text-color has-medium-font-size\"><br>In unser IT &#8211; AG haben Kinder der 3. und 4. Klasse die M\u00f6glichkeit, spielerisch erste Erfahrungen mit Informatik zu sammeln. So k\u00f6nnen die Kinder ganz kindgericht das Programmieren im iPad erlernen. Mit gro\u00dfer Freude lassen die Kinder den Figuren durch ein Raster gehen und trainieren nebenbei ihre mathematische Kompetenz, logisches und strategisches Denken, Orientierung im Raum, sowie  Lage &#8211; Raumwahrnehmung.<br><a href=\"https:\/\/it-for-kids.org\/schule\/\">https:\/\/it-for-kids.org\/schule\/<\/a><\/p>\n\n\n\n<p class=\"has-text-align-center has-black-color has-white-background-color has-text-color has-background has-medium-font-size\"><\/p>\n\n\n\n<p class=\"has-text-align-center has-black-color has-vivid-red-background-color has-text-color has-background has-medium-font-size\"><strong>Kooperation mit der Landesarbeitsgemeinschaft Tanz NRW e.V. <\/strong><\/p>\n\n\n\n<p>Wir freuen uns auf die Zusammenarbeit mit der <a href=\"https:\/\/www.lag-tanz-nrw.de\/tanzprojekte\">LAG Tanz NRW<\/a> f\u00fcr unsere Tanz-Theater-AG!<\/p>\n\n\n<div class=\"wp-block-image\">\n<figure class=\"aligncenter size-full\"><a href=\"https:\/\/www.lag-tanz-nrw.de\/tanzprojekte\"><img loading=\"lazy\" decoding=\"async\" width=\"224\" height=\"224\" src=\"https:\/\/gerlachschule-aachen.de\/wp-content\/uploads\/2022\/12\/LAG-Tanz-Nrw.jpg\" alt=\"\" class=\"wp-image-2642\" srcset=\"https:\/\/gerlachschule-aachen.de\/wp-content\/uploads\/2022\/12\/LAG-Tanz-Nrw.jpg 224w, https:\/\/gerlachschule-aachen.de\/wp-content\/uploads\/2022\/12\/LAG-Tanz-Nrw-150x150.jpg 150w, https:\/\/gerlachschule-aachen.de\/wp-content\/uploads\/2022\/12\/LAG-Tanz-Nrw-100x100.jpg 100w\" sizes=\"auto, (max-width: 224px) 100vw, 224px\" \/><\/a><\/figure>\n<\/div>\n\n\n<p>Zwei Wochen kamen Tanzp\u00e4dagogen zu uns und haben mit unserer Tanz-Theater-AG ein Tanzst\u00fcck erarbeitet. <strong>&#8222;Tanzen bildet, Tanzen formt, Tanzen verbindet.&#8220;<\/strong><\/p>\n\n\n\n<p class=\"has-text-align-center has-black-color has-luminous-vivid-orange-background-color has-text-color has-background has-medium-font-size\"><a href=\"https:\/\/www.instagram.com\/jazz_kiste\/\"><strong>Musik zum Mitmachen! Jazz mit K\u00e4s <\/strong><\/a><\/p>\n\n\n\n<figure class=\"wp-block-image size-large\"><img loading=\"lazy\" decoding=\"async\" width=\"917\" height=\"1024\" src=\"https:\/\/gerlachschule-aachen.de\/wp-content\/uploads\/2023\/11\/JK-917x1024.jpeg\" alt=\"\" class=\"wp-image-3413\" srcset=\"https:\/\/gerlachschule-aachen.de\/wp-content\/uploads\/2023\/11\/JK-917x1024.jpeg 917w, https:\/\/gerlachschule-aachen.de\/wp-content\/uploads\/2023\/11\/JK-269x300.jpeg 269w, https:\/\/gerlachschule-aachen.de\/wp-content\/uploads\/2023\/11\/JK-768x858.jpeg 768w, https:\/\/gerlachschule-aachen.de\/wp-content\/uploads\/2023\/11\/JK.jpeg 1102w\" sizes=\"auto, (max-width: 767px) 89vw, (max-width: 1000px) 54vw, (max-width: 1071px) 543px, 580px\" \/><\/figure>\n\n\n\n<figure class=\"wp-block-image size-large\"><img loading=\"lazy\" decoding=\"async\" width=\"1024\" height=\"857\" src=\"https:\/\/gerlachschule-aachen.de\/wp-content\/uploads\/2023\/11\/JK2-1024x857.jpeg\" alt=\"\" class=\"wp-image-3412\" srcset=\"https:\/\/gerlachschule-aachen.de\/wp-content\/uploads\/2023\/11\/JK2-1024x857.jpeg 1024w, https:\/\/gerlachschule-aachen.de\/wp-content\/uploads\/2023\/11\/JK2-300x251.jpeg 300w, https:\/\/gerlachschule-aachen.de\/wp-content\/uploads\/2023\/11\/JK2-768x643.jpeg 768w, https:\/\/gerlachschule-aachen.de\/wp-content\/uploads\/2023\/11\/JK2.jpeg 1037w\" sizes=\"auto, (max-width: 767px) 89vw, (max-width: 1000px) 54vw, (max-width: 1071px) 543px, 580px\" \/><\/figure>\n\n\n\n<p>In den vergangenen Wochen haben unsere Kinder des dritten und vierten Jahrgangs mit Musikern im Projekt Jazz mit K\u00e4s musiziert. Hier wurde getanzt, gesungen, sich rhythmisch bewegt. <br>Im Februar war dann das gro\u00dfe Mitmachkonzert, ein Gemeinschaftskonzert, am Couvengymnasium. Was f\u00fcr ein Erlebnis! Endlich konnten die Kinder ihre musikalischen Erfahrungen der letzten Wochen gemeinsam ausleben!<\/p>\n\n\n\n<figure class=\"wp-block-gallery has-nested-images columns-default is-cropped wp-block-gallery-2 is-layout-flex wp-block-gallery-is-layout-flex\">\n<figure class=\"wp-block-image size-large\"><img loading=\"lazy\" decoding=\"async\" width=\"364\" height=\"138\" data-id=\"3405\" src=\"https:\/\/gerlachschule-aachen.de\/wp-content\/uploads\/2023\/11\/JazzKiste.png\" alt=\"\" class=\"wp-image-3405\" srcset=\"https:\/\/gerlachschule-aachen.de\/wp-content\/uploads\/2023\/11\/JazzKiste.png 364w, https:\/\/gerlachschule-aachen.de\/wp-content\/uploads\/2023\/11\/JazzKiste-300x114.png 300w\" sizes=\"auto, (max-width: 364px) 100vw, 364px\" \/><\/figure>\n<\/figure>\n\n\n\n<figure class=\"wp-block-gallery has-nested-images columns-default is-cropped wp-block-gallery-3 is-layout-flex wp-block-gallery-is-layout-flex\">\n<figure class=\"wp-block-image size-large\"><img loading=\"lazy\" decoding=\"async\" width=\"225\" height=\"225\" data-id=\"3407\" src=\"https:\/\/gerlachschule-aachen.de\/wp-content\/uploads\/2023\/11\/jazz-2.jpg\" alt=\"\" class=\"wp-image-3407\" srcset=\"https:\/\/gerlachschule-aachen.de\/wp-content\/uploads\/2023\/11\/jazz-2.jpg 225w, https:\/\/gerlachschule-aachen.de\/wp-content\/uploads\/2023\/11\/jazz-2-150x150.jpg 150w, https:\/\/gerlachschule-aachen.de\/wp-content\/uploads\/2023\/11\/jazz-2-100x100.jpg 100w\" sizes=\"auto, (max-width: 225px) 100vw, 225px\" \/><\/figure>\n<\/figure>\n\n\n\n<p><br>Bereits im Mai und Juni 2022 haben vier Klassen mit erfahrenen Musikern geprobt, um dann ihre K\u00fcnste in der Aula des Couvengymnasiums zusammen mit der BigBand des Conservatoriums Maastricht unter Beweis zu stellen. <\/p>\n\n\n<div class=\"wp-block-image\">\n<figure class=\"aligncenter size-full\"><img loading=\"lazy\" decoding=\"async\" width=\"472\" height=\"669\" src=\"https:\/\/gerlachschule-aachen.de\/wp-content\/uploads\/2022\/06\/JazzmitKaes.png\" alt=\"\" class=\"wp-image-2206\" srcset=\"https:\/\/gerlachschule-aachen.de\/wp-content\/uploads\/2022\/06\/JazzmitKaes.png 472w, https:\/\/gerlachschule-aachen.de\/wp-content\/uploads\/2022\/06\/JazzmitKaes-212x300.png 212w\" sizes=\"auto, (max-width: 472px) 100vw, 472px\" \/><\/figure>\n<\/div>\n\n\n<figure class=\"wp-block-gallery has-nested-images columns-default is-cropped wp-block-gallery-4 is-layout-flex wp-block-gallery-is-layout-flex\">\n<figure class=\"wp-block-image size-large\"><img loading=\"lazy\" decoding=\"async\" width=\"1920\" height=\"2560\" data-id=\"2215\" src=\"https:\/\/gerlachschule-aachen.de\/wp-content\/uploads\/2022\/06\/image00005-scaled.jpeg\" alt=\"\" class=\"wp-image-2215\" srcset=\"https:\/\/gerlachschule-aachen.de\/wp-content\/uploads\/2022\/06\/image00005-scaled.jpeg 1920w, https:\/\/gerlachschule-aachen.de\/wp-content\/uploads\/2022\/06\/image00005-225x300.jpeg 225w, https:\/\/gerlachschule-aachen.de\/wp-content\/uploads\/2022\/06\/image00005-768x1024.jpeg 768w, https:\/\/gerlachschule-aachen.de\/wp-content\/uploads\/2022\/06\/image00005-1152x1536.jpeg 1152w, https:\/\/gerlachschule-aachen.de\/wp-content\/uploads\/2022\/06\/image00005-1536x2048.jpeg 1536w\" sizes=\"auto, (max-width: 767px) 89vw, (max-width: 1000px) 54vw, (max-width: 1071px) 543px, 580px\" \/><\/figure>\n\n\n\n<figure class=\"wp-block-image size-large\"><img loading=\"lazy\" decoding=\"async\" width=\"2560\" height=\"1920\" data-id=\"2214\" src=\"https:\/\/gerlachschule-aachen.de\/wp-content\/uploads\/2022\/06\/image00006-scaled.jpeg\" alt=\"\" class=\"wp-image-2214\" srcset=\"https:\/\/gerlachschule-aachen.de\/wp-content\/uploads\/2022\/06\/image00006-scaled.jpeg 2560w, https:\/\/gerlachschule-aachen.de\/wp-content\/uploads\/2022\/06\/image00006-300x225.jpeg 300w, https:\/\/gerlachschule-aachen.de\/wp-content\/uploads\/2022\/06\/image00006-1024x768.jpeg 1024w, https:\/\/gerlachschule-aachen.de\/wp-content\/uploads\/2022\/06\/image00006-768x576.jpeg 768w, https:\/\/gerlachschule-aachen.de\/wp-content\/uploads\/2022\/06\/image00006-1536x1152.jpeg 1536w, https:\/\/gerlachschule-aachen.de\/wp-content\/uploads\/2022\/06\/image00006-2048x1536.jpeg 2048w\" sizes=\"auto, (max-width: 767px) 89vw, (max-width: 1000px) 54vw, (max-width: 1071px) 543px, 580px\" \/><\/figure>\n\n\n\n<figure class=\"wp-block-image size-large\"><img loading=\"lazy\" decoding=\"async\" width=\"1920\" height=\"2560\" data-id=\"2213\" src=\"https:\/\/gerlachschule-aachen.de\/wp-content\/uploads\/2022\/06\/image00010-scaled.jpeg\" alt=\"\" class=\"wp-image-2213\" srcset=\"https:\/\/gerlachschule-aachen.de\/wp-content\/uploads\/2022\/06\/image00010-scaled.jpeg 1920w, https:\/\/gerlachschule-aachen.de\/wp-content\/uploads\/2022\/06\/image00010-225x300.jpeg 225w, https:\/\/gerlachschule-aachen.de\/wp-content\/uploads\/2022\/06\/image00010-768x1024.jpeg 768w, https:\/\/gerlachschule-aachen.de\/wp-content\/uploads\/2022\/06\/image00010-1152x1536.jpeg 1152w, https:\/\/gerlachschule-aachen.de\/wp-content\/uploads\/2022\/06\/image00010-1536x2048.jpeg 1536w\" sizes=\"auto, (max-width: 767px) 89vw, (max-width: 1000px) 54vw, (max-width: 1071px) 543px, 580px\" \/><\/figure>\n<\/figure>\n\n\n\n<figure class=\"wp-block-gallery has-nested-images columns-default is-cropped wp-block-gallery-5 is-layout-flex wp-block-gallery-is-layout-flex\">\n<figure class=\"wp-block-image size-large\"><img loading=\"lazy\" decoding=\"async\" width=\"1024\" height=\"768\" data-id=\"2205\" src=\"https:\/\/gerlachschule-aachen.de\/wp-content\/uploads\/2022\/06\/JazzmitKaes1.jpeg\" alt=\"\" class=\"wp-image-2205\" srcset=\"https:\/\/gerlachschule-aachen.de\/wp-content\/uploads\/2022\/06\/JazzmitKaes1.jpeg 1024w, https:\/\/gerlachschule-aachen.de\/wp-content\/uploads\/2022\/06\/JazzmitKaes1-300x225.jpeg 300w, https:\/\/gerlachschule-aachen.de\/wp-content\/uploads\/2022\/06\/JazzmitKaes1-768x576.jpeg 768w\" sizes=\"auto, (max-width: 767px) 89vw, (max-width: 1000px) 54vw, (max-width: 1071px) 543px, 580px\" \/><\/figure>\n\n\n\n<figure class=\"wp-block-image size-large\"><img loading=\"lazy\" decoding=\"async\" width=\"1024\" height=\"768\" data-id=\"2204\" src=\"https:\/\/gerlachschule-aachen.de\/wp-content\/uploads\/2022\/06\/JazzmitKaes2.jpeg\" alt=\"\" class=\"wp-image-2204\" srcset=\"https:\/\/gerlachschule-aachen.de\/wp-content\/uploads\/2022\/06\/JazzmitKaes2.jpeg 1024w, https:\/\/gerlachschule-aachen.de\/wp-content\/uploads\/2022\/06\/JazzmitKaes2-300x225.jpeg 300w, https:\/\/gerlachschule-aachen.de\/wp-content\/uploads\/2022\/06\/JazzmitKaes2-768x576.jpeg 768w\" sizes=\"auto, (max-width: 767px) 89vw, (max-width: 1000px) 54vw, (max-width: 1071px) 543px, 580px\" \/><\/figure>\n\n\n\n<figure class=\"wp-block-image size-large\"><img loading=\"lazy\" decoding=\"async\" width=\"1024\" height=\"768\" data-id=\"2203\" src=\"https:\/\/gerlachschule-aachen.de\/wp-content\/uploads\/2022\/06\/JazzmitKaes3.jpeg\" alt=\"\" class=\"wp-image-2203\" srcset=\"https:\/\/gerlachschule-aachen.de\/wp-content\/uploads\/2022\/06\/JazzmitKaes3.jpeg 1024w, https:\/\/gerlachschule-aachen.de\/wp-content\/uploads\/2022\/06\/JazzmitKaes3-300x225.jpeg 300w, https:\/\/gerlachschule-aachen.de\/wp-content\/uploads\/2022\/06\/JazzmitKaes3-768x576.jpeg 768w\" sizes=\"auto, (max-width: 767px) 89vw, (max-width: 1000px) 54vw, (max-width: 1071px) 543px, 580px\" \/><\/figure>\n<\/figure>\n","protected":false},"excerpt":{"rendered":"<p>Mentor die Leselernhelfer Seit 2023 unterst\u00fctzen die Lesementoren w\u00f6chentlich einige Kinder unserer Schule im Leselernprozess. Sie schenken einigen Kindern unserer Schule ihre Zeit und begeistern sie mit liebevoll ausgew\u00e4hlter Kinderbuchliteratur. https:\/\/mentor-aachen.de\/ Fu\u00dfball Lubo aus dem All Lubo kommt jedes Jahr aus dem All zu unseren Kindern aus der 2. Klasse und besucht diese zweimal pro &hellip; <\/p>\n<p class=\"link-more\"><a href=\"https:\/\/gerlachschule-aachen.de\/index.php\/step-projekt\/\" class=\"more-link\"><span class=\"screen-reader-text\">\u201eProjekte und Aktionen\u201c <\/span>weiterlesen<\/a><\/p>\n","protected":false},"author":2,"featured_media":0,"parent":0,"menu_order":0,"comment_status":"closed","ping_status":"closed","template":"","meta":{"footnotes":""},"class_list":["post-1616","page","type-page","status-publish","hentry"],"_links":{"self":[{"href":"https:\/\/gerlachschule-aachen.de\/index.php\/wp-json\/wp\/v2\/pages\/1616","targetHints":{"allow":["GET"]}}],"collection":[{"href":"https:\/\/gerlachschule-aachen.de\/index.php\/wp-json\/wp\/v2\/pages"}],"about":[{"href":"https:\/\/gerlachschule-aachen.de\/index.php\/wp-json\/wp\/v2\/types\/page"}],"author":[{"embeddable":true,"href":"https:\/\/gerlachschule-aachen.de\/index.php\/wp-json\/wp\/v2\/users\/2"}],"replies":[{"embeddable":true,"href":"https:\/\/gerlachschule-aachen.de\/index.php\/wp-json\/wp\/v2\/comments?post=1616"}],"version-history":[{"count":32,"href":"https:\/\/gerlachschule-aachen.de\/index.php\/wp-json\/wp\/v2\/pages\/1616\/revisions"}],"predecessor-version":[{"id":5276,"href":"https:\/\/gerlachschule-aachen.de\/index.php\/wp-json\/wp\/v2\/pages\/1616\/revisions\/5276"}],"wp:attachment":[{"href":"https:\/\/gerlachschule-aachen.de\/index.php\/wp-json\/wp\/v2\/media?parent=1616"}],"curies":[{"name":"wp","href":"https:\/\/api.w.org\/{rel}","templated":true}]}}