{"id":1774,"date":"2022-02-06T14:16:10","date_gmt":"2022-02-06T14:16:10","guid":{"rendered":"https:\/\/gerlachschule-aachen.de\/?page_id=1774"},"modified":"2025-11-21T10:51:54","modified_gmt":"2025-11-21T10:51:54","slug":"spannende-angebote-und-ideen-fuer-nachmittage-und-wochenenden","status":"publish","type":"page","link":"https:\/\/gerlachschule-aachen.de\/index.php\/spannende-angebote-und-ideen-fuer-nachmittage-und-wochenenden\/","title":{"rendered":"Spannende Angebote und Ideen f\u00fcr Nachmittage, Wochenenden und FerienFerienspiele Aachen"},"content":{"rendered":"\n<p class=\"has-text-align-center has-vivid-purple-background-color has-background has-medium-font-size\"><strong>Ferienangebote der Stadt Aachen<\/strong><\/p>\n\n\n\n<p class=\"has-text-align-center has-light-green-cyan-background-color has-background has-medium-font-size\"><strong>Ferienspiele Ostern<\/strong><\/p>\n\n\n\n<p><\/p>\n\n\n\n<p class=\"has-text-align-center has-pale-cyan-blue-background-color has-background has-medium-font-size\"><strong>weitere Angebote<\/strong><\/p>\n\n\n\n<p class=\"has-medium-font-size\"><strong>Kinderuni in Aachen: Die RWTH l\u00e4dt zu spannenden Angeboten ein!<\/strong><\/p>\n\n\n\n<p><a href=\"https:\/\/www.rwth-aachen.de\/cms\/root\/Studium\/Beratung-Hilfe\/Beratung-und-Angebote-fuer-Schuelerinnen\/Angebote-fuer-Schuelerinnen-und-Schueler\/~tky\/Kinderuni\/\">https:\/\/www.rwth-aachen.de\/cms\/root\/Studium\/Beratung-Hilfe\/Beratung-und-Angebote-fuer-Schuelerinnen\/Angebote-fuer-Schuelerinnen-und-Schueler\/~tky\/Kinderuni\/<\/a><\/p>\n\n\n\n<p><a href=\"https:\/\/www.rwth-aachen.de\/cms\/root\/studium\/Beratung-Hilfe\/Beratung-und-Angebote-fuer-Schuelerinnen\/Angebote-fuer-Schuelerinnen-und-Schueler\/~tky\/Kinderuni\/\">https:\/\/www.rwth-aachen.de\/cms\/root\/studium\/Beratung-Hilfe\/Beratung-und-Angebote-fuer-Schuelerinnen\/Angebote-fuer-Schuelerinnen-und-Schueler\/~tky\/Kinderuni\/<\/a><\/p>\n\n\n\n<p class=\"has-medium-font-size\"><strong><br>KingKalli<\/strong> hat stets neue Veranstaltungen f\u00fcr die ganze Familie. <\/p>\n\n\n\n<p><a href=\"https:\/\/kingkalli.de\/events\/\">https:\/\/kingkalli.de\/events\/<\/a><\/p>\n\n\n\n<p><\/p>\n\n\n\n<p class=\"has-medium-font-size\">Auch auf der Homepage von <strong>Aachen<\/strong> gibt es regelm\u00e4\u00dfig neue<strong> Ideen und Tipps f\u00fcr Ausfl\u00fcge rund um die St\u00e4dteregion<\/strong>. <\/p>\n\n\n\n<p><a href=\"https:\/\/www.aachen.de\/de\/stadt_buerger\/familie\/familien_angebote_stadt_aachen\/freizeitangebote_aachen.html\">https:\/\/www.aachen.de\/de\/stadt_buerger\/familie\/familien_angebote_stadt_aachen\/freizeitangebote_aachen.html<\/a><\/p>\n\n\n\n<p><\/p>\n\n\n\n<p class=\"has-medium-font-size\"><strong>Oecher Lab<\/strong><br><a href=\"https:\/\/oecherlab.de\/science-camp\/\">Entdecke die Faszination der Luftfahrt im Floriansdorf.<\/a><\/p>\n\n\n\n<p><\/p>\n","protected":false},"excerpt":{"rendered":"<p>Ferienangebote der Stadt Aachen Ferienspiele Ostern weitere Angebote Kinderuni in Aachen: Die RWTH l\u00e4dt zu spannenden Angeboten ein! https:\/\/www.rwth-aachen.de\/cms\/root\/Studium\/Beratung-Hilfe\/Beratung-und-Angebote-fuer-Schuelerinnen\/Angebote-fuer-Schuelerinnen-und-Schueler\/~tky\/Kinderuni\/ https:\/\/www.rwth-aachen.de\/cms\/root\/studium\/Beratung-Hilfe\/Beratung-und-Angebote-fuer-Schuelerinnen\/Angebote-fuer-Schuelerinnen-und-Schueler\/~tky\/Kinderuni\/ KingKalli hat stets neue Veranstaltungen f\u00fcr die ganze Familie. https:\/\/kingkalli.de\/events\/ Auch auf der Homepage von Aachen gibt es regelm\u00e4\u00dfig neue Ideen und Tipps f\u00fcr Ausfl\u00fcge rund um die St\u00e4dteregion. https:\/\/www.aachen.de\/de\/stadt_buerger\/familie\/familien_angebote_stadt_aachen\/freizeitangebote_aachen.html Oecher LabEntdecke die Faszination der &hellip; <\/p>\n<p class=\"link-more\"><a href=\"https:\/\/gerlachschule-aachen.de\/index.php\/spannende-angebote-und-ideen-fuer-nachmittage-und-wochenenden\/\" class=\"more-link\"><span class=\"screen-reader-text\">\u201eSpannende Angebote und Ideen f\u00fcr Nachmittage, Wochenenden und FerienFerienspiele Aachen\u201c <\/span>weiterlesen<\/a><\/p>\n","protected":false},"author":2,"featured_media":0,"parent":0,"menu_order":0,"comment_status":"closed","ping_status":"closed","template":"","meta":{"footnotes":""},"class_list":["post-1774","page","type-page","status-publish","hentry"],"_links":{"self":[{"href":"https:\/\/gerlachschule-aachen.de\/index.php\/wp-json\/wp\/v2\/pages\/1774","targetHints":{"allow":["GET"]}}],"collection":[{"href":"https:\/\/gerlachschule-aachen.de\/index.php\/wp-json\/wp\/v2\/pages"}],"about":[{"href":"https:\/\/gerlachschule-aachen.de\/index.php\/wp-json\/wp\/v2\/types\/page"}],"author":[{"embeddable":true,"href":"https:\/\/gerlachschule-aachen.de\/index.php\/wp-json\/wp\/v2\/users\/2"}],"replies":[{"embeddable":true,"href":"https:\/\/gerlachschule-aachen.de\/index.php\/wp-json\/wp\/v2\/comments?post=1774"}],"version-history":[{"count":39,"href":"https:\/\/gerlachschule-aachen.de\/index.php\/wp-json\/wp\/v2\/pages\/1774\/revisions"}],"predecessor-version":[{"id":5355,"href":"https:\/\/gerlachschule-aachen.de\/index.php\/wp-json\/wp\/v2\/pages\/1774\/revisions\/5355"}],"wp:attachment":[{"href":"https:\/\/gerlachschule-aachen.de\/index.php\/wp-json\/wp\/v2\/media?parent=1774"}],"curies":[{"name":"wp","href":"https:\/\/api.w.org\/{rel}","templated":true}]}}