{"id":183,"date":"2019-10-23T13:41:44","date_gmt":"2019-10-23T13:41:44","guid":{"rendered":"http:\/\/dev.gerlachschule-aachen.de\/?page_id=183"},"modified":"2025-11-03T09:49:23","modified_gmt":"2025-11-03T09:49:23","slug":"gesundes-fruehstueck","status":"publish","type":"page","link":"https:\/\/gerlachschule-aachen.de\/index.php\/gesundes-fruehstueck\/","title":{"rendered":"Gesundes Fr\u00fchst\u00fcck"},"content":{"rendered":"\n<p>Einmal  im&nbsp;Monat&nbsp;gibt es f\u00fcr alle Kinder der Gerlachschule das von den Eltern  vorbereitete Fr\u00fchst\u00fcck mit viel frischem Obst und Gem\u00fcse &#8211; nat\u00fcrlich  mundgerecht&nbsp;geschnitten.&nbsp; Da greifen alle zu!!&nbsp;<\/p>\n\n\n\n<figure class=\"wp-block-gallery has-nested-images columns-default is-cropped wp-block-gallery-1 is-layout-flex wp-block-gallery-is-layout-flex\">\n<figure class=\"wp-block-image size-large\"><img loading=\"lazy\" decoding=\"async\" width=\"727\" height=\"1024\" data-id=\"5296\" src=\"https:\/\/gerlachschule-aachen.de\/wp-content\/uploads\/2025\/11\/d6b7e762-b06d-482a-8e1d-9c4deb2e4a8a-727x1024.jpeg\" alt=\"\" class=\"wp-image-5296\" srcset=\"https:\/\/gerlachschule-aachen.de\/wp-content\/uploads\/2025\/11\/d6b7e762-b06d-482a-8e1d-9c4deb2e4a8a-727x1024.jpeg 727w, https:\/\/gerlachschule-aachen.de\/wp-content\/uploads\/2025\/11\/d6b7e762-b06d-482a-8e1d-9c4deb2e4a8a-213x300.jpeg 213w, https:\/\/gerlachschule-aachen.de\/wp-content\/uploads\/2025\/11\/d6b7e762-b06d-482a-8e1d-9c4deb2e4a8a-768x1081.jpeg 768w, https:\/\/gerlachschule-aachen.de\/wp-content\/uploads\/2025\/11\/d6b7e762-b06d-482a-8e1d-9c4deb2e4a8a-1091x1536.jpeg 1091w, https:\/\/gerlachschule-aachen.de\/wp-content\/uploads\/2025\/11\/d6b7e762-b06d-482a-8e1d-9c4deb2e4a8a.jpeg 1152w\" sizes=\"auto, (max-width: 727px) 100vw, 727px\" \/><\/figure>\n\n\n\n<figure class=\"wp-block-image size-large\"><img loading=\"lazy\" decoding=\"async\" width=\"598\" height=\"1024\" data-id=\"5297\" src=\"https:\/\/gerlachschule-aachen.de\/wp-content\/uploads\/2025\/11\/cdf9f4e5-4cdc-4e85-bac9-ca4ec90710ee-598x1024.jpeg\" alt=\"\" class=\"wp-image-5297\" srcset=\"https:\/\/gerlachschule-aachen.de\/wp-content\/uploads\/2025\/11\/cdf9f4e5-4cdc-4e85-bac9-ca4ec90710ee-598x1024.jpeg 598w, https:\/\/gerlachschule-aachen.de\/wp-content\/uploads\/2025\/11\/cdf9f4e5-4cdc-4e85-bac9-ca4ec90710ee-175x300.jpeg 175w, https:\/\/gerlachschule-aachen.de\/wp-content\/uploads\/2025\/11\/cdf9f4e5-4cdc-4e85-bac9-ca4ec90710ee-768x1316.jpeg 768w, https:\/\/gerlachschule-aachen.de\/wp-content\/uploads\/2025\/11\/cdf9f4e5-4cdc-4e85-bac9-ca4ec90710ee-897x1536.jpeg 897w, https:\/\/gerlachschule-aachen.de\/wp-content\/uploads\/2025\/11\/cdf9f4e5-4cdc-4e85-bac9-ca4ec90710ee.jpeg 934w\" sizes=\"auto, (max-width: 598px) 100vw, 598px\" \/><\/figure>\n\n\n\n<figure class=\"wp-block-image size-large\"><img loading=\"lazy\" decoding=\"async\" width=\"478\" height=\"1024\" data-id=\"5298\" src=\"https:\/\/gerlachschule-aachen.de\/wp-content\/uploads\/2025\/11\/e9c43831-f1d4-416d-838e-0d13765bf544-478x1024.jpeg\" alt=\"\" class=\"wp-image-5298\" srcset=\"https:\/\/gerlachschule-aachen.de\/wp-content\/uploads\/2025\/11\/e9c43831-f1d4-416d-838e-0d13765bf544-478x1024.jpeg 478w, https:\/\/gerlachschule-aachen.de\/wp-content\/uploads\/2025\/11\/e9c43831-f1d4-416d-838e-0d13765bf544-140x300.jpeg 140w, https:\/\/gerlachschule-aachen.de\/wp-content\/uploads\/2025\/11\/e9c43831-f1d4-416d-838e-0d13765bf544-717x1536.jpeg 717w, https:\/\/gerlachschule-aachen.de\/wp-content\/uploads\/2025\/11\/e9c43831-f1d4-416d-838e-0d13765bf544.jpeg 747w\" sizes=\"auto, (max-width: 478px) 100vw, 478px\" \/><\/figure>\n<\/figure>\n\n\n\n<p>F\u00fcr 50ct k\u00f6nnen die Kinder sich ein halbes belegtes Br\u00f6tchen kaufen. Obst und Gem\u00fcse, das teilweise von den Eltern gespendet wird, gibt es f\u00fcr alle umsonst.<\/p>\n\n\n\n<p>Die Kinder kommen mit ihren leeren Brotdosen in die Aula und suchen sich aus, was sie essen m\u00f6chten. Es steht nat\u00fcrlich jedem frei, das Fr\u00fchst\u00fcck wie jeden Tag von zuhause mitzubringen.<\/p>\n\n\n\n<div class=\"wp-block-group\"><div class=\"wp-block-group__inner-container is-layout-flow wp-block-group-is-layout-flow\">\n<figure class=\"wp-block-gallery has-nested-images columns-default is-cropped wp-block-gallery-2 is-layout-flex wp-block-gallery-is-layout-flex\">\n<figure class=\"wp-block-image size-large\"><img loading=\"lazy\" decoding=\"async\" width=\"1024\" height=\"768\" data-id=\"397\" src=\"https:\/\/gerlachschule-aachen.de\/wp-content\/uploads\/2019\/11\/GesundesFr\u00fchst\u00fcck3-1024x768.jpg\" alt=\"\" class=\"wp-image-397\" srcset=\"https:\/\/gerlachschule-aachen.de\/wp-content\/uploads\/2019\/11\/GesundesFr\u00fchst\u00fcck3-1024x768.jpg 1024w, https:\/\/gerlachschule-aachen.de\/wp-content\/uploads\/2019\/11\/GesundesFr\u00fchst\u00fcck3-300x225.jpg 300w, https:\/\/gerlachschule-aachen.de\/wp-content\/uploads\/2019\/11\/GesundesFr\u00fchst\u00fcck3-768x576.jpg 768w, https:\/\/gerlachschule-aachen.de\/wp-content\/uploads\/2019\/11\/GesundesFr\u00fchst\u00fcck3-1536x1152.jpg 1536w, https:\/\/gerlachschule-aachen.de\/wp-content\/uploads\/2019\/11\/GesundesFr\u00fchst\u00fcck3-2048x1536.jpg 2048w\" sizes=\"auto, (max-width: 767px) 89vw, (max-width: 1000px) 54vw, (max-width: 1071px) 543px, 580px\" \/><\/figure>\n\n\n\n<figure class=\"wp-block-image size-large\"><img loading=\"lazy\" decoding=\"async\" width=\"768\" height=\"1024\" data-id=\"396\" src=\"https:\/\/gerlachschule-aachen.de\/wp-content\/uploads\/2019\/11\/GesundesFr\u00fchst\u00fcck2-768x1024.jpg\" alt=\"\" class=\"wp-image-396\" srcset=\"https:\/\/gerlachschule-aachen.de\/wp-content\/uploads\/2019\/11\/GesundesFr\u00fchst\u00fcck2-768x1024.jpg 768w, https:\/\/gerlachschule-aachen.de\/wp-content\/uploads\/2019\/11\/GesundesFr\u00fchst\u00fcck2-225x300.jpg 225w, https:\/\/gerlachschule-aachen.de\/wp-content\/uploads\/2019\/11\/GesundesFr\u00fchst\u00fcck2-1152x1536.jpg 1152w, https:\/\/gerlachschule-aachen.de\/wp-content\/uploads\/2019\/11\/GesundesFr\u00fchst\u00fcck2-1536x2048.jpg 1536w, https:\/\/gerlachschule-aachen.de\/wp-content\/uploads\/2019\/11\/GesundesFr\u00fchst\u00fcck2-scaled.jpg 1920w\" sizes=\"auto, (max-width: 767px) 89vw, (max-width: 1000px) 54vw, (max-width: 1071px) 543px, 580px\" \/><\/figure>\n<\/figure>\n<\/div><\/div>\n\n\n\n<p>Alle Termine hierzu finden Sie in unserem aktuellen <a href=\"https:\/\/gerlachschule-aachen.de\/index.php\/termine\/\">Terminkalender<\/a>.<\/p>\n","protected":false},"excerpt":{"rendered":"<p>Einmal im&nbsp;Monat&nbsp;gibt es f\u00fcr alle Kinder der Gerlachschule das von den Eltern vorbereitete Fr\u00fchst\u00fcck mit viel frischem Obst und Gem\u00fcse &#8211; nat\u00fcrlich mundgerecht&nbsp;geschnitten.&nbsp; Da greifen alle zu!!&nbsp; F\u00fcr 50ct k\u00f6nnen die Kinder sich ein halbes belegtes Br\u00f6tchen kaufen. Obst und Gem\u00fcse, das teilweise von den Eltern gespendet wird, gibt es f\u00fcr alle umsonst. Die Kinder &hellip; <\/p>\n<p class=\"link-more\"><a href=\"https:\/\/gerlachschule-aachen.de\/index.php\/gesundes-fruehstueck\/\" class=\"more-link\"><span class=\"screen-reader-text\">\u201eGesundes Fr\u00fchst\u00fcck\u201c <\/span>weiterlesen<\/a><\/p>\n","protected":false},"author":2,"featured_media":0,"parent":0,"menu_order":0,"comment_status":"closed","ping_status":"closed","template":"","meta":{"footnotes":""},"class_list":["post-183","page","type-page","status-publish","hentry"],"_links":{"self":[{"href":"https:\/\/gerlachschule-aachen.de\/index.php\/wp-json\/wp\/v2\/pages\/183","targetHints":{"allow":["GET"]}}],"collection":[{"href":"https:\/\/gerlachschule-aachen.de\/index.php\/wp-json\/wp\/v2\/pages"}],"about":[{"href":"https:\/\/gerlachschule-aachen.de\/index.php\/wp-json\/wp\/v2\/types\/page"}],"author":[{"embeddable":true,"href":"https:\/\/gerlachschule-aachen.de\/index.php\/wp-json\/wp\/v2\/users\/2"}],"replies":[{"embeddable":true,"href":"https:\/\/gerlachschule-aachen.de\/index.php\/wp-json\/wp\/v2\/comments?post=183"}],"version-history":[{"count":11,"href":"https:\/\/gerlachschule-aachen.de\/index.php\/wp-json\/wp\/v2\/pages\/183\/revisions"}],"predecessor-version":[{"id":5299,"href":"https:\/\/gerlachschule-aachen.de\/index.php\/wp-json\/wp\/v2\/pages\/183\/revisions\/5299"}],"wp:attachment":[{"href":"https:\/\/gerlachschule-aachen.de\/index.php\/wp-json\/wp\/v2\/media?parent=183"}],"curies":[{"name":"wp","href":"https:\/\/api.w.org\/{rel}","templated":true}]}}