{"id":2094,"date":"2022-05-02T08:34:41","date_gmt":"2022-05-02T08:34:41","guid":{"rendered":"https:\/\/gerlachschule-aachen.de\/?page_id=2094"},"modified":"2023-05-16T08:31:56","modified_gmt":"2023-05-16T08:31:56","slug":"elterninfos","status":"publish","type":"page","link":"https:\/\/gerlachschule-aachen.de\/index.php\/elterninfos\/","title":{"rendered":"Elterninfos"},"content":{"rendered":"\n<p>Hier k\u00f6nnen Sie den optimalen Fu\u00dfweg f\u00fcr den <a href=\"https:\/\/gerlachschule-aachen.de\/wp-content\/uploads\/2023\/05\/Schulwegplan-Gerlachschule.pdf\" data-type=\"URL\" data-id=\"https:\/\/gerlachschule-aachen.de\/wp-content\/uploads\/2023\/05\/Schulwegplan-Gerlachschule.pdf\">Schulweg<\/a> suchen, damit Ihr Kind sicher zur Schule kommt. <\/p>\n","protected":false},"excerpt":{"rendered":"<p>Hier k\u00f6nnen Sie den optimalen Fu\u00dfweg f\u00fcr den Schulweg suchen, damit Ihr Kind sicher zur Schule kommt.<\/p>\n","protected":false},"author":2,"featured_media":0,"parent":0,"menu_order":0,"comment_status":"closed","ping_status":"closed","template":"","meta":{"footnotes":""},"class_list":["post-2094","page","type-page","status-publish","hentry"],"_links":{"self":[{"href":"https:\/\/gerlachschule-aachen.de\/index.php\/wp-json\/wp\/v2\/pages\/2094","targetHints":{"allow":["GET"]}}],"collection":[{"href":"https:\/\/gerlachschule-aachen.de\/index.php\/wp-json\/wp\/v2\/pages"}],"about":[{"href":"https:\/\/gerlachschule-aachen.de\/index.php\/wp-json\/wp\/v2\/types\/page"}],"author":[{"embeddable":true,"href":"https:\/\/gerlachschule-aachen.de\/index.php\/wp-json\/wp\/v2\/users\/2"}],"replies":[{"embeddable":true,"href":"https:\/\/gerlachschule-aachen.de\/index.php\/wp-json\/wp\/v2\/comments?post=2094"}],"version-history":[{"count":2,"href":"https:\/\/gerlachschule-aachen.de\/index.php\/wp-json\/wp\/v2\/pages\/2094\/revisions"}],"predecessor-version":[{"id":3096,"href":"https:\/\/gerlachschule-aachen.de\/index.php\/wp-json\/wp\/v2\/pages\/2094\/revisions\/3096"}],"wp:attachment":[{"href":"https:\/\/gerlachschule-aachen.de\/index.php\/wp-json\/wp\/v2\/media?parent=2094"}],"curies":[{"name":"wp","href":"https:\/\/api.w.org\/{rel}","templated":true}]}}