{"id":242,"date":"2019-10-28T10:39:33","date_gmt":"2019-10-28T10:39:33","guid":{"rendered":"http:\/\/dev.gerlachschule-aachen.de\/?page_id=242"},"modified":"2025-09-08T08:19:35","modified_gmt":"2025-09-08T08:19:35","slug":"klasse-4a","status":"publish","type":"page","link":"https:\/\/gerlachschule-aachen.de\/index.php\/klasse-4a\/","title":{"rendered":"Klasse 4a"},"content":{"rendered":"\n<p>Wir sind in der Katzenklasse und als Viertkl\u00e4ssler geh\u00f6ren wir jetzt zu den Gro\u00dfen in unserer Schule. Wir \u00fcbernehmen wichtige Aufgaben, z. B. sind wir Pausenhelfer f\u00fcr die Kinder, die in den Pausen Hilfe brauchen. Au\u00dferdem geben wir das Pausenspielzeug aus.<\/p>\n\n\n\n<p>Im ersten Halbjahr haben wir Schwimmunterricht, auf den wir uns richtig freuen.<\/p>\n\n\n\n<p>Im zweiten Halbjahr \u00fcben wir das Fahrradfahren und nehmen an der Radfahrpr\u00fcfung teil.<\/p>\n\n\n\n<p>Die vielen Unterrichtsprojekte, die Feste und Feiern in der Schule sind super und machen uns viel Spa\u00df.<\/p>\n\n\n\n<p>Das gesunde Fr\u00fchst\u00fcck und die w\u00f6chentliche Obstkiste sorgen daf\u00fcr, dass wir fit sind und gut lernen k\u00f6nnen.<\/p>\n\n\n\n<p><\/p>\n\n\n\n<figure class=\"wp-block-image size-large\"><img loading=\"lazy\" decoding=\"async\" width=\"768\" height=\"1024\" src=\"https:\/\/gerlachschule-aachen.de\/wp-content\/uploads\/2021\/09\/3b1-768x1024.jpg\" alt=\"\" class=\"wp-image-1463\" srcset=\"https:\/\/gerlachschule-aachen.de\/wp-content\/uploads\/2021\/09\/3b1-768x1024.jpg 768w, https:\/\/gerlachschule-aachen.de\/wp-content\/uploads\/2021\/09\/3b1-225x300.jpg 225w, https:\/\/gerlachschule-aachen.de\/wp-content\/uploads\/2021\/09\/3b1-1152x1536.jpg 1152w, https:\/\/gerlachschule-aachen.de\/wp-content\/uploads\/2021\/09\/3b1-1536x2048.jpg 1536w, https:\/\/gerlachschule-aachen.de\/wp-content\/uploads\/2021\/09\/3b1-scaled.jpg 1920w\" sizes=\"auto, (max-width: 767px) 89vw, (max-width: 1000px) 54vw, (max-width: 1071px) 543px, 580px\" \/><\/figure>\n","protected":false},"excerpt":{"rendered":"<p>Wir sind in der Katzenklasse und als Viertkl\u00e4ssler geh\u00f6ren wir jetzt zu den Gro\u00dfen in unserer Schule. Wir \u00fcbernehmen wichtige Aufgaben, z. B. sind wir Pausenhelfer f\u00fcr die Kinder, die in den Pausen Hilfe brauchen. Au\u00dferdem geben wir das Pausenspielzeug aus. Im ersten Halbjahr haben wir Schwimmunterricht, auf den wir uns richtig freuen. Im zweiten &hellip; <\/p>\n<p class=\"link-more\"><a href=\"https:\/\/gerlachschule-aachen.de\/index.php\/klasse-4a\/\" class=\"more-link\"><span class=\"screen-reader-text\">\u201eKlasse 4a\u201c <\/span>weiterlesen<\/a><\/p>\n","protected":false},"author":1,"featured_media":0,"parent":0,"menu_order":0,"comment_status":"closed","ping_status":"closed","template":"","meta":{"footnotes":""},"class_list":["post-242","page","type-page","status-publish","hentry"],"_links":{"self":[{"href":"https:\/\/gerlachschule-aachen.de\/index.php\/wp-json\/wp\/v2\/pages\/242","targetHints":{"allow":["GET"]}}],"collection":[{"href":"https:\/\/gerlachschule-aachen.de\/index.php\/wp-json\/wp\/v2\/pages"}],"about":[{"href":"https:\/\/gerlachschule-aachen.de\/index.php\/wp-json\/wp\/v2\/types\/page"}],"author":[{"embeddable":true,"href":"https:\/\/gerlachschule-aachen.de\/index.php\/wp-json\/wp\/v2\/users\/1"}],"replies":[{"embeddable":true,"href":"https:\/\/gerlachschule-aachen.de\/index.php\/wp-json\/wp\/v2\/comments?post=242"}],"version-history":[{"count":14,"href":"https:\/\/gerlachschule-aachen.de\/index.php\/wp-json\/wp\/v2\/pages\/242\/revisions"}],"predecessor-version":[{"id":5184,"href":"https:\/\/gerlachschule-aachen.de\/index.php\/wp-json\/wp\/v2\/pages\/242\/revisions\/5184"}],"wp:attachment":[{"href":"https:\/\/gerlachschule-aachen.de\/index.php\/wp-json\/wp\/v2\/media?parent=242"}],"curies":[{"name":"wp","href":"https:\/\/api.w.org\/{rel}","templated":true}]}}