{"id":244,"date":"2019-10-28T10:40:42","date_gmt":"2019-10-28T10:40:42","guid":{"rendered":"http:\/\/dev.gerlachschule-aachen.de\/?page_id=244"},"modified":"2025-09-08T08:17:36","modified_gmt":"2025-09-08T08:17:36","slug":"klasse-4b","status":"publish","type":"page","link":"https:\/\/gerlachschule-aachen.de\/index.php\/klasse-4b\/","title":{"rendered":"Klasse 4b"},"content":{"rendered":"\n<p>Hallo! Wir sind die Klasse 4b &#8211; die Entenklasse. Wir sind 10 M\u00e4dchen und 11 Jungen. Unsere Klassenlehrerin ist Frau Kraus. Mit ihr haben wir Lesen, Schreiben, Sprache, Sachunterricht, Religion und Englisch. In Mathe haben wir Frau Hammer &#8211; der Schulleiterin. Und dann werden wir auch noch von Herrn Gahn und Frau Ba\u00dfler unterrichtet. Das sind ganz sch\u00f6n viele verschiedene Lehrer und Lehrerinnen.<\/p>\n\n\n\n<p>Unsere Klassentiere sind zwei Enten. Sie hei\u00dfen Loni und Lilli.<\/p>\n\n\n\n<p>Wir sind ganz sch\u00f6n gespannt darauf, was wir in diesem Schuljahr noch so alles erleben. Zuerst fahren wir im September auf Klassenfahrt in die Bildungsst\u00e4tte Rollefer Berg. Und dann werden wir vor den Sommerferien die Fahrradpr\u00fcfung machen. Au\u00dferdem m\u00fcssen wir uns nach den Weihnachtsferien, im n\u00e4chsten Halbjahr, an den weiterf\u00fchrenden Schulen anmelden. Das wird auch ganz sch\u00f6n aufregend.<\/p>\n\n\n\n<p>Wir haben an unserer Schule schon ziemlich viel erlebt: Waldtage, Theaterbesuche, den Aachener Friedenslauf und vieles mehr. Darauf k\u00f6nnt ich euch auch freuen, wenn ihr bei uns an der Schule seid. Kommt uns doch mal beim Tag der offenen T\u00fcr, Sankt Martin oder beim Fr\u00fchlingsfest besuchen.<\/p>\n\n\n\n<p>Eure Klasse 4b<\/p>\n\n\n\n<figure class=\"wp-block-image size-full\"><img loading=\"lazy\" decoding=\"async\" width=\"437\" height=\"345\" src=\"https:\/\/gerlachschule-aachen.de\/wp-content\/uploads\/2025\/09\/image.png\" alt=\"\" class=\"wp-image-5155\" srcset=\"https:\/\/gerlachschule-aachen.de\/wp-content\/uploads\/2025\/09\/image.png 437w, https:\/\/gerlachschule-aachen.de\/wp-content\/uploads\/2025\/09\/image-300x237.png 300w\" sizes=\"auto, (max-width: 437px) 100vw, 437px\" \/><\/figure>\n\n\n\n<p><\/p>\n\n\n\n<p><\/p>\n","protected":false},"excerpt":{"rendered":"<p>Hallo! Wir sind die Klasse 4b &#8211; die Entenklasse. Wir sind 10 M\u00e4dchen und 11 Jungen. Unsere Klassenlehrerin ist Frau Kraus. Mit ihr haben wir Lesen, Schreiben, Sprache, Sachunterricht, Religion und Englisch. In Mathe haben wir Frau Hammer &#8211; der Schulleiterin. Und dann werden wir auch noch von Herrn Gahn und Frau Ba\u00dfler unterrichtet. Das &hellip; <\/p>\n<p class=\"link-more\"><a href=\"https:\/\/gerlachschule-aachen.de\/index.php\/klasse-4b\/\" class=\"more-link\"><span class=\"screen-reader-text\">\u201eKlasse 4b\u201c <\/span>weiterlesen<\/a><\/p>\n","protected":false},"author":1,"featured_media":0,"parent":0,"menu_order":0,"comment_status":"closed","ping_status":"closed","template":"","meta":{"footnotes":""},"class_list":["post-244","page","type-page","status-publish","hentry"],"_links":{"self":[{"href":"https:\/\/gerlachschule-aachen.de\/index.php\/wp-json\/wp\/v2\/pages\/244","targetHints":{"allow":["GET"]}}],"collection":[{"href":"https:\/\/gerlachschule-aachen.de\/index.php\/wp-json\/wp\/v2\/pages"}],"about":[{"href":"https:\/\/gerlachschule-aachen.de\/index.php\/wp-json\/wp\/v2\/types\/page"}],"author":[{"embeddable":true,"href":"https:\/\/gerlachschule-aachen.de\/index.php\/wp-json\/wp\/v2\/users\/1"}],"replies":[{"embeddable":true,"href":"https:\/\/gerlachschule-aachen.de\/index.php\/wp-json\/wp\/v2\/comments?post=244"}],"version-history":[{"count":17,"href":"https:\/\/gerlachschule-aachen.de\/index.php\/wp-json\/wp\/v2\/pages\/244\/revisions"}],"predecessor-version":[{"id":5183,"href":"https:\/\/gerlachschule-aachen.de\/index.php\/wp-json\/wp\/v2\/pages\/244\/revisions\/5183"}],"wp:attachment":[{"href":"https:\/\/gerlachschule-aachen.de\/index.php\/wp-json\/wp\/v2\/media?parent=244"}],"curies":[{"name":"wp","href":"https:\/\/api.w.org\/{rel}","templated":true}]}}