{"id":2700,"date":"2023-01-10T11:35:51","date_gmt":"2023-01-10T11:35:51","guid":{"rendered":"https:\/\/gerlachschule-aachen.de\/?page_id=2700"},"modified":"2026-01-22T11:01:42","modified_gmt":"2026-01-22T11:01:42","slug":"aktuelle-elterninfos","status":"publish","type":"page","link":"https:\/\/gerlachschule-aachen.de\/index.php\/aktuelle-elterninfos\/","title":{"rendered":"Aktuelle Elterninfos"},"content":{"rendered":"\n<p><strong><mark style=\"background-color:#fcb900\" class=\"has-inline-color has-black-color\">20.01.2026<\/mark><\/strong><\/p>\n\n\n\n<p><\/p>\n\n\n\n<p><strong><mark style=\"background-color:#fcb900\" class=\"has-inline-color\"><a href=\"mailto:ogs-gerlachschule@web.de\">Die regul\u00e4re E-Mailadresse og@gerlachschule-aachen.de  funktioniert wieder <\/a><\/mark><\/strong><\/p>\n\n\n\n<p><\/p>\n\n\n\n<p>Beim heutigen Infoabend f\u00fcr die Eltern der &#8222;Schulneulinge&#8220; haben wir mit dem Team auch \u00fcber alle OGS-Themen informiert.<\/p>\n\n\n\n<figure class=\"wp-block-image size-large is-resized\"><img loading=\"lazy\" decoding=\"async\" width=\"1024\" height=\"890\" src=\"https:\/\/gerlachschule-aachen.de\/wp-content\/uploads\/2023\/05\/20230523_194845-1024x890.jpg\" alt=\"\" class=\"wp-image-3108\" style=\"width:378px;height:328px\" srcset=\"https:\/\/gerlachschule-aachen.de\/wp-content\/uploads\/2023\/05\/20230523_194845-1024x890.jpg 1024w, https:\/\/gerlachschule-aachen.de\/wp-content\/uploads\/2023\/05\/20230523_194845-300x261.jpg 300w, https:\/\/gerlachschule-aachen.de\/wp-content\/uploads\/2023\/05\/20230523_194845-768x668.jpg 768w, https:\/\/gerlachschule-aachen.de\/wp-content\/uploads\/2023\/05\/20230523_194845-1536x1336.jpg 1536w, https:\/\/gerlachschule-aachen.de\/wp-content\/uploads\/2023\/05\/20230523_194845-2048x1781.jpg 2048w\" sizes=\"auto, (max-width: 767px) 89vw, (max-width: 1000px) 54vw, (max-width: 1071px) 543px, 580px\" \/><\/figure>\n\n\n\n<figure class=\"wp-block-image size-large\"><img loading=\"lazy\" decoding=\"async\" width=\"1024\" height=\"740\" src=\"https:\/\/gerlachschule-aachen.de\/wp-content\/uploads\/2023\/05\/20230523_194901-1024x740.jpg\" alt=\"\" class=\"wp-image-3107\" srcset=\"https:\/\/gerlachschule-aachen.de\/wp-content\/uploads\/2023\/05\/20230523_194901-1024x740.jpg 1024w, https:\/\/gerlachschule-aachen.de\/wp-content\/uploads\/2023\/05\/20230523_194901-300x217.jpg 300w, https:\/\/gerlachschule-aachen.de\/wp-content\/uploads\/2023\/05\/20230523_194901-768x555.jpg 768w, https:\/\/gerlachschule-aachen.de\/wp-content\/uploads\/2023\/05\/20230523_194901-1536x1109.jpg 1536w, https:\/\/gerlachschule-aachen.de\/wp-content\/uploads\/2023\/05\/20230523_194901-2048x1479.jpg 2048w\" sizes=\"auto, (max-width: 767px) 89vw, (max-width: 1000px) 54vw, (max-width: 1071px) 543px, 580px\" \/><\/figure>\n\n\n\n<figure class=\"wp-block-image size-large\"><img loading=\"lazy\" decoding=\"async\" width=\"673\" height=\"1024\" src=\"https:\/\/gerlachschule-aachen.de\/wp-content\/uploads\/2023\/05\/20230523_194913-673x1024.jpg\" alt=\"\" class=\"wp-image-3106\" srcset=\"https:\/\/gerlachschule-aachen.de\/wp-content\/uploads\/2023\/05\/20230523_194913-673x1024.jpg 673w, https:\/\/gerlachschule-aachen.de\/wp-content\/uploads\/2023\/05\/20230523_194913-197x300.jpg 197w, https:\/\/gerlachschule-aachen.de\/wp-content\/uploads\/2023\/05\/20230523_194913-768x1169.jpg 768w, https:\/\/gerlachschule-aachen.de\/wp-content\/uploads\/2023\/05\/20230523_194913-1009x1536.jpg 1009w, https:\/\/gerlachschule-aachen.de\/wp-content\/uploads\/2023\/05\/20230523_194913-1345x2048.jpg 1345w, https:\/\/gerlachschule-aachen.de\/wp-content\/uploads\/2023\/05\/20230523_194913-scaled.jpg 1682w\" sizes=\"auto, (max-width: 673px) 100vw, 673px\" \/><\/figure>\n","protected":false},"excerpt":{"rendered":"<p>20.01.2026 Die regul\u00e4re E-Mailadresse og@gerlachschule-aachen.de funktioniert wieder Beim heutigen Infoabend f\u00fcr die Eltern der &#8222;Schulneulinge&#8220; haben wir mit dem Team auch \u00fcber alle OGS-Themen informiert.<\/p>\n","protected":false},"author":3,"featured_media":0,"parent":0,"menu_order":0,"comment_status":"closed","ping_status":"closed","template":"","meta":{"footnotes":""},"class_list":["post-2700","page","type-page","status-publish","hentry"],"_links":{"self":[{"href":"https:\/\/gerlachschule-aachen.de\/index.php\/wp-json\/wp\/v2\/pages\/2700","targetHints":{"allow":["GET"]}}],"collection":[{"href":"https:\/\/gerlachschule-aachen.de\/index.php\/wp-json\/wp\/v2\/pages"}],"about":[{"href":"https:\/\/gerlachschule-aachen.de\/index.php\/wp-json\/wp\/v2\/types\/page"}],"author":[{"embeddable":true,"href":"https:\/\/gerlachschule-aachen.de\/index.php\/wp-json\/wp\/v2\/users\/3"}],"replies":[{"embeddable":true,"href":"https:\/\/gerlachschule-aachen.de\/index.php\/wp-json\/wp\/v2\/comments?post=2700"}],"version-history":[{"count":22,"href":"https:\/\/gerlachschule-aachen.de\/index.php\/wp-json\/wp\/v2\/pages\/2700\/revisions"}],"predecessor-version":[{"id":5456,"href":"https:\/\/gerlachschule-aachen.de\/index.php\/wp-json\/wp\/v2\/pages\/2700\/revisions\/5456"}],"wp:attachment":[{"href":"https:\/\/gerlachschule-aachen.de\/index.php\/wp-json\/wp\/v2\/media?parent=2700"}],"curies":[{"name":"wp","href":"https:\/\/api.w.org\/{rel}","templated":true}]}}