{"id":3747,"date":"2024-05-17T15:06:38","date_gmt":"2024-05-17T15:06:38","guid":{"rendered":"https:\/\/gerlachschule-aachen.de\/?page_id=3747"},"modified":"2025-06-13T08:25:11","modified_gmt":"2025-06-13T08:25:11","slug":"demokratische-erziehung","status":"publish","type":"page","link":"https:\/\/gerlachschule-aachen.de\/index.php\/demokratische-erziehung\/","title":{"rendered":"Demokratische Erziehung"},"content":{"rendered":"\n<p class=\"has-text-align-center has-pale-cyan-blue-background-color has-background has-medium-font-size\"><strong>Klassenrat<\/strong><\/p>\n\n\n\n<p>In allen Klassen findet einmal w\u00f6chentlich ein Klassenrat statt. Dieser wird individuell von der Klassenlehrerin gestaltet. Im Klassenrat k\u00f6nnen die Kinder ihre Anliegen, W\u00fcnsche und Probleme \u00e4u\u00dfern und es wird gemeinsam mit der ganzen Klasse nach einer L\u00f6sung gesucht. Dieses Format ist eine wunderbare Form, die Kinder an der Gestaltung des Schullebens teilhaben zu lassen. Demokratische Werte werden vermittelt, Abstimmungen und Absprachen finden statt und werden in der n\u00e4chsten Woche reflektiert und ggf. angepasst. In den h\u00f6heren Klassenstufen wird der Klassenrat h\u00e4ufig von den Kindern selbst moderiert.<\/p>\n\n\n\n<p class=\"has-text-align-center has-luminous-vivid-amber-background-color has-background has-medium-font-size\"><strong>Sch\u00fclerparlament<\/strong><\/p>\n\n\n\n<p>Im Sch\u00fclerparlament wurden heute am Donnerstag, 22. Mai 2025 die von den Kinderabgeordneten \u00fcberarbeiteten Schulregeln f\u00fcr die Vor- und Nachmittagsschule (OGS) vorgestellt. Alle Kinder h\u00f6rten sehr gut zu und gaben im Anschluss, die f\u00fcr sie wichtigsten Regeln wieder. <\/p>\n\n\n\n<figure class=\"wp-block-gallery has-nested-images columns-default is-cropped wp-block-gallery-1 is-layout-flex wp-block-gallery-is-layout-flex\">\n<figure class=\"wp-block-image size-large\"><img loading=\"lazy\" decoding=\"async\" width=\"1024\" height=\"576\" data-id=\"4810\" src=\"https:\/\/gerlachschule-aachen.de\/wp-content\/uploads\/2025\/05\/IMG_2031_1-1024x576.jpg\" alt=\"\" class=\"wp-image-4810\" srcset=\"https:\/\/gerlachschule-aachen.de\/wp-content\/uploads\/2025\/05\/IMG_2031_1-1024x576.jpg 1024w, https:\/\/gerlachschule-aachen.de\/wp-content\/uploads\/2025\/05\/IMG_2031_1-300x169.jpg 300w, https:\/\/gerlachschule-aachen.de\/wp-content\/uploads\/2025\/05\/IMG_2031_1-768x432.jpg 768w, https:\/\/gerlachschule-aachen.de\/wp-content\/uploads\/2025\/05\/IMG_2031_1-1536x864.jpg 1536w, https:\/\/gerlachschule-aachen.de\/wp-content\/uploads\/2025\/05\/IMG_2031_1-2048x1152.jpg 2048w\" sizes=\"auto, (max-width: 767px) 89vw, (max-width: 1000px) 54vw, (max-width: 1071px) 543px, 580px\" \/><\/figure>\n\n\n\n<figure class=\"wp-block-image size-large\"><img loading=\"lazy\" decoding=\"async\" width=\"1024\" height=\"576\" data-id=\"4811\" src=\"https:\/\/gerlachschule-aachen.de\/wp-content\/uploads\/2025\/05\/IMG_2033_1-1024x576.jpg\" alt=\"\" class=\"wp-image-4811\" srcset=\"https:\/\/gerlachschule-aachen.de\/wp-content\/uploads\/2025\/05\/IMG_2033_1-1024x576.jpg 1024w, https:\/\/gerlachschule-aachen.de\/wp-content\/uploads\/2025\/05\/IMG_2033_1-300x169.jpg 300w, https:\/\/gerlachschule-aachen.de\/wp-content\/uploads\/2025\/05\/IMG_2033_1-768x432.jpg 768w, https:\/\/gerlachschule-aachen.de\/wp-content\/uploads\/2025\/05\/IMG_2033_1-1536x864.jpg 1536w, https:\/\/gerlachschule-aachen.de\/wp-content\/uploads\/2025\/05\/IMG_2033_1-2048x1152.jpg 2048w\" sizes=\"auto, (max-width: 767px) 89vw, (max-width: 1000px) 54vw, (max-width: 1071px) 543px, 580px\" \/><\/figure>\n<\/figure>\n\n\n\n<p>In den Klassenr\u00e4ten und der Lehrer*innenkonferenz wird nun \u00fcber die Vorschl\u00e4ge der Kinder diskutiert und beraten. In der n\u00e4chsten Aulaversammlung werden die Ergebnisse pr\u00e4sentiert. <\/p>\n\n\n\n<p>Auch wurde in der heutigen Aulaversammlung ein besonders hilfsbereites Kind geehrt. Max aus der Klasse 1a wurde von unserem Hausmeister Herrn Errachid ausgew\u00e4hlt. Er hilft regelm\u00e4\u00dfig den Schulhof sauber zu halten. <\/p>\n\n\n\n<figure class=\"wp-block-gallery has-nested-images columns-default is-cropped wp-block-gallery-2 is-layout-flex wp-block-gallery-is-layout-flex\">\n<figure class=\"wp-block-image size-large\"><img loading=\"lazy\" decoding=\"async\" width=\"576\" height=\"1024\" data-id=\"4816\" src=\"https:\/\/gerlachschule-aachen.de\/wp-content\/uploads\/2025\/05\/IMG_2043-576x1024.jpg\" alt=\"\" class=\"wp-image-4816\" srcset=\"https:\/\/gerlachschule-aachen.de\/wp-content\/uploads\/2025\/05\/IMG_2043-576x1024.jpg 576w, https:\/\/gerlachschule-aachen.de\/wp-content\/uploads\/2025\/05\/IMG_2043-169x300.jpg 169w, https:\/\/gerlachschule-aachen.de\/wp-content\/uploads\/2025\/05\/IMG_2043-768x1365.jpg 768w, https:\/\/gerlachschule-aachen.de\/wp-content\/uploads\/2025\/05\/IMG_2043-864x1536.jpg 864w, https:\/\/gerlachschule-aachen.de\/wp-content\/uploads\/2025\/05\/IMG_2043-1152x2048.jpg 1152w, https:\/\/gerlachschule-aachen.de\/wp-content\/uploads\/2025\/05\/IMG_2043-scaled.jpg 1440w\" sizes=\"auto, (max-width: 576px) 100vw, 576px\" \/><\/figure>\n<\/figure>\n\n\n\n<p>Zum Abschluss wurden unsere Fu\u00dfballm\u00e4dels und Fu\u00dfballjungs f\u00fcr ihre tollen Leistungen geehrt. Von 94 Mannschaften erreichten die M\u00e4dels den 14. Platz und die Jungs den 15. Platz. Was f\u00fcr eine gro\u00dfartige Leistung. Herzlichen Gl\u00fcckwunsch!! Ein besonderer Dank geht an unser Trainerteam, Herr Gahn und Herr Errachid!      <\/p>\n\n\n\n<figure class=\"wp-block-gallery has-nested-images columns-default is-cropped wp-block-gallery-3 is-layout-flex wp-block-gallery-is-layout-flex\">\n<figure class=\"wp-block-image size-large\"><img loading=\"lazy\" decoding=\"async\" width=\"1024\" height=\"576\" data-id=\"4822\" src=\"https:\/\/gerlachschule-aachen.de\/wp-content\/uploads\/2025\/05\/IMG_2039_1-1024x576.jpg\" alt=\"\" class=\"wp-image-4822\" srcset=\"https:\/\/gerlachschule-aachen.de\/wp-content\/uploads\/2025\/05\/IMG_2039_1-1024x576.jpg 1024w, https:\/\/gerlachschule-aachen.de\/wp-content\/uploads\/2025\/05\/IMG_2039_1-300x169.jpg 300w, https:\/\/gerlachschule-aachen.de\/wp-content\/uploads\/2025\/05\/IMG_2039_1-768x432.jpg 768w, https:\/\/gerlachschule-aachen.de\/wp-content\/uploads\/2025\/05\/IMG_2039_1-1536x864.jpg 1536w, https:\/\/gerlachschule-aachen.de\/wp-content\/uploads\/2025\/05\/IMG_2039_1-2048x1152.jpg 2048w\" sizes=\"auto, (max-width: 767px) 89vw, (max-width: 1000px) 54vw, (max-width: 1071px) 543px, 580px\" \/><\/figure>\n\n\n\n<figure class=\"wp-block-image size-large\"><img loading=\"lazy\" decoding=\"async\" width=\"1024\" height=\"576\" data-id=\"4812\" src=\"https:\/\/gerlachschule-aachen.de\/wp-content\/uploads\/2025\/05\/IMG_2042_1-1024x576.jpg\" alt=\"\" class=\"wp-image-4812\" srcset=\"https:\/\/gerlachschule-aachen.de\/wp-content\/uploads\/2025\/05\/IMG_2042_1-1024x576.jpg 1024w, https:\/\/gerlachschule-aachen.de\/wp-content\/uploads\/2025\/05\/IMG_2042_1-300x169.jpg 300w, https:\/\/gerlachschule-aachen.de\/wp-content\/uploads\/2025\/05\/IMG_2042_1-768x432.jpg 768w, https:\/\/gerlachschule-aachen.de\/wp-content\/uploads\/2025\/05\/IMG_2042_1-1536x864.jpg 1536w, https:\/\/gerlachschule-aachen.de\/wp-content\/uploads\/2025\/05\/IMG_2042_1-2048x1152.jpg 2048w\" sizes=\"auto, (max-width: 767px) 89vw, (max-width: 1000px) 54vw, (max-width: 1071px) 543px, 580px\" \/><\/figure>\n<\/figure>\n\n\n\n<p>Unser Sch\u00fclersprecher Stefan bat die Kinder darum, Kaugummi nur im M\u00fclleimer zu entsorgen. <\/p>\n\n\n\n<p>Herr Errachid stellt den Kindern in der Pause ab sofort Spachtel zur Verf\u00fcgung, um Kaugummis abzukratzen und mit der M\u00fcllzange zu entsorgen.   <\/p>\n\n\n\n<figure class=\"wp-block-gallery has-nested-images columns-default is-cropped wp-block-gallery-4 is-layout-flex wp-block-gallery-is-layout-flex\">\n<figure class=\"wp-block-image size-large\"><img loading=\"lazy\" decoding=\"async\" width=\"576\" height=\"1024\" data-id=\"4815\" src=\"https:\/\/gerlachschule-aachen.de\/wp-content\/uploads\/2025\/05\/IMG_2045-576x1024.jpg\" alt=\"\" class=\"wp-image-4815\" srcset=\"https:\/\/gerlachschule-aachen.de\/wp-content\/uploads\/2025\/05\/IMG_2045-576x1024.jpg 576w, https:\/\/gerlachschule-aachen.de\/wp-content\/uploads\/2025\/05\/IMG_2045-169x300.jpg 169w, https:\/\/gerlachschule-aachen.de\/wp-content\/uploads\/2025\/05\/IMG_2045-768x1365.jpg 768w, https:\/\/gerlachschule-aachen.de\/wp-content\/uploads\/2025\/05\/IMG_2045-864x1536.jpg 864w, https:\/\/gerlachschule-aachen.de\/wp-content\/uploads\/2025\/05\/IMG_2045-1152x2048.jpg 1152w, https:\/\/gerlachschule-aachen.de\/wp-content\/uploads\/2025\/05\/IMG_2045-scaled.jpg 1440w\" sizes=\"auto, (max-width: 576px) 100vw, 576px\" \/><\/figure>\n<\/figure>\n\n\n\n<figure class=\"wp-block-gallery has-nested-images columns-default is-cropped wp-block-gallery-5 is-layout-flex wp-block-gallery-is-layout-flex\">\n<figure class=\"wp-block-image size-large\"><img loading=\"lazy\" decoding=\"async\" width=\"575\" height=\"1024\" data-id=\"3742\" src=\"https:\/\/gerlachschule-aachen.de\/wp-content\/uploads\/2024\/05\/IMG_1294-575x1024.jpeg\" alt=\"\" class=\"wp-image-3742\" srcset=\"https:\/\/gerlachschule-aachen.de\/wp-content\/uploads\/2024\/05\/IMG_1294-575x1024.jpeg 575w, https:\/\/gerlachschule-aachen.de\/wp-content\/uploads\/2024\/05\/IMG_1294-169x300.jpeg 169w, https:\/\/gerlachschule-aachen.de\/wp-content\/uploads\/2024\/05\/IMG_1294-768x1367.jpeg 768w, https:\/\/gerlachschule-aachen.de\/wp-content\/uploads\/2024\/05\/IMG_1294-863x1536.jpeg 863w, https:\/\/gerlachschule-aachen.de\/wp-content\/uploads\/2024\/05\/IMG_1294-1151x2048.jpeg 1151w, https:\/\/gerlachschule-aachen.de\/wp-content\/uploads\/2024\/05\/IMG_1294-scaled.jpeg 1439w\" sizes=\"auto, (max-width: 575px) 100vw, 575px\" \/><\/figure>\n\n\n\n<figure data-wp-context=\"{&quot;imageId&quot;:&quot;69e31d5c4a84b&quot;}\" data-wp-interactive=\"core\/image\" data-wp-key=\"69e31d5c4a84b\" class=\"wp-block-image size-large wp-lightbox-container\"><img loading=\"lazy\" decoding=\"async\" width=\"768\" height=\"1024\" data-wp-class--hide=\"state.isContentHidden\" data-wp-class--show=\"state.isContentVisible\" data-wp-init=\"callbacks.setButtonStyles\" data-wp-on--click=\"actions.showLightbox\" data-wp-on--load=\"callbacks.setButtonStyles\" data-wp-on-window--resize=\"callbacks.setButtonStyles\" data-id=\"3741\" src=\"https:\/\/gerlachschule-aachen.de\/wp-content\/uploads\/2024\/05\/IMG_1292-768x1024.jpeg\" alt=\"\" class=\"wp-image-3741\" srcset=\"https:\/\/gerlachschule-aachen.de\/wp-content\/uploads\/2024\/05\/IMG_1292-768x1024.jpeg 768w, https:\/\/gerlachschule-aachen.de\/wp-content\/uploads\/2024\/05\/IMG_1292-225x300.jpeg 225w, https:\/\/gerlachschule-aachen.de\/wp-content\/uploads\/2024\/05\/IMG_1292-1152x1536.jpeg 1152w, https:\/\/gerlachschule-aachen.de\/wp-content\/uploads\/2024\/05\/IMG_1292-1536x2048.jpeg 1536w, https:\/\/gerlachschule-aachen.de\/wp-content\/uploads\/2024\/05\/IMG_1292-scaled.jpeg 1920w\" sizes=\"auto, (max-width: 767px) 89vw, (max-width: 1000px) 54vw, (max-width: 1071px) 543px, 580px\" \/><button\n\t\t\tclass=\"lightbox-trigger\"\n\t\t\ttype=\"button\"\n\t\t\taria-haspopup=\"dialog\"\n\t\t\taria-label=\"Vergr\u00f6\u00dfern\"\n\t\t\tdata-wp-init=\"callbacks.initTriggerButton\"\n\t\t\tdata-wp-on--click=\"actions.showLightbox\"\n\t\t\tdata-wp-style--right=\"state.imageButtonRight\"\n\t\t\tdata-wp-style--top=\"state.imageButtonTop\"\n\t\t>\n\t\t\t<svg xmlns=\"http:\/\/www.w3.org\/2000\/svg\" width=\"12\" height=\"12\" fill=\"none\" viewBox=\"0 0 12 12\">\n\t\t\t\t<path fill=\"#fff\" d=\"M2 0a2 2 0 0 0-2 2v2h1.5V2a.5.5 0 0 1 .5-.5h2V0H2Zm2 10.5H2a.5.5 0 0 1-.5-.5V8H0v2a2 2 0 0 0 2 2h2v-1.5ZM8 12v-1.5h2a.5.5 0 0 0 .5-.5V8H12v2a2 2 0 0 1-2 2H8Zm2-12a2 2 0 0 1 2 2v2h-1.5V2a.5.5 0 0 0-.5-.5H8V0h2Z\" \/>\n\t\t\t<\/svg>\n\t\t<\/button><\/figure>\n\n\n\n<figure class=\"wp-block-image size-large is-style-rounded\"><img loading=\"lazy\" decoding=\"async\" width=\"768\" height=\"1024\" data-id=\"3740\" src=\"https:\/\/gerlachschule-aachen.de\/wp-content\/uploads\/2024\/05\/IMG_1290-768x1024.jpeg\" alt=\"\" class=\"wp-image-3740\" srcset=\"https:\/\/gerlachschule-aachen.de\/wp-content\/uploads\/2024\/05\/IMG_1290-768x1024.jpeg 768w, https:\/\/gerlachschule-aachen.de\/wp-content\/uploads\/2024\/05\/IMG_1290-225x300.jpeg 225w, https:\/\/gerlachschule-aachen.de\/wp-content\/uploads\/2024\/05\/IMG_1290-1152x1536.jpeg 1152w, https:\/\/gerlachschule-aachen.de\/wp-content\/uploads\/2024\/05\/IMG_1290-1536x2048.jpeg 1536w, https:\/\/gerlachschule-aachen.de\/wp-content\/uploads\/2024\/05\/IMG_1290-scaled.jpeg 1920w\" sizes=\"auto, (max-width: 767px) 89vw, (max-width: 1000px) 54vw, (max-width: 1071px) 543px, 580px\" \/><\/figure>\n<\/figure>\n\n\n\n<p><\/p>\n\n\n\n<p class=\"has-text-align-center has-pale-cyan-blue-background-color has-background has-medium-font-size\"><strong>Demonstration f\u00fcr Kinderrechte<\/strong> <strong>am Weltspieletag<\/strong><\/p>\n\n\n\n<p>Am Mittwoch, 11. Juni 2025, dem Weltspieletag, haben wir mit den Klassensprecher*innen der dritten und vierten Klasse die Demonstration f\u00fcr Kinderrechte in Aachen besucht. Mit Gesang, Instrumenten und Schlachtrufen haben die Kinder auf ihre Rechte aufmerksam gemacht. Am Holzgraben endete die Demonstration und die Kinder durften verschiedene Spiele ausprobieren. Mit einem leckeren Eis haben wir den sch\u00f6nen Vormittag ausklingen lassen.<\/p>\n\n\n\n<figure class=\"wp-block-gallery has-nested-images columns-default is-cropped wp-block-gallery-6 is-layout-flex wp-block-gallery-is-layout-flex\">\n<figure class=\"wp-block-image size-large\"><img loading=\"lazy\" decoding=\"async\" width=\"1024\" height=\"576\" data-id=\"4845\" src=\"https:\/\/gerlachschule-aachen.de\/wp-content\/uploads\/2025\/06\/IMG_2073_1-1024x576.jpg\" alt=\"\" class=\"wp-image-4845\" srcset=\"https:\/\/gerlachschule-aachen.de\/wp-content\/uploads\/2025\/06\/IMG_2073_1-1024x576.jpg 1024w, https:\/\/gerlachschule-aachen.de\/wp-content\/uploads\/2025\/06\/IMG_2073_1-300x169.jpg 300w, https:\/\/gerlachschule-aachen.de\/wp-content\/uploads\/2025\/06\/IMG_2073_1-768x432.jpg 768w, https:\/\/gerlachschule-aachen.de\/wp-content\/uploads\/2025\/06\/IMG_2073_1-1536x864.jpg 1536w, https:\/\/gerlachschule-aachen.de\/wp-content\/uploads\/2025\/06\/IMG_2073_1-2048x1152.jpg 2048w\" sizes=\"auto, (max-width: 767px) 89vw, (max-width: 1000px) 54vw, (max-width: 1071px) 543px, 580px\" \/><\/figure>\n\n\n\n<figure class=\"wp-block-image size-large\"><img loading=\"lazy\" decoding=\"async\" width=\"1024\" height=\"576\" data-id=\"4847\" src=\"https:\/\/gerlachschule-aachen.de\/wp-content\/uploads\/2025\/06\/IMG_2075_1-1024x576.jpg\" alt=\"\" class=\"wp-image-4847\" srcset=\"https:\/\/gerlachschule-aachen.de\/wp-content\/uploads\/2025\/06\/IMG_2075_1-1024x576.jpg 1024w, https:\/\/gerlachschule-aachen.de\/wp-content\/uploads\/2025\/06\/IMG_2075_1-300x169.jpg 300w, https:\/\/gerlachschule-aachen.de\/wp-content\/uploads\/2025\/06\/IMG_2075_1-768x432.jpg 768w, https:\/\/gerlachschule-aachen.de\/wp-content\/uploads\/2025\/06\/IMG_2075_1-1536x864.jpg 1536w, https:\/\/gerlachschule-aachen.de\/wp-content\/uploads\/2025\/06\/IMG_2075_1-2048x1152.jpg 2048w\" sizes=\"auto, (max-width: 767px) 89vw, (max-width: 1000px) 54vw, (max-width: 1071px) 543px, 580px\" \/><\/figure>\n\n\n\n<figure class=\"wp-block-image size-large\"><img loading=\"lazy\" decoding=\"async\" width=\"576\" height=\"1024\" data-id=\"4848\" src=\"https:\/\/gerlachschule-aachen.de\/wp-content\/uploads\/2025\/06\/IMG_2083_1-576x1024.jpg\" alt=\"\" class=\"wp-image-4848\" srcset=\"https:\/\/gerlachschule-aachen.de\/wp-content\/uploads\/2025\/06\/IMG_2083_1-576x1024.jpg 576w, https:\/\/gerlachschule-aachen.de\/wp-content\/uploads\/2025\/06\/IMG_2083_1-169x300.jpg 169w, https:\/\/gerlachschule-aachen.de\/wp-content\/uploads\/2025\/06\/IMG_2083_1-768x1365.jpg 768w, https:\/\/gerlachschule-aachen.de\/wp-content\/uploads\/2025\/06\/IMG_2083_1-864x1536.jpg 864w, https:\/\/gerlachschule-aachen.de\/wp-content\/uploads\/2025\/06\/IMG_2083_1-1152x2048.jpg 1152w, https:\/\/gerlachschule-aachen.de\/wp-content\/uploads\/2025\/06\/IMG_2083_1-scaled.jpg 1440w\" sizes=\"auto, (max-width: 576px) 100vw, 576px\" \/><\/figure>\n\n\n\n<figure class=\"wp-block-image size-large\"><img loading=\"lazy\" decoding=\"async\" width=\"1024\" height=\"576\" data-id=\"4849\" src=\"https:\/\/gerlachschule-aachen.de\/wp-content\/uploads\/2025\/06\/IMG_2084_1-1024x576.jpg\" alt=\"\" class=\"wp-image-4849\" srcset=\"https:\/\/gerlachschule-aachen.de\/wp-content\/uploads\/2025\/06\/IMG_2084_1-1024x576.jpg 1024w, https:\/\/gerlachschule-aachen.de\/wp-content\/uploads\/2025\/06\/IMG_2084_1-300x169.jpg 300w, https:\/\/gerlachschule-aachen.de\/wp-content\/uploads\/2025\/06\/IMG_2084_1-768x432.jpg 768w, https:\/\/gerlachschule-aachen.de\/wp-content\/uploads\/2025\/06\/IMG_2084_1-1536x864.jpg 1536w, https:\/\/gerlachschule-aachen.de\/wp-content\/uploads\/2025\/06\/IMG_2084_1-2048x1152.jpg 2048w\" sizes=\"auto, (max-width: 767px) 89vw, (max-width: 1000px) 54vw, (max-width: 1071px) 543px, 580px\" \/><\/figure>\n<\/figure>\n\n\n\n<figure class=\"wp-block-gallery has-nested-images columns-default is-cropped wp-block-gallery-7 is-layout-flex wp-block-gallery-is-layout-flex\">\n<figure class=\"wp-block-image size-large\"><img loading=\"lazy\" decoding=\"async\" width=\"1024\" height=\"576\" data-id=\"4852\" src=\"https:\/\/gerlachschule-aachen.de\/wp-content\/uploads\/2025\/06\/IMG_2090-1024x576.jpg\" alt=\"\" class=\"wp-image-4852\" srcset=\"https:\/\/gerlachschule-aachen.de\/wp-content\/uploads\/2025\/06\/IMG_2090-1024x576.jpg 1024w, https:\/\/gerlachschule-aachen.de\/wp-content\/uploads\/2025\/06\/IMG_2090-300x169.jpg 300w, https:\/\/gerlachschule-aachen.de\/wp-content\/uploads\/2025\/06\/IMG_2090-768x432.jpg 768w, https:\/\/gerlachschule-aachen.de\/wp-content\/uploads\/2025\/06\/IMG_2090-1536x864.jpg 1536w, https:\/\/gerlachschule-aachen.de\/wp-content\/uploads\/2025\/06\/IMG_2090-2048x1152.jpg 2048w\" sizes=\"auto, (max-width: 767px) 89vw, (max-width: 1000px) 54vw, (max-width: 1071px) 543px, 580px\" \/><\/figure>\n\n\n\n<figure class=\"wp-block-image size-large\"><img loading=\"lazy\" decoding=\"async\" width=\"1024\" height=\"576\" data-id=\"4853\" src=\"https:\/\/gerlachschule-aachen.de\/wp-content\/uploads\/2025\/06\/IMG_2091-1024x576.jpg\" alt=\"\" class=\"wp-image-4853\" srcset=\"https:\/\/gerlachschule-aachen.de\/wp-content\/uploads\/2025\/06\/IMG_2091-1024x576.jpg 1024w, https:\/\/gerlachschule-aachen.de\/wp-content\/uploads\/2025\/06\/IMG_2091-300x169.jpg 300w, https:\/\/gerlachschule-aachen.de\/wp-content\/uploads\/2025\/06\/IMG_2091-768x432.jpg 768w, https:\/\/gerlachschule-aachen.de\/wp-content\/uploads\/2025\/06\/IMG_2091-1536x864.jpg 1536w, https:\/\/gerlachschule-aachen.de\/wp-content\/uploads\/2025\/06\/IMG_2091-2048x1152.jpg 2048w\" sizes=\"auto, (max-width: 767px) 89vw, (max-width: 1000px) 54vw, (max-width: 1071px) 543px, 580px\" \/><\/figure>\n<\/figure>\n","protected":false},"excerpt":{"rendered":"<p>Klassenrat In allen Klassen findet einmal w\u00f6chentlich ein Klassenrat statt. Dieser wird individuell von der Klassenlehrerin gestaltet. Im Klassenrat k\u00f6nnen die Kinder ihre Anliegen, W\u00fcnsche und Probleme \u00e4u\u00dfern und es wird gemeinsam mit der ganzen Klasse nach einer L\u00f6sung gesucht. Dieses Format ist eine wunderbare Form, die Kinder an der Gestaltung des Schullebens teilhaben zu &hellip; <\/p>\n<p class=\"link-more\"><a href=\"https:\/\/gerlachschule-aachen.de\/index.php\/demokratische-erziehung\/\" class=\"more-link\"><span class=\"screen-reader-text\">\u201eDemokratische Erziehung\u201c <\/span>weiterlesen<\/a><\/p>\n","protected":false},"author":6,"featured_media":0,"parent":0,"menu_order":0,"comment_status":"closed","ping_status":"closed","template":"","meta":{"footnotes":""},"class_list":["post-3747","page","type-page","status-publish","hentry"],"_links":{"self":[{"href":"https:\/\/gerlachschule-aachen.de\/index.php\/wp-json\/wp\/v2\/pages\/3747","targetHints":{"allow":["GET"]}}],"collection":[{"href":"https:\/\/gerlachschule-aachen.de\/index.php\/wp-json\/wp\/v2\/pages"}],"about":[{"href":"https:\/\/gerlachschule-aachen.de\/index.php\/wp-json\/wp\/v2\/types\/page"}],"author":[{"embeddable":true,"href":"https:\/\/gerlachschule-aachen.de\/index.php\/wp-json\/wp\/v2\/users\/6"}],"replies":[{"embeddable":true,"href":"https:\/\/gerlachschule-aachen.de\/index.php\/wp-json\/wp\/v2\/comments?post=3747"}],"version-history":[{"count":12,"href":"https:\/\/gerlachschule-aachen.de\/index.php\/wp-json\/wp\/v2\/pages\/3747\/revisions"}],"predecessor-version":[{"id":4855,"href":"https:\/\/gerlachschule-aachen.de\/index.php\/wp-json\/wp\/v2\/pages\/3747\/revisions\/4855"}],"wp:attachment":[{"href":"https:\/\/gerlachschule-aachen.de\/index.php\/wp-json\/wp\/v2\/media?parent=3747"}],"curies":[{"name":"wp","href":"https:\/\/api.w.org\/{rel}","templated":true}]}}