{"id":489,"date":"2019-12-04T07:00:54","date_gmt":"2019-12-04T07:00:54","guid":{"rendered":"http:\/\/dev.gerlachschule-aachen.de\/?page_id=489"},"modified":"2022-12-08T11:03:28","modified_gmt":"2022-12-08T11:03:28","slug":"allgemeines-zur-ogs","status":"publish","type":"page","link":"https:\/\/gerlachschule-aachen.de\/index.php\/allgemeines-zur-ogs\/","title":{"rendered":"Allgemeines zur OGS"},"content":{"rendered":"\n<p>Derzeit besuchen t\u00e4glich ca. 180 Kinder unsere OGS. In den vier R\u00e4umen im Hauptgeb\u00e4ude, den R\u00e4umen im Pavillon (sowie allen anderen R\u00e4umen der Schule die wir auch in der OGS-Zeit nutzen k\u00f6nnen) finden sie viel Platz zum Lernen und  Spielen.  <\/p>\n\n\n\n<p>In der OGS bieten wir t\u00e4glich<br>&#8211; ein warmes Mittagessen <br>&#8211; betreute Lernzeiten (durch OGS und Schule) <br>&#8211; Kurse und Angebote in Kleingruppen und<br>&#8211; Freispiel.\u00a0 <\/p>\n\n\n\n<div class=\"wp-block-group\"><div class=\"wp-block-group__inner-container is-layout-flow wp-block-group-is-layout-flow\">\n<figure class=\"wp-block-gallery has-nested-images columns-default is-cropped wp-block-gallery-1 is-layout-flex wp-block-gallery-is-layout-flex\">\n<figure class=\"wp-block-image size-large\"><img loading=\"lazy\" decoding=\"async\" width=\"576\" height=\"1024\" data-id=\"505\" src=\"https:\/\/gerlachschule-aachen.de\/wp-content\/uploads\/2019\/12\/OGS-Spielecke-576x1024.jpg\" alt=\"\" class=\"wp-image-505\" srcset=\"https:\/\/gerlachschule-aachen.de\/wp-content\/uploads\/2019\/12\/OGS-Spielecke-576x1024.jpg 576w, https:\/\/gerlachschule-aachen.de\/wp-content\/uploads\/2019\/12\/OGS-Spielecke-169x300.jpg 169w, https:\/\/gerlachschule-aachen.de\/wp-content\/uploads\/2019\/12\/OGS-Spielecke.jpg 600w\" sizes=\"auto, (max-width: 576px) 100vw, 576px\" \/><\/figure>\n\n\n\n<figure class=\"wp-block-image size-large\"><img loading=\"lazy\" decoding=\"async\" width=\"600\" height=\"338\" data-id=\"504\" src=\"https:\/\/gerlachschule-aachen.de\/wp-content\/uploads\/2019\/12\/OGS-Puppenhaus.jpg\" alt=\"\" class=\"wp-image-504\" srcset=\"https:\/\/gerlachschule-aachen.de\/wp-content\/uploads\/2019\/12\/OGS-Puppenhaus.jpg 600w, https:\/\/gerlachschule-aachen.de\/wp-content\/uploads\/2019\/12\/OGS-Puppenhaus-300x169.jpg 300w\" sizes=\"auto, (max-width: 600px) 100vw, 600px\" \/><\/figure>\n\n\n\n<figure class=\"wp-block-image size-large\"><img loading=\"lazy\" decoding=\"async\" width=\"575\" height=\"1024\" data-id=\"503\" src=\"https:\/\/gerlachschule-aachen.de\/wp-content\/uploads\/2019\/12\/OGS-Magnetspielzeug-575x1024.jpg\" alt=\"\" class=\"wp-image-503\" srcset=\"https:\/\/gerlachschule-aachen.de\/wp-content\/uploads\/2019\/12\/OGS-Magnetspielzeug-575x1024.jpg 575w, https:\/\/gerlachschule-aachen.de\/wp-content\/uploads\/2019\/12\/OGS-Magnetspielzeug-169x300.jpg 169w, https:\/\/gerlachschule-aachen.de\/wp-content\/uploads\/2019\/12\/OGS-Magnetspielzeug-768x1367.jpg 768w, https:\/\/gerlachschule-aachen.de\/wp-content\/uploads\/2019\/12\/OGS-Magnetspielzeug-863x1536.jpg 863w, https:\/\/gerlachschule-aachen.de\/wp-content\/uploads\/2019\/12\/OGS-Magnetspielzeug.jpg 899w\" sizes=\"auto, (max-width: 575px) 100vw, 575px\" \/><\/figure>\n<\/figure>\n<\/div><\/div>\n\n\n\n<p>Alle  OGS-Kr\u00e4fte arbeiten Hand in Hand mit den Lehrerinnen sowie der  Schulsozialarbeiterin, damit Ihr Kind im Sinne des  Schulmottos  &#8222;Gemeinsam lernen mit Kopf, Herz und Hand\u201c (nach J.H.  Pestalozzi) seinen  F\u00e4higkeiten entsprechend gef\u00f6rdert werden kann.<\/p>\n\n\n\n<div class=\"wp-block-group\"><div class=\"wp-block-group__inner-container is-layout-flow wp-block-group-is-layout-flow\">\n<figure class=\"wp-block-gallery has-nested-images columns-default is-cropped wp-block-gallery-2 is-layout-flex wp-block-gallery-is-layout-flex\">\n<figure class=\"wp-block-image size-large\"><img loading=\"lazy\" decoding=\"async\" width=\"1024\" height=\"768\" data-id=\"521\" src=\"http:\/\/dev.gerlachschule-aachen.de\/wp-content\/uploads\/2019\/12\/20191204_104409-1024x768.jpg\" alt=\"\" class=\"wp-image-521\" srcset=\"https:\/\/gerlachschule-aachen.de\/wp-content\/uploads\/2019\/12\/20191204_104409-1024x768.jpg 1024w, https:\/\/gerlachschule-aachen.de\/wp-content\/uploads\/2019\/12\/20191204_104409-300x225.jpg 300w, https:\/\/gerlachschule-aachen.de\/wp-content\/uploads\/2019\/12\/20191204_104409-768x576.jpg 768w, https:\/\/gerlachschule-aachen.de\/wp-content\/uploads\/2019\/12\/20191204_104409-1536x1152.jpg 1536w, https:\/\/gerlachschule-aachen.de\/wp-content\/uploads\/2019\/12\/20191204_104409-2048x1536.jpg 2048w\" sizes=\"auto, (max-width: 767px) 89vw, (max-width: 1000px) 54vw, (max-width: 1071px) 543px, 580px\" \/><figcaption>Mensa<\/figcaption><\/figure>\n\n\n\n<figure class=\"wp-block-image size-large\"><img loading=\"lazy\" decoding=\"async\" width=\"768\" height=\"1024\" data-id=\"511\" src=\"http:\/\/dev.gerlachschule-aachen.de\/wp-content\/uploads\/2019\/12\/20191204_104751-768x1024.jpg\" alt=\"\" class=\"wp-image-511\" srcset=\"https:\/\/gerlachschule-aachen.de\/wp-content\/uploads\/2019\/12\/20191204_104751-768x1024.jpg 768w, https:\/\/gerlachschule-aachen.de\/wp-content\/uploads\/2019\/12\/20191204_104751-225x300.jpg 225w, https:\/\/gerlachschule-aachen.de\/wp-content\/uploads\/2019\/12\/20191204_104751-1152x1536.jpg 1152w, https:\/\/gerlachschule-aachen.de\/wp-content\/uploads\/2019\/12\/20191204_104751-1536x2048.jpg 1536w, https:\/\/gerlachschule-aachen.de\/wp-content\/uploads\/2019\/12\/20191204_104751-scaled.jpg 1920w\" sizes=\"auto, (max-width: 767px) 89vw, (max-width: 1000px) 54vw, (max-width: 1071px) 543px, 580px\" \/><figcaption>Spielecke<\/figcaption><\/figure>\n\n\n\n<figure class=\"wp-block-image size-large\"><img loading=\"lazy\" decoding=\"async\" width=\"1024\" height=\"768\" data-id=\"516\" src=\"http:\/\/dev.gerlachschule-aachen.de\/wp-content\/uploads\/2019\/12\/20191204_104931-1024x768.jpg\" alt=\"\" class=\"wp-image-516\" srcset=\"https:\/\/gerlachschule-aachen.de\/wp-content\/uploads\/2019\/12\/20191204_104931-1024x768.jpg 1024w, https:\/\/gerlachschule-aachen.de\/wp-content\/uploads\/2019\/12\/20191204_104931-300x225.jpg 300w, https:\/\/gerlachschule-aachen.de\/wp-content\/uploads\/2019\/12\/20191204_104931-768x576.jpg 768w, https:\/\/gerlachschule-aachen.de\/wp-content\/uploads\/2019\/12\/20191204_104931-1536x1152.jpg 1536w, https:\/\/gerlachschule-aachen.de\/wp-content\/uploads\/2019\/12\/20191204_104931-2048x1536.jpg 2048w\" sizes=\"auto, (max-width: 767px) 89vw, (max-width: 1000px) 54vw, (max-width: 1071px) 543px, 580px\" \/><figcaption>Spieleregal<\/figcaption><\/figure>\n<\/figure>\n<\/div><\/div>\n\n\n\n<p><br><\/p>\n\n\n\n<div class=\"wp-block-group\"><div class=\"wp-block-group__inner-container is-layout-flow wp-block-group-is-layout-flow\">\n<figure class=\"wp-block-gallery has-nested-images columns-default is-cropped wp-block-gallery-3 is-layout-flex wp-block-gallery-is-layout-flex\">\n<figure class=\"wp-block-image size-large\"><img loading=\"lazy\" decoding=\"async\" width=\"1024\" height=\"768\" data-id=\"514\" src=\"https:\/\/gerlachschule-aachen.de\/wp-content\/uploads\/2019\/12\/20191204_104844-1024x768.jpg\" alt=\"\" class=\"wp-image-514\" srcset=\"https:\/\/gerlachschule-aachen.de\/wp-content\/uploads\/2019\/12\/20191204_104844-1024x768.jpg 1024w, https:\/\/gerlachschule-aachen.de\/wp-content\/uploads\/2019\/12\/20191204_104844-300x225.jpg 300w, https:\/\/gerlachschule-aachen.de\/wp-content\/uploads\/2019\/12\/20191204_104844-768x576.jpg 768w, https:\/\/gerlachschule-aachen.de\/wp-content\/uploads\/2019\/12\/20191204_104844-1536x1152.jpg 1536w, https:\/\/gerlachschule-aachen.de\/wp-content\/uploads\/2019\/12\/20191204_104844-2048x1536.jpg 2048w\" sizes=\"auto, (max-width: 767px) 89vw, (max-width: 1000px) 54vw, (max-width: 1071px) 543px, 580px\" \/><figcaption>K\u00fcchenecke<\/figcaption><\/figure>\n\n\n\n<figure class=\"wp-block-image size-large\"><img loading=\"lazy\" decoding=\"async\" width=\"768\" height=\"1024\" data-id=\"517\" src=\"https:\/\/gerlachschule-aachen.de\/wp-content\/uploads\/2019\/12\/20191204_104944-768x1024.jpg\" alt=\"\" class=\"wp-image-517\" srcset=\"https:\/\/gerlachschule-aachen.de\/wp-content\/uploads\/2019\/12\/20191204_104944-768x1024.jpg 768w, https:\/\/gerlachschule-aachen.de\/wp-content\/uploads\/2019\/12\/20191204_104944-225x300.jpg 225w, https:\/\/gerlachschule-aachen.de\/wp-content\/uploads\/2019\/12\/20191204_104944-1152x1536.jpg 1152w, https:\/\/gerlachschule-aachen.de\/wp-content\/uploads\/2019\/12\/20191204_104944-1536x2048.jpg 1536w, https:\/\/gerlachschule-aachen.de\/wp-content\/uploads\/2019\/12\/20191204_104944-scaled.jpg 1920w\" sizes=\"auto, (max-width: 767px) 89vw, (max-width: 1000px) 54vw, (max-width: 1071px) 543px, 580px\" \/><figcaption>Lesesofa<\/figcaption><\/figure>\n\n\n\n<figure class=\"wp-block-image size-large\"><img loading=\"lazy\" decoding=\"async\" width=\"1024\" height=\"768\" data-id=\"510\" src=\"https:\/\/gerlachschule-aachen.de\/wp-content\/uploads\/2019\/12\/20191204_104741-1024x768.jpg\" alt=\"\" class=\"wp-image-510\" srcset=\"https:\/\/gerlachschule-aachen.de\/wp-content\/uploads\/2019\/12\/20191204_104741-1024x768.jpg 1024w, https:\/\/gerlachschule-aachen.de\/wp-content\/uploads\/2019\/12\/20191204_104741-300x225.jpg 300w, https:\/\/gerlachschule-aachen.de\/wp-content\/uploads\/2019\/12\/20191204_104741-768x576.jpg 768w, https:\/\/gerlachschule-aachen.de\/wp-content\/uploads\/2019\/12\/20191204_104741-1536x1152.jpg 1536w, https:\/\/gerlachschule-aachen.de\/wp-content\/uploads\/2019\/12\/20191204_104741-2048x1536.jpg 2048w\" sizes=\"auto, (max-width: 767px) 89vw, (max-width: 1000px) 54vw, (max-width: 1071px) 543px, 580px\" \/><figcaption>Bastelecke<\/figcaption><\/figure>\n\n\n\n<figure class=\"wp-block-image size-large\"><img loading=\"lazy\" decoding=\"async\" width=\"768\" height=\"1024\" data-id=\"512\" src=\"https:\/\/gerlachschule-aachen.de\/wp-content\/uploads\/2019\/12\/20191204_104804-768x1024.jpg\" alt=\"\" class=\"wp-image-512\" srcset=\"https:\/\/gerlachschule-aachen.de\/wp-content\/uploads\/2019\/12\/20191204_104804-768x1024.jpg 768w, https:\/\/gerlachschule-aachen.de\/wp-content\/uploads\/2019\/12\/20191204_104804-225x300.jpg 225w, https:\/\/gerlachschule-aachen.de\/wp-content\/uploads\/2019\/12\/20191204_104804-1152x1536.jpg 1152w, https:\/\/gerlachschule-aachen.de\/wp-content\/uploads\/2019\/12\/20191204_104804-1536x2048.jpg 1536w, https:\/\/gerlachschule-aachen.de\/wp-content\/uploads\/2019\/12\/20191204_104804-scaled.jpg 1920w\" sizes=\"auto, (max-width: 767px) 89vw, (max-width: 1000px) 54vw, (max-width: 1071px) 543px, 580px\" \/><figcaption>Spielburg<\/figcaption><\/figure>\n<\/figure>\n<\/div><\/div>\n","protected":false},"excerpt":{"rendered":"<p>Derzeit besuchen t\u00e4glich ca. 180 Kinder unsere OGS. In den vier R\u00e4umen im Hauptgeb\u00e4ude, den R\u00e4umen im Pavillon (sowie allen anderen R\u00e4umen der Schule die wir auch in der OGS-Zeit nutzen k\u00f6nnen) finden sie viel Platz zum Lernen und Spielen. In der OGS bieten wir t\u00e4glich&#8211; ein warmes Mittagessen &#8211; betreute Lernzeiten (durch OGS und &hellip; <\/p>\n<p class=\"link-more\"><a href=\"https:\/\/gerlachschule-aachen.de\/index.php\/allgemeines-zur-ogs\/\" class=\"more-link\"><span class=\"screen-reader-text\">\u201eAllgemeines zur OGS\u201c <\/span>weiterlesen<\/a><\/p>\n","protected":false},"author":1,"featured_media":0,"parent":0,"menu_order":0,"comment_status":"closed","ping_status":"closed","template":"","meta":{"footnotes":""},"class_list":["post-489","page","type-page","status-publish","hentry"],"_links":{"self":[{"href":"https:\/\/gerlachschule-aachen.de\/index.php\/wp-json\/wp\/v2\/pages\/489","targetHints":{"allow":["GET"]}}],"collection":[{"href":"https:\/\/gerlachschule-aachen.de\/index.php\/wp-json\/wp\/v2\/pages"}],"about":[{"href":"https:\/\/gerlachschule-aachen.de\/index.php\/wp-json\/wp\/v2\/types\/page"}],"author":[{"embeddable":true,"href":"https:\/\/gerlachschule-aachen.de\/index.php\/wp-json\/wp\/v2\/users\/1"}],"replies":[{"embeddable":true,"href":"https:\/\/gerlachschule-aachen.de\/index.php\/wp-json\/wp\/v2\/comments?post=489"}],"version-history":[{"count":18,"href":"https:\/\/gerlachschule-aachen.de\/index.php\/wp-json\/wp\/v2\/pages\/489\/revisions"}],"predecessor-version":[{"id":2636,"href":"https:\/\/gerlachschule-aachen.de\/index.php\/wp-json\/wp\/v2\/pages\/489\/revisions\/2636"}],"wp:attachment":[{"href":"https:\/\/gerlachschule-aachen.de\/index.php\/wp-json\/wp\/v2\/media?parent=489"}],"curies":[{"name":"wp","href":"https:\/\/api.w.org\/{rel}","templated":true}]}}