{"id":54,"date":"2019-10-05T18:03:44","date_gmt":"2019-10-05T18:03:44","guid":{"rendered":"http:\/\/dev.gerlachschule-aachen.de\/?page_id=54"},"modified":"2025-09-02T09:54:13","modified_gmt":"2025-09-02T09:54:13","slug":"euregioprofil","status":"publish","type":"page","link":"https:\/\/gerlachschule-aachen.de\/index.php\/euregioprofil\/","title":{"rendered":"Euregioprofil"},"content":{"rendered":"<div class=\"wp-block-image\">\n<figure class=\"aligncenter size-full\"><img loading=\"lazy\" decoding=\"async\" width=\"244\" height=\"201\" src=\"https:\/\/gerlachschule-aachen.de\/wp-content\/uploads\/2025\/09\/2019-Logo-Euregioprofiel.jpg\" alt=\"\" class=\"wp-image-5143\"\/><\/figure>\n<\/div>\n\n\n<p class=\"has-medium-font-size\"><strong>Wir lernen mit Kopf, Herz und Hand  &#8211; auch grenz\u00fcberschreitend <\/strong><\/p>\n\n\n\n<p><strong>Warum das?<\/strong><\/p>\n\n\n\n<p>Nur\n 4 km liegt unsere Schule von den Niederlanden, nur 6 km von Belgien \nentfernt \u2013 viele unserer Kinder haben Eltern und Gro\u00dfeltern aus dem \nGrenzland und fahren t\u00e4glich nach Vaals oder Kelmis.<\/p>\n\n\n\n<p>Auch\n schulische \u2013 regelm\u00e4\u00dfige \u2013 Ausfl\u00fcge in den Wald werden seit Jahren ins \nGrenzland unternommen und erm\u00f6glichen den Kindern grenz\u00fcberschreitendes \nBewegen und Lernen.<\/p>\n\n\n\n<p>Und: Der Namenspatron unserer Schule, der heilige Gerlach, kommt aus dem kurz vor Maastricht gelegenen Houthem.<\/p>\n\n\n\n<p>Da\n lag es im wahrsten  Sinnes des Wortes \u201enahe\u201c die Sprachen und Kulturen \ndes Grenzlandes (noch) n\u00e4her kennenzulernen und  Kontakte mit einer \nNachbarschule zu kn\u00fcpfen. <\/p>\n\n\n\n<p class=\"has-text-align-center\"><strong>Partnerschule ist seit 2012 die Basisschool de Meridiaan in Simpelveld.<\/strong><\/p>\n\n\n\n<figure class=\"wp-block-image\"><img loading=\"lazy\" decoding=\"async\" width=\"1024\" height=\"768\" src=\"http:\/\/dev.gerlachschule-aachen.de\/wp-content\/uploads\/2019\/10\/20180905_141525-1024x768.jpg\" alt=\"\" class=\"wp-image-174\" srcset=\"https:\/\/gerlachschule-aachen.de\/wp-content\/uploads\/2019\/10\/20180905_141525-1024x768.jpg 1024w, https:\/\/gerlachschule-aachen.de\/wp-content\/uploads\/2019\/10\/20180905_141525-300x225.jpg 300w, https:\/\/gerlachschule-aachen.de\/wp-content\/uploads\/2019\/10\/20180905_141525-768x576.jpg 768w\" sizes=\"auto, (max-width: 767px) 89vw, (max-width: 1000px) 54vw, (max-width: 1071px) 543px, 580px\" \/><\/figure>\n\n\n\n<p><strong>Wie wird gelernt?<\/strong><\/p>\n\n\n\n<ul class=\"wp-block-list\">\n<li><br>    Das \tThema \u201eEuregio\u201c wird &#8211; wann immer m\u00f6glich &#8211; in entsprechenden Unterrichtseinheiten des t\u00e4glichen Lernens lehrplan- und f\u00e4cherbezogen   aufgenommen (auf Grundlage des Sachbuchs \u201eVis-a-vis\u201c) .<br>    <\/li>\n<\/ul>\n\n\n\n<ul class=\"wp-block-list\">\n<li>     Kleine  Geschichten werden in Niederl\u00e4ndisch nach dem  <strong>Linguacluster<\/strong>&#8211;  Prinzip gespielt\/ von den Kindern nachgesprochen.     <\/li>\n<\/ul>\n\n\n\n<ul class=\"wp-block-list\">\n<li>     Projektwochen oder -tage zum Thema \u201eEuregio\u201c \u2013 auch  gemeinsame Projekte mit der Partnerschule \u2013 f\u00f6rdern das  Verst\u00e4ndnis f\u00fcreinander und erm\u00f6glichen das Kennenlernen der grenznahen Umgebung.     <\/li>\n<\/ul>\n\n\n\n<p class=\"has-text-align-center has-luminous-vivid-orange-background-color has-background has-medium-font-size\"><strong>Niederl\u00e4ndisch AG<\/strong><\/p>\n\n\n\n<figure class=\"wp-block-gallery has-nested-images columns-default is-cropped wp-block-gallery-1 is-layout-flex wp-block-gallery-is-layout-flex\">\n<figure class=\"wp-block-image size-large\"><img loading=\"lazy\" decoding=\"async\" width=\"1024\" height=\"768\" data-id=\"5130\" src=\"https:\/\/gerlachschule-aachen.de\/wp-content\/uploads\/2025\/09\/threema-20250831-155112660_jpg.jpeg\" alt=\"\" class=\"wp-image-5130\" srcset=\"https:\/\/gerlachschule-aachen.de\/wp-content\/uploads\/2025\/09\/threema-20250831-155112660_jpg.jpeg 1024w, https:\/\/gerlachschule-aachen.de\/wp-content\/uploads\/2025\/09\/threema-20250831-155112660_jpg-300x225.jpeg 300w, https:\/\/gerlachschule-aachen.de\/wp-content\/uploads\/2025\/09\/threema-20250831-155112660_jpg-768x576.jpeg 768w\" sizes=\"auto, (max-width: 767px) 89vw, (max-width: 1000px) 54vw, (max-width: 1071px) 543px, 580px\" \/><\/figure>\n\n\n\n<figure class=\"wp-block-image size-large\"><img loading=\"lazy\" decoding=\"async\" width=\"1024\" height=\"768\" data-id=\"5131\" src=\"https:\/\/gerlachschule-aachen.de\/wp-content\/uploads\/2025\/09\/threema-20250831-155113221_jpg.jpeg\" alt=\"\" class=\"wp-image-5131\" srcset=\"https:\/\/gerlachschule-aachen.de\/wp-content\/uploads\/2025\/09\/threema-20250831-155113221_jpg.jpeg 1024w, https:\/\/gerlachschule-aachen.de\/wp-content\/uploads\/2025\/09\/threema-20250831-155113221_jpg-300x225.jpeg 300w, https:\/\/gerlachschule-aachen.de\/wp-content\/uploads\/2025\/09\/threema-20250831-155113221_jpg-768x576.jpeg 768w\" sizes=\"auto, (max-width: 767px) 89vw, (max-width: 1000px) 54vw, (max-width: 1071px) 543px, 580px\" \/><\/figure>\n\n\n\n<figure class=\"wp-block-image size-large\"><img loading=\"lazy\" decoding=\"async\" width=\"1024\" height=\"768\" data-id=\"5132\" src=\"https:\/\/gerlachschule-aachen.de\/wp-content\/uploads\/2025\/09\/threema-20250831-155113833_jpg.jpeg\" alt=\"\" class=\"wp-image-5132\" srcset=\"https:\/\/gerlachschule-aachen.de\/wp-content\/uploads\/2025\/09\/threema-20250831-155113833_jpg.jpeg 1024w, https:\/\/gerlachschule-aachen.de\/wp-content\/uploads\/2025\/09\/threema-20250831-155113833_jpg-300x225.jpeg 300w, https:\/\/gerlachschule-aachen.de\/wp-content\/uploads\/2025\/09\/threema-20250831-155113833_jpg-768x576.jpeg 768w\" sizes=\"auto, (max-width: 767px) 89vw, (max-width: 1000px) 54vw, (max-width: 1071px) 543px, 580px\" \/><\/figure>\n\n\n\n<figure class=\"wp-block-image size-large\"><img loading=\"lazy\" decoding=\"async\" width=\"1024\" height=\"768\" data-id=\"5133\" src=\"https:\/\/gerlachschule-aachen.de\/wp-content\/uploads\/2025\/09\/threema-20250831-155114308_jpg.jpeg\" alt=\"\" class=\"wp-image-5133\" srcset=\"https:\/\/gerlachschule-aachen.de\/wp-content\/uploads\/2025\/09\/threema-20250831-155114308_jpg.jpeg 1024w, https:\/\/gerlachschule-aachen.de\/wp-content\/uploads\/2025\/09\/threema-20250831-155114308_jpg-300x225.jpeg 300w, https:\/\/gerlachschule-aachen.de\/wp-content\/uploads\/2025\/09\/threema-20250831-155114308_jpg-768x576.jpeg 768w\" sizes=\"auto, (max-width: 767px) 89vw, (max-width: 1000px) 54vw, (max-width: 1071px) 543px, 580px\" \/><\/figure>\n<\/figure>\n","protected":false},"excerpt":{"rendered":"<p>Wir lernen mit Kopf, Herz und Hand &#8211; auch grenz\u00fcberschreitend Warum das? Nur 4 km liegt unsere Schule von den Niederlanden, nur 6 km von Belgien entfernt \u2013 viele unserer Kinder haben Eltern und Gro\u00dfeltern aus dem Grenzland und fahren t\u00e4glich nach Vaals oder Kelmis. Auch schulische \u2013 regelm\u00e4\u00dfige \u2013 Ausfl\u00fcge in den Wald werden &hellip; <\/p>\n<p class=\"link-more\"><a href=\"https:\/\/gerlachschule-aachen.de\/index.php\/euregioprofil\/\" class=\"more-link\"><span class=\"screen-reader-text\">\u201eEuregioprofil\u201c <\/span>weiterlesen<\/a><\/p>\n","protected":false},"author":1,"featured_media":0,"parent":0,"menu_order":0,"comment_status":"closed","ping_status":"closed","template":"","meta":{"footnotes":""},"class_list":["post-54","page","type-page","status-publish","hentry"],"_links":{"self":[{"href":"https:\/\/gerlachschule-aachen.de\/index.php\/wp-json\/wp\/v2\/pages\/54","targetHints":{"allow":["GET"]}}],"collection":[{"href":"https:\/\/gerlachschule-aachen.de\/index.php\/wp-json\/wp\/v2\/pages"}],"about":[{"href":"https:\/\/gerlachschule-aachen.de\/index.php\/wp-json\/wp\/v2\/types\/page"}],"author":[{"embeddable":true,"href":"https:\/\/gerlachschule-aachen.de\/index.php\/wp-json\/wp\/v2\/users\/1"}],"replies":[{"embeddable":true,"href":"https:\/\/gerlachschule-aachen.de\/index.php\/wp-json\/wp\/v2\/comments?post=54"}],"version-history":[{"count":11,"href":"https:\/\/gerlachschule-aachen.de\/index.php\/wp-json\/wp\/v2\/pages\/54\/revisions"}],"predecessor-version":[{"id":5144,"href":"https:\/\/gerlachschule-aachen.de\/index.php\/wp-json\/wp\/v2\/pages\/54\/revisions\/5144"}],"wp:attachment":[{"href":"https:\/\/gerlachschule-aachen.de\/index.php\/wp-json\/wp\/v2\/media?parent=54"}],"curies":[{"name":"wp","href":"https:\/\/api.w.org\/{rel}","templated":true}]}}