{"id":555,"date":"2019-12-16T07:42:43","date_gmt":"2019-12-16T07:42:43","guid":{"rendered":"http:\/\/dev.gerlachschule-aachen.de\/?page_id=555"},"modified":"2021-10-05T08:04:26","modified_gmt":"2021-10-05T08:04:26","slug":"impressum","status":"publish","type":"page","link":"https:\/\/gerlachschule-aachen.de\/index.php\/impressum\/","title":{"rendered":"Impressum"},"content":{"rendered":"\n<p><strong>St\u00e4dtische Gemeinschaftsgrundschule Gerlachstra\u00dfe (Gerlachschule)<\/strong> <br><br>Susanne Hammer Schulleitung <br>Gerlachstra\u00dfe 7  <br>52064 Aachen\u00a0 <br><br>Tel.:  <a href=\"tel:0241-49329\">0241-49329<\/a> <br>Fax: 0241-4093853 <br><br>Email: <a href=\"mailto:info@gerlachschule-aachen.de\">info@gerlachschule-aachen.de<\/a><br><br><\/p>\n\n\n\n<p><strong>Schultr\u00e4ger<\/strong> &nbsp; <br>(Dienstanbieter im Sinne des TDG\/MDStV): <\/p>\n\n\n\n<p>Stadt Aachen&nbsp; <br><br>vertreten durch <br>Oberb\u00fcrgermeisterin Sibylle Keupen &nbsp; <br><br>52058 Aachen<br>Tel.: 0241-432-0<br><br>Email: stadt.aachen@mail.aachen.de <\/p>\n","protected":false},"excerpt":{"rendered":"<p>St\u00e4dtische Gemeinschaftsgrundschule Gerlachstra\u00dfe (Gerlachschule) Susanne Hammer Schulleitung Gerlachstra\u00dfe 7 52064 Aachen\u00a0 Tel.: 0241-49329 Fax: 0241-4093853 Email: info@gerlachschule-aachen.de Schultr\u00e4ger &nbsp; (Dienstanbieter im Sinne des TDG\/MDStV): Stadt Aachen&nbsp; vertreten durch Oberb\u00fcrgermeisterin Sibylle Keupen &nbsp; 52058 AachenTel.: 0241-432-0 Email: stadt.aachen@mail.aachen.de<\/p>\n","protected":false},"author":1,"featured_media":0,"parent":0,"menu_order":0,"comment_status":"closed","ping_status":"closed","template":"","meta":{"footnotes":""},"class_list":["post-555","page","type-page","status-publish","hentry"],"_links":{"self":[{"href":"https:\/\/gerlachschule-aachen.de\/index.php\/wp-json\/wp\/v2\/pages\/555","targetHints":{"allow":["GET"]}}],"collection":[{"href":"https:\/\/gerlachschule-aachen.de\/index.php\/wp-json\/wp\/v2\/pages"}],"about":[{"href":"https:\/\/gerlachschule-aachen.de\/index.php\/wp-json\/wp\/v2\/types\/page"}],"author":[{"embeddable":true,"href":"https:\/\/gerlachschule-aachen.de\/index.php\/wp-json\/wp\/v2\/users\/1"}],"replies":[{"embeddable":true,"href":"https:\/\/gerlachschule-aachen.de\/index.php\/wp-json\/wp\/v2\/comments?post=555"}],"version-history":[{"count":8,"href":"https:\/\/gerlachschule-aachen.de\/index.php\/wp-json\/wp\/v2\/pages\/555\/revisions"}],"predecessor-version":[{"id":1525,"href":"https:\/\/gerlachschule-aachen.de\/index.php\/wp-json\/wp\/v2\/pages\/555\/revisions\/1525"}],"wp:attachment":[{"href":"https:\/\/gerlachschule-aachen.de\/index.php\/wp-json\/wp\/v2\/media?parent=555"}],"curies":[{"name":"wp","href":"https:\/\/api.w.org\/{rel}","templated":true}]}}