{"id":5640,"date":"2026-05-11T08:43:04","date_gmt":"2026-05-11T08:43:04","guid":{"rendered":"https:\/\/gerlachschule-aachen.de\/?page_id=5640"},"modified":"2026-05-11T09:17:39","modified_gmt":"2026-05-11T09:17:39","slug":"medien-internet-abc","status":"publish","type":"page","link":"https:\/\/gerlachschule-aachen.de\/index.php\/medien-internet-abc\/","title":{"rendered":"Medien &#8211; Internet ABC"},"content":{"rendered":"\n<p class=\"has-text-align-center has-luminous-vivid-orange-background-color has-background has-medium-font-size\"><strong>Elternabend &#8211; &#8222;Posten, Liken, Mobben&#8220;<\/strong><\/p>\n\n\n\n<p>In gem\u00fctlicher Runde fand an unserer Schule der Elternabend zum Thema \u201ePosten, Liken, Mobben \u2013 Kinder in der Online-Welt\u201c statt. Die Referentin f\u00fchrte anschaulich und praxisnah durch die verschiedenen Aspekte der digitalen Lebenswelt von Kindern und zeigte dabei deutlich, wie wichtig ein bewusster und sicherer Umgang mit sozialen Medien und digitalen Plattformen ist. Was passiert, wenn Beleidigungen und Anfeindungen nicht auf dem Schulhof enden, sondern im Chat weitergehen? Cybermobbing kann schon Grundschulkinder treffen und viele Eltern fragen sich, wie sie fr\u00fchzeitig vorbeugen und ihr Kind st\u00e4rken k\u00f6nnen. Auch der Umgang mit Fotos im Netz spielt eine wichtige Rolle: Was sollte beim Teilen von Kinderbildern beachtet werden? Und wie lernen Kinder, selbst sorgsam mit pers\u00f6nlichen Daten umzugehen?<\/p>\n\n\n\n<p>Bereichernd war zudem der offene Austausch unter den Eltern. Viele Fragen, Erfahrungen und Gedanken konnten eingebracht werden. Eltern \u00e4lterer Kinder teilten zudem hilfreiche Ideen und praktische Tipps aus ihrem Familienalltag.<\/p>\n\n\n\n<p>Zum Abschluss bestand die M\u00f6glichkeit, Informationsmaterial mitzunehmen und in pers\u00f6nlichen Gespr\u00e4chen mit der Referentin, der Schulleitung sowie der Schulsozialarbeiterin weitere Fragen zu besprechen.<\/p>\n\n\n\n<p>Wir bedanken uns bei allen Beteiligten f\u00fcr den gelungenen und informativen Abend!<\/p>\n\n\n\n<figure class=\"wp-block-gallery has-nested-images columns-default is-cropped wp-block-gallery-1 is-layout-flex wp-block-gallery-is-layout-flex\">\n<figure class=\"wp-block-image size-large\"><img loading=\"lazy\" decoding=\"async\" width=\"1024\" height=\"891\" data-id=\"5638\" src=\"https:\/\/gerlachschule-aachen.de\/wp-content\/uploads\/2026\/05\/Elternabend_Medien1-1024x891.jpeg\" alt=\"\" class=\"wp-image-5638\" srcset=\"https:\/\/gerlachschule-aachen.de\/wp-content\/uploads\/2026\/05\/Elternabend_Medien1-1024x891.jpeg 1024w, https:\/\/gerlachschule-aachen.de\/wp-content\/uploads\/2026\/05\/Elternabend_Medien1-300x261.jpeg 300w, https:\/\/gerlachschule-aachen.de\/wp-content\/uploads\/2026\/05\/Elternabend_Medien1-768x668.jpeg 768w, https:\/\/gerlachschule-aachen.de\/wp-content\/uploads\/2026\/05\/Elternabend_Medien1.jpeg 1280w\" sizes=\"auto, (max-width: 767px) 89vw, (max-width: 1000px) 54vw, (max-width: 1071px) 543px, 580px\" \/><\/figure>\n\n\n\n<figure class=\"wp-block-image size-large\"><img loading=\"lazy\" decoding=\"async\" width=\"1024\" height=\"768\" data-id=\"5637\" src=\"https:\/\/gerlachschule-aachen.de\/wp-content\/uploads\/2026\/05\/Elternabend_Medien2-1024x768.jpeg\" alt=\"\" class=\"wp-image-5637\" srcset=\"https:\/\/gerlachschule-aachen.de\/wp-content\/uploads\/2026\/05\/Elternabend_Medien2-1024x768.jpeg 1024w, https:\/\/gerlachschule-aachen.de\/wp-content\/uploads\/2026\/05\/Elternabend_Medien2-300x225.jpeg 300w, https:\/\/gerlachschule-aachen.de\/wp-content\/uploads\/2026\/05\/Elternabend_Medien2-768x576.jpeg 768w, https:\/\/gerlachschule-aachen.de\/wp-content\/uploads\/2026\/05\/Elternabend_Medien2-1536x1152.jpeg 1536w, https:\/\/gerlachschule-aachen.de\/wp-content\/uploads\/2026\/05\/Elternabend_Medien2.jpeg 1905w\" sizes=\"auto, (max-width: 767px) 89vw, (max-width: 1000px) 54vw, (max-width: 1071px) 543px, 580px\" \/><\/figure>\n<\/figure>\n\n\n\n<p><a href=\"https:\/\/www.klicksafe.de\">https:\/\/www.klicksafe.de<\/a><\/p>\n\n\n\n<p><strong>Klicksafe Newsletter April 2026<\/strong><\/p>\n\n\n\n<p><a href=\"https:\/\/gerlachschule-aachen.de\/wp-content\/uploads\/2026\/05\/Wtrlt-klicksafe-Newsletter-April-2026.pdf\">https:\/\/gerlachschule-aachen.de\/wp-content\/uploads\/2026\/05\/Wtrlt-klicksafe-Newsletter-April-2026.pdf<\/a><\/p>\n\n\n\n<p><\/p>\n","protected":false},"excerpt":{"rendered":"<p>Elternabend &#8211; &#8222;Posten, Liken, Mobben&#8220; In gem\u00fctlicher Runde fand an unserer Schule der Elternabend zum Thema \u201ePosten, Liken, Mobben \u2013 Kinder in der Online-Welt\u201c statt. Die Referentin f\u00fchrte anschaulich und praxisnah durch die verschiedenen Aspekte der digitalen Lebenswelt von Kindern und zeigte dabei deutlich, wie wichtig ein bewusster und sicherer Umgang mit sozialen Medien und &hellip; <\/p>\n<p class=\"link-more\"><a href=\"https:\/\/gerlachschule-aachen.de\/index.php\/medien-internet-abc\/\" class=\"more-link\"><span class=\"screen-reader-text\">\u201eMedien &#8211; Internet ABC\u201c <\/span>weiterlesen<\/a><\/p>\n","protected":false},"author":2,"featured_media":0,"parent":0,"menu_order":0,"comment_status":"closed","ping_status":"closed","template":"","meta":{"footnotes":""},"class_list":["post-5640","page","type-page","status-publish","hentry"],"_links":{"self":[{"href":"https:\/\/gerlachschule-aachen.de\/index.php\/wp-json\/wp\/v2\/pages\/5640","targetHints":{"allow":["GET"]}}],"collection":[{"href":"https:\/\/gerlachschule-aachen.de\/index.php\/wp-json\/wp\/v2\/pages"}],"about":[{"href":"https:\/\/gerlachschule-aachen.de\/index.php\/wp-json\/wp\/v2\/types\/page"}],"author":[{"embeddable":true,"href":"https:\/\/gerlachschule-aachen.de\/index.php\/wp-json\/wp\/v2\/users\/2"}],"replies":[{"embeddable":true,"href":"https:\/\/gerlachschule-aachen.de\/index.php\/wp-json\/wp\/v2\/comments?post=5640"}],"version-history":[{"count":5,"href":"https:\/\/gerlachschule-aachen.de\/index.php\/wp-json\/wp\/v2\/pages\/5640\/revisions"}],"predecessor-version":[{"id":5655,"href":"https:\/\/gerlachschule-aachen.de\/index.php\/wp-json\/wp\/v2\/pages\/5640\/revisions\/5655"}],"wp:attachment":[{"href":"https:\/\/gerlachschule-aachen.de\/index.php\/wp-json\/wp\/v2\/media?parent=5640"}],"curies":[{"name":"wp","href":"https:\/\/api.w.org\/{rel}","templated":true}]}}