{"id":568,"date":"2019-12-20T08:16:13","date_gmt":"2019-12-20T08:16:13","guid":{"rendered":"http:\/\/dev.gerlachschule-aachen.de\/?page_id=568"},"modified":"2024-03-04T08:18:55","modified_gmt":"2024-03-04T08:18:55","slug":"schwarzes-brett","status":"publish","type":"page","link":"https:\/\/gerlachschule-aachen.de\/index.php\/schwarzes-brett\/","title":{"rendered":"Schwarzes Brett"},"content":{"rendered":"\n<p>Hier finden Sie all die Dinge und Aktivit\u00e4ten, die sich die Kinder w\u00fcnschen und die unsere Schule sch\u00f6ner machen werden.<\/p>\n\n\n\n<p><br><\/p>\n","protected":false},"excerpt":{"rendered":"<p>Hier finden Sie all die Dinge und Aktivit\u00e4ten, die sich die Kinder w\u00fcnschen und die unsere Schule sch\u00f6ner machen werden.<\/p>\n","protected":false},"author":1,"featured_media":0,"parent":0,"menu_order":0,"comment_status":"closed","ping_status":"closed","template":"","meta":{"footnotes":""},"class_list":["post-568","page","type-page","status-publish","hentry"],"_links":{"self":[{"href":"https:\/\/gerlachschule-aachen.de\/index.php\/wp-json\/wp\/v2\/pages\/568","targetHints":{"allow":["GET"]}}],"collection":[{"href":"https:\/\/gerlachschule-aachen.de\/index.php\/wp-json\/wp\/v2\/pages"}],"about":[{"href":"https:\/\/gerlachschule-aachen.de\/index.php\/wp-json\/wp\/v2\/types\/page"}],"author":[{"embeddable":true,"href":"https:\/\/gerlachschule-aachen.de\/index.php\/wp-json\/wp\/v2\/users\/1"}],"replies":[{"embeddable":true,"href":"https:\/\/gerlachschule-aachen.de\/index.php\/wp-json\/wp\/v2\/comments?post=568"}],"version-history":[{"count":5,"href":"https:\/\/gerlachschule-aachen.de\/index.php\/wp-json\/wp\/v2\/pages\/568\/revisions"}],"predecessor-version":[{"id":3559,"href":"https:\/\/gerlachschule-aachen.de\/index.php\/wp-json\/wp\/v2\/pages\/568\/revisions\/3559"}],"wp:attachment":[{"href":"https:\/\/gerlachschule-aachen.de\/index.php\/wp-json\/wp\/v2\/media?parent=568"}],"curies":[{"name":"wp","href":"https:\/\/api.w.org\/{rel}","templated":true}]}}