{"id":58,"date":"2019-10-05T18:06:40","date_gmt":"2019-10-05T18:06:40","guid":{"rendered":"http:\/\/dev.gerlachschule-aachen.de\/?page_id=58"},"modified":"2025-01-20T09:40:46","modified_gmt":"2025-01-20T09:40:46","slug":"foerderverein","status":"publish","type":"page","link":"https:\/\/gerlachschule-aachen.de\/index.php\/foerderverein\/","title":{"rendered":"F\u00f6rderverein"},"content":{"rendered":"\n<p><strong>Neue Vorsitzende des F\u00f6rdervereins<\/strong><\/p>\n\n\n\n<p>Im Vorstand sind derzeit:<\/p>\n\n\n\n<p><strong>Burak Kurtulmus <\/strong>(Vorstandsvorsitzender)<\/p>\n\n\n\n<p><strong>Laban Straeten<\/strong> (Stellv. Vorsitzender)<\/p>\n\n\n\n<p><strong>Christoph Becker<\/strong> (Kassierer)<\/p>\n\n\n\n<p><strong>Sarah Krings-Soltenborn<\/strong> (Schriftf\u00fchrerin)<\/p>\n\n\n\n<p>Sie k\u00f6nnen uns Post \u00fcber die Klassenlehrerinnen zukommen lassen oder eine Mail schreiben an: <a href=\"mailto:foerderverein@gerlachschule-aachen.de\">foerderverein@gerlachschule-aachen.de<\/a><\/p>\n\n\n\n<p>Hier finden Sie die <a href=\"https:\/\/gerlachschule-aachen.de\/wp-content\/uploads\/2022\/09\/220707_foerderverein_beitrittserklaerung.pdf\">Beitrittserkl\u00e4run<\/a><a href=\"https:\/\/gerlachschule-aachen.de\/wp-content\/uploads\/2021\/11\/Beitrittserklaerung-Foerderverein.pdf\" data-type=\"URL\" data-id=\"https:\/\/gerlachschule-aachen.de\/wp-content\/uploads\/2021\/11\/Beitrittserklaerung-Foerderverein.pdf\">g<\/a> f\u00fcr unseren F\u00f6rderverein, wenn Sie uns finanziell unterst\u00fctzen m\u00f6chten.<\/p>\n\n\n\n<p>Lernen Sie unseren F\u00f6rderverein am Tag der offenen T\u00fcr bei einer k\u00f6stlichen Tasse Kaffee kennen. Nutzen Sie die Gelegenheit und informieren Sie sich: <br>Wie werde ich Mitglied? <br>Wie kann ich den F\u00f6rderverein unterst\u00fctzen?<\/p>\n\n\n\n<p>Unser <strong>Sankt Martin<\/strong> Fest war auch Dank des F\u00f6rdervereins f\u00fcr Gro\u00df und Klein ein gem\u00fctlicher Abend! Bei Lagerfeuer und Kapelle konnten die Kinder einen Weckmann genie\u00dfen, der vom F\u00f6rderverein gespendet wurde! <br>Unterst\u00fctzen Sie doch unseren F\u00f6rderverein, damit wir unseren Sch\u00fclern und Sch\u00fclerinnen weiterhin solche tollen Aktionen erm\u00f6glichen k\u00f6nnen.<\/p>\n\n\n\n<figure class=\"wp-block-gallery has-nested-images columns-default is-cropped wp-block-gallery-1 is-layout-flex wp-block-gallery-is-layout-flex\">\n<figure class=\"wp-block-image size-large\"><img loading=\"lazy\" decoding=\"async\" width=\"768\" height=\"1024\" data-id=\"4269\" src=\"https:\/\/gerlachschule-aachen.de\/wp-content\/uploads\/2024\/11\/image-20241106-102907-768x1024.jpeg\" alt=\"\" class=\"wp-image-4269\" srcset=\"https:\/\/gerlachschule-aachen.de\/wp-content\/uploads\/2024\/11\/image-20241106-102907-768x1024.jpeg 768w, https:\/\/gerlachschule-aachen.de\/wp-content\/uploads\/2024\/11\/image-20241106-102907-225x300.jpeg 225w, https:\/\/gerlachschule-aachen.de\/wp-content\/uploads\/2024\/11\/image-20241106-102907-1152x1536.jpeg 1152w, https:\/\/gerlachschule-aachen.de\/wp-content\/uploads\/2024\/11\/image-20241106-102907.jpeg 1200w\" sizes=\"auto, (max-width: 767px) 89vw, (max-width: 1000px) 54vw, (max-width: 1071px) 543px, 580px\" \/><\/figure>\n\n\n\n<figure class=\"wp-block-image size-large\"><img loading=\"lazy\" decoding=\"async\" width=\"1024\" height=\"768\" data-id=\"4267\" src=\"https:\/\/gerlachschule-aachen.de\/wp-content\/uploads\/2024\/11\/image-20241106-102913-0-1024x768.jpeg\" alt=\"\" class=\"wp-image-4267\" srcset=\"https:\/\/gerlachschule-aachen.de\/wp-content\/uploads\/2024\/11\/image-20241106-102913-0-1024x768.jpeg 1024w, https:\/\/gerlachschule-aachen.de\/wp-content\/uploads\/2024\/11\/image-20241106-102913-0-300x225.jpeg 300w, https:\/\/gerlachschule-aachen.de\/wp-content\/uploads\/2024\/11\/image-20241106-102913-0-768x576.jpeg 768w, https:\/\/gerlachschule-aachen.de\/wp-content\/uploads\/2024\/11\/image-20241106-102913-0-1536x1152.jpeg 1536w, https:\/\/gerlachschule-aachen.de\/wp-content\/uploads\/2024\/11\/image-20241106-102913-0.jpeg 1600w\" sizes=\"auto, (max-width: 767px) 89vw, (max-width: 1000px) 54vw, (max-width: 1071px) 543px, 580px\" \/><\/figure>\n\n\n\n<figure class=\"wp-block-image size-large\"><img loading=\"lazy\" decoding=\"async\" width=\"768\" height=\"1024\" data-id=\"4265\" src=\"https:\/\/gerlachschule-aachen.de\/wp-content\/uploads\/2024\/11\/image-20241106-102913-768x1024.jpeg\" alt=\"\" class=\"wp-image-4265\" srcset=\"https:\/\/gerlachschule-aachen.de\/wp-content\/uploads\/2024\/11\/image-20241106-102913-768x1024.jpeg 768w, https:\/\/gerlachschule-aachen.de\/wp-content\/uploads\/2024\/11\/image-20241106-102913-225x300.jpeg 225w, https:\/\/gerlachschule-aachen.de\/wp-content\/uploads\/2024\/11\/image-20241106-102913-1152x1536.jpeg 1152w, https:\/\/gerlachschule-aachen.de\/wp-content\/uploads\/2024\/11\/image-20241106-102913.jpeg 1200w\" sizes=\"auto, (max-width: 767px) 89vw, (max-width: 1000px) 54vw, (max-width: 1071px) 543px, 580px\" \/><\/figure>\n<\/figure>\n\n\n\n<p><strong>Regelm\u00e4\u00dfig finden Mitgliederversammlung des F\u00f6rdervereins statt. Sie sind herzlich eingeladen daran teilzunehmen und einen Einblick hinter die Kulissen zu bekommen.<br>Das ist IHRE Chance, im F\u00f6rderverein mitzuwirken!<\/strong><\/p>\n\n\n\n<p><br>Unser F\u00f6rderverein ist ein gemeinn\u00fctziger Verein, der die Schule bzw. die Kinder durch finanzielle Zuwendungen, Projekte und Anschaffungen unterst\u00fctzt. Wir arbeiten ehrenamtlich in enger Zusammenarbeit mit der Schulleitung und dem Lehrerkollegium, die uns durch ihre Ideen, Vorschl\u00e4ge und Mithilfe zur Seite stehen. Uns ist es wichtig, den Lernalltag f\u00fcr die Kinder an unserer Schule zu unterst\u00fctzen und zu verbessern. \u00a0<\/p>\n\n\n\n<p>Da in der heutigen Zeit die \u00f6ffentlichen Gelder, die den Schulen \nzugewiesen werden immer knapper bemessen sind, wird die Arbeit unseres \nF\u00f6rdervereins zunehmend wichtiger. Zu unseren Aufgaben geh\u00f6ren beispielsweise:<\/p>\n\n\n\n<p><strong>Bereitstellung von Finanzmitteln:<\/strong>     <\/p>\n\n\n\n<ul class=\"wp-block-list\">\n<li>zur Anschaffung zus\u00e4tzlicher Lernmaterialien, Hardware und Software<\/li>\n\n\n\n<li>zur Anschaffung von Spielger\u00e4ten f\u00fcr den Schulhof<\/li>\n\n\n\n<li>zur Unterst\u00fctzung unserer Arbeitsgemeinschaften wie Theater-AG oder Wald-AG <\/li>\n\n\n\n<li>zur Unterst\u00fctzung von Klassenfahrten und \u2013ausfl\u00fcgen<\/li>\n<\/ul>\n\n\n\n<div data-wp-interactive=\"core\/file\" class=\"wp-block-file\"><object data-wp-bind--hidden=\"!state.hasPdfPreview\" hidden class=\"wp-block-file__embed\" data=\"https:\/\/gerlachschule-aachen.de\/wp-content\/uploads\/2025\/01\/Dankesschreiben-Foerderverein.pdf\" type=\"application\/pdf\" style=\"width:100%;height:600px\" aria-label=\"Einbettung von Dankesschreiben F\u00f6rderverein.\"><\/object><a id=\"wp-block-file--media-501e555d-76f4-4062-9518-a542c1527cbf\" href=\"https:\/\/gerlachschule-aachen.de\/wp-content\/uploads\/2025\/01\/Dankesschreiben-Foerderverein.pdf\">Dankesschreiben F\u00f6rderverein<\/a><a href=\"https:\/\/gerlachschule-aachen.de\/wp-content\/uploads\/2025\/01\/Dankesschreiben-Foerderverein.pdf\" class=\"wp-block-file__button wp-element-button\" download aria-describedby=\"wp-block-file--media-501e555d-76f4-4062-9518-a542c1527cbf\">Herunterladen<\/a><\/div>\n\n\n\n<p><\/p>\n\n\n\n<p class=\"has-text-align-center has-pale-cyan-blue-background-color has-background has-medium-font-size\"><strong>Flyer<\/strong><\/p>\n\n\n\n<figure class=\"wp-block-image size-large\"><img loading=\"lazy\" decoding=\"async\" width=\"1024\" height=\"746\" src=\"https:\/\/gerlachschule-aachen.de\/wp-content\/uploads\/2021\/11\/Gerlachschule1-1024x746.jpg\" alt=\"\" class=\"wp-image-1576\" srcset=\"https:\/\/gerlachschule-aachen.de\/wp-content\/uploads\/2021\/11\/Gerlachschule1-1024x746.jpg 1024w, https:\/\/gerlachschule-aachen.de\/wp-content\/uploads\/2021\/11\/Gerlachschule1-300x218.jpg 300w, https:\/\/gerlachschule-aachen.de\/wp-content\/uploads\/2021\/11\/Gerlachschule1-768x559.jpg 768w, https:\/\/gerlachschule-aachen.de\/wp-content\/uploads\/2021\/11\/Gerlachschule1-1536x1119.jpg 1536w, https:\/\/gerlachschule-aachen.de\/wp-content\/uploads\/2021\/11\/Gerlachschule1-2048x1491.jpg 2048w\" sizes=\"auto, (max-width: 767px) 89vw, (max-width: 1000px) 54vw, (max-width: 1071px) 543px, 580px\" \/><\/figure>\n\n\n\n<figure class=\"wp-block-image size-large\"><img loading=\"lazy\" decoding=\"async\" width=\"1024\" height=\"746\" src=\"https:\/\/gerlachschule-aachen.de\/wp-content\/uploads\/2021\/11\/Gerlachschule2-1024x746.jpg\" alt=\"\" class=\"wp-image-1575\" srcset=\"https:\/\/gerlachschule-aachen.de\/wp-content\/uploads\/2021\/11\/Gerlachschule2-1024x746.jpg 1024w, https:\/\/gerlachschule-aachen.de\/wp-content\/uploads\/2021\/11\/Gerlachschule2-300x218.jpg 300w, https:\/\/gerlachschule-aachen.de\/wp-content\/uploads\/2021\/11\/Gerlachschule2-768x559.jpg 768w, https:\/\/gerlachschule-aachen.de\/wp-content\/uploads\/2021\/11\/Gerlachschule2-1536x1119.jpg 1536w, https:\/\/gerlachschule-aachen.de\/wp-content\/uploads\/2021\/11\/Gerlachschule2-2048x1491.jpg 2048w\" sizes=\"auto, (max-width: 767px) 89vw, (max-width: 1000px) 54vw, (max-width: 1071px) 543px, 580px\" \/><\/figure>\n","protected":false},"excerpt":{"rendered":"<p>Neue Vorsitzende des F\u00f6rdervereins Im Vorstand sind derzeit: Burak Kurtulmus (Vorstandsvorsitzender) Laban Straeten (Stellv. Vorsitzender) Christoph Becker (Kassierer) Sarah Krings-Soltenborn (Schriftf\u00fchrerin) Sie k\u00f6nnen uns Post \u00fcber die Klassenlehrerinnen zukommen lassen oder eine Mail schreiben an: foerderverein@gerlachschule-aachen.de Hier finden Sie die Beitrittserkl\u00e4rung f\u00fcr unseren F\u00f6rderverein, wenn Sie uns finanziell unterst\u00fctzen m\u00f6chten. Lernen Sie unseren F\u00f6rderverein am &hellip; <\/p>\n<p class=\"link-more\"><a href=\"https:\/\/gerlachschule-aachen.de\/index.php\/foerderverein\/\" class=\"more-link\"><span class=\"screen-reader-text\">\u201eF\u00f6rderverein\u201c <\/span>weiterlesen<\/a><\/p>\n","protected":false},"author":1,"featured_media":0,"parent":0,"menu_order":0,"comment_status":"closed","ping_status":"closed","template":"","meta":{"footnotes":""},"class_list":["post-58","page","type-page","status-publish","hentry"],"_links":{"self":[{"href":"https:\/\/gerlachschule-aachen.de\/index.php\/wp-json\/wp\/v2\/pages\/58","targetHints":{"allow":["GET"]}}],"collection":[{"href":"https:\/\/gerlachschule-aachen.de\/index.php\/wp-json\/wp\/v2\/pages"}],"about":[{"href":"https:\/\/gerlachschule-aachen.de\/index.php\/wp-json\/wp\/v2\/types\/page"}],"author":[{"embeddable":true,"href":"https:\/\/gerlachschule-aachen.de\/index.php\/wp-json\/wp\/v2\/users\/1"}],"replies":[{"embeddable":true,"href":"https:\/\/gerlachschule-aachen.de\/index.php\/wp-json\/wp\/v2\/comments?post=58"}],"version-history":[{"count":39,"href":"https:\/\/gerlachschule-aachen.de\/index.php\/wp-json\/wp\/v2\/pages\/58\/revisions"}],"predecessor-version":[{"id":4466,"href":"https:\/\/gerlachschule-aachen.de\/index.php\/wp-json\/wp\/v2\/pages\/58\/revisions\/4466"}],"wp:attachment":[{"href":"https:\/\/gerlachschule-aachen.de\/index.php\/wp-json\/wp\/v2\/media?parent=58"}],"curies":[{"name":"wp","href":"https:\/\/api.w.org\/{rel}","templated":true}]}}