{"id":879,"date":"2020-05-12T11:59:45","date_gmt":"2020-05-12T11:59:45","guid":{"rendered":"http:\/\/gerlachschule-aachen.de\/?page_id=879"},"modified":"2020-06-09T14:00:39","modified_gmt":"2020-06-09T14:00:39","slug":"praesenzunterricht-und-praesenzbetreuung","status":"publish","type":"page","link":"https:\/\/gerlachschule-aachen.de\/index.php\/praesenzunterricht-und-praesenzbetreuung\/","title":{"rendered":"Unterricht ab dem 15.06.2020"},"content":{"rendered":"\n<p>Die <strong><u>1. Klassen<\/u><\/strong> haben t\u00e4glich 4 Stunden Unterricht zwischen <strong>8.00 \u2013 11.30 Uhr<\/strong>. Sie kommen p\u00fcnktlich \u00fcber den <strong><u>oberen<\/u> Schulhof<\/strong> und betreten ihre Klassen durch die Zwischent\u00fcr. Die A-Klasse sammelt sich am Kletterger\u00fcst und die B-Klasse an der Wippe. Um 11.30 Uhr ist Schulschluss und die gemeldeten Kinder werden zur Not-OGS-Gruppe abgeholt. Alle anderen Kinder m\u00fcssen das Schulgel\u00e4nde m\u00f6glichst z\u00fcgig verlassen <strong>(Bitte p\u00fcnktlich abholen!)<\/strong><\/p>\n\n\n\n<p>Die <strong><u>2. Klassen<\/u><\/strong> haben t\u00e4glich 4 Stunden Unterricht zwischen <strong>8.00 \u2013 11.30 Uhr<\/strong>. Sie kommen p\u00fcnktlich \u00fcber den <strong><u>unteren<\/u> Schulhof<\/strong>. Die Klassen sammeln sich in den Sammelbereichen. Um 11.30 Uhr ist Schulschluss und die gemeldeten Kinder werden zur Not-OGS-Gruppe abgeholt. Alle anderen Kinder m\u00fcssen das Schulgel\u00e4nde m\u00f6glichst z\u00fcgig verlassen <strong>(Bitte p\u00fcnktlich abholen!)<\/strong><\/p>\n\n\n\n<p>Die <strong><u>3. Klassen<\/u><\/strong> haben t\u00e4glich 5 Stunden Unterricht zwischen <strong>8.30 \u2013 13.15 Uhr<\/strong>. Sie kommen p\u00fcnktlich \u00fcber den <strong><u>unteren<\/u> Schulhof<\/strong>. Die Klassen sammeln sich in den Sammelbereichen. Um 13.15 Uhr ist Schulschluss und die gemeldeten Kinder werden zur Not-OGS-Gruppe abgeholt. Alle anderen Kinder m\u00fcssen das Schulgel\u00e4nde m\u00f6glichst z\u00fcgig verlassen <strong>(Bitte p\u00fcnktlich abholen!)<\/strong><\/p>\n\n\n\n<p>Die <strong><u>4. Klassen<\/u><\/strong> haben t\u00e4glich 5 Stunden Unterricht zwischen <strong>8.30 \u2013 13.15 Uhr<\/strong>. Sie kommen p\u00fcnktlich \u00fcber den <strong><u>oberen<\/u> Schulhof<\/strong> und betreten ihre Klassen durch die Zwischent\u00fcr. Um 13.15 Uhr ist Schulschluss und die gemeldeten Kinder werden zur Not-OGS-Gruppe abgeholt. Alle anderen Kinder m\u00fcssen das Schulgel\u00e4nde m\u00f6glichst z\u00fcgig verlassen <strong>(Bitte p\u00fcnktlich abholen!)<\/strong><\/p>\n\n\n\n<p>Es gibt KEINE Hausaufgaben. Die Klasse wird durch die Klassenlehrerin unterrichtet.<\/p>\n\n\n\n<p>Ab 7.50 Uhr wird auf jedem Schulhof eine Lehrkraft bis 8.30 Uhr Aufsicht f\u00fchren, so dass auch Dritt- und Viertkl\u00e4ssler, die fr\u00fcher kommen m\u00fcssen, versorgt sind. Diese Kinder sammeln sich oben vor dem Haupteingang und unten am Kletterger\u00fcst. Die Lehrkr\u00e4fte f\u00fchren ihre Klasse wie bisher in die R\u00e4ume oder auf den Schulhof.<\/p>\n\n\n\n<p><\/p>\n\n\n\n<p>Es gelten im gesamten Geb\u00e4ude zus\u00e4tzlich zur Abstandsregel noch spezielle Hygieneregeln, die in jeder Klasse und im Pavillon sichtbar aush\u00e4ngen:<\/p>\n\n\n\n<figure class=\"wp-block-image size-large\"><img loading=\"lazy\" decoding=\"async\" width=\"724\" height=\"1024\" src=\"https:\/\/gerlachschule-aachen.de\/wp-content\/uploads\/2020\/05\/Hygieneregeln-Gerlachschule-724x1024.jpg\" alt=\"\" class=\"wp-image-917\" srcset=\"https:\/\/gerlachschule-aachen.de\/wp-content\/uploads\/2020\/05\/Hygieneregeln-Gerlachschule-724x1024.jpg 724w, https:\/\/gerlachschule-aachen.de\/wp-content\/uploads\/2020\/05\/Hygieneregeln-Gerlachschule-212x300.jpg 212w, https:\/\/gerlachschule-aachen.de\/wp-content\/uploads\/2020\/05\/Hygieneregeln-Gerlachschule-768x1086.jpg 768w, https:\/\/gerlachschule-aachen.de\/wp-content\/uploads\/2020\/05\/Hygieneregeln-Gerlachschule-1086x1536.jpg 1086w, https:\/\/gerlachschule-aachen.de\/wp-content\/uploads\/2020\/05\/Hygieneregeln-Gerlachschule-1448x2048.jpg 1448w, https:\/\/gerlachschule-aachen.de\/wp-content\/uploads\/2020\/05\/Hygieneregeln-Gerlachschule-scaled.jpg 1810w\" sizes=\"auto, (max-width: 724px) 100vw, 724px\" \/><\/figure>\n","protected":false},"excerpt":{"rendered":"<p>Die 1. Klassen haben t\u00e4glich 4 Stunden Unterricht zwischen 8.00 \u2013 11.30 Uhr. Sie kommen p\u00fcnktlich \u00fcber den oberen Schulhof und betreten ihre Klassen durch die Zwischent\u00fcr. Die A-Klasse sammelt sich am Kletterger\u00fcst und die B-Klasse an der Wippe. Um 11.30 Uhr ist Schulschluss und die gemeldeten Kinder werden zur Not-OGS-Gruppe abgeholt. Alle anderen Kinder &hellip; <\/p>\n<p class=\"link-more\"><a href=\"https:\/\/gerlachschule-aachen.de\/index.php\/praesenzunterricht-und-praesenzbetreuung\/\" class=\"more-link\"><span class=\"screen-reader-text\">\u201eUnterricht ab dem 15.06.2020\u201c <\/span>weiterlesen<\/a><\/p>\n","protected":false},"author":1,"featured_media":0,"parent":0,"menu_order":0,"comment_status":"closed","ping_status":"closed","template":"","meta":{"footnotes":""},"class_list":["post-879","page","type-page","status-publish","hentry"],"_links":{"self":[{"href":"https:\/\/gerlachschule-aachen.de\/index.php\/wp-json\/wp\/v2\/pages\/879","targetHints":{"allow":["GET"]}}],"collection":[{"href":"https:\/\/gerlachschule-aachen.de\/index.php\/wp-json\/wp\/v2\/pages"}],"about":[{"href":"https:\/\/gerlachschule-aachen.de\/index.php\/wp-json\/wp\/v2\/types\/page"}],"author":[{"embeddable":true,"href":"https:\/\/gerlachschule-aachen.de\/index.php\/wp-json\/wp\/v2\/users\/1"}],"replies":[{"embeddable":true,"href":"https:\/\/gerlachschule-aachen.de\/index.php\/wp-json\/wp\/v2\/comments?post=879"}],"version-history":[{"count":7,"href":"https:\/\/gerlachschule-aachen.de\/index.php\/wp-json\/wp\/v2\/pages\/879\/revisions"}],"predecessor-version":[{"id":937,"href":"https:\/\/gerlachschule-aachen.de\/index.php\/wp-json\/wp\/v2\/pages\/879\/revisions\/937"}],"wp:attachment":[{"href":"https:\/\/gerlachschule-aachen.de\/index.php\/wp-json\/wp\/v2\/media?parent=879"}],"curies":[{"name":"wp","href":"https:\/\/api.w.org\/{rel}","templated":true}]}}